{"id":35012,"date":"2025-02-20T23:36:53","date_gmt":"2025-02-20T22:36:53","guid":{"rendered":"http:\/\/olemosaic.com\/producto\/4-bols-de-coco-de-13-x-6-cm-salamandra-tenerife-5\/"},"modified":"2025-07-25T20:23:32","modified_gmt":"2025-07-25T18:23:32","slug":"4-bols-en-noix-de-coco-de-13-x-6-cm-salamandre-tenerife-5","status":"publish","type":"product","link":"https:\/\/olemosaic.com\/fr\/produit\/4-bols-en-noix-de-coco-de-13-x-6-cm-salamandre-tenerife-5\/","title":{"rendered":"4 Bols en noix de coco de 13 x 6 cm. Salamandre. Tenerife. Canaries."},"content":{"rendered":"<p>Ensemble de 4 bols en noix de coco avec un design vibrant de Tenerife. Chaque bol mesure 13 cm de diam\u00e8tre et 6 cm de hauteur, id\u00e9al pour d\u00e9corer et servir avec une touche canarienne. Ce sont d&rsquo;authentiques pi\u00e8ces d&rsquo;artisanat, avec un effet peint \u00e0 la main et orn\u00e9es de couleurs vives comme le rouge, le bleu, l&rsquo;orange et le rose, qui refl\u00e8tent l&rsquo;\u00e9nergie et la chaleur du climat des Canaries. Au centre de chaque bol, une salamandre, symbole de l&rsquo;\u00eele, \u00e9voque la faune riche et vari\u00e9e de Tenerife. Le nom \u00ab\u00a0Tenerife\u00a0\u00bb se distingue dans un format \u00e9l\u00e9gant, compl\u00e9tant le design et conf\u00e9rant un caract\u00e8re distinctif \u00e0 chaque pi\u00e8ce.<\/p>\n<p>Cet ensemble de bols n&rsquo;est pas seulement fonctionnel, c&rsquo;est aussi un merveilleux souvenir culturel, parfait pour ceux qui souhaitent emporter un morceau des \u00eeles Canaries. La salamandre est un symbole de renouveau et de vitalit\u00e9 dans la culture canarienne, ce qui fait de ces bols un choix repr\u00e9sentatif pour n&rsquo;importe quel foyer. Chez Ol\u00e9 Mosaic, en tant que distributeurs de souvenirs en gros, nous proposons des produits qui c\u00e9l\u00e8brent l&rsquo;authenticit\u00e9 et le patrimoine local. Cet ensemble de bols en noix de coco est, sans aucun doute, une excellente id\u00e9e pour les touristes et les boutiques de cadeaux touristiques \u00e0 la recherche de souvenirs de Tenerife color\u00e9s et uniques qui parlent de la riche culture de l&rsquo;\u00eele.<\/p>\n","protected":false},"excerpt":{"rendered":"<p>Ensemble de 4 bols en noix de coco, chacun avec un design vibrant et color\u00e9 repr\u00e9sentant l&#8217;embl\u00e9matique salamandre, symbole de Tenerife. Avec un diam\u00e8tre de 13 cm et une hauteur de 6 cm, ces bols pr\u00e9sentent une finition artisanale, effet peint \u00e0 la main, orn\u00e9s de tons brillants rouge et bleu, orange et rose. Le motif de la salamandre est imprim\u00e9 au centre, compl\u00e9t\u00e9 par le nom \u00ab\u00a0Tenerife\u00a0\u00bb dans un format mis en avant, id\u00e9al pour donner une touche canarienne \u00e0 n&rsquo;importe quelle table ou d\u00e9coration.<\/p>\n","protected":false},"featured_media":12117,"template":"","meta":{"_acf_changed":false},"product_brand":[],"product_cat":[521],"product_tag":[530],"class_list":{"0":"post-35012","1":"product","2":"type-product","3":"status-publish","4":"has-post-thumbnail","6":"product_cat-bols","7":"product_tag-animaux","8":"pa_ciudad-tenerife","9":"pa_motivo-salamandres","10":"pa_pais-espana","12":"first","13":"instock","14":"shipping-taxable","15":"product-type-simple"},"acf":[],"_links":{"self":[{"href":"https:\/\/olemosaic.com\/fr\/wp-json\/wp\/v2\/product\/35012","targetHints":{"allow":["GET"]}}],"collection":[{"href":"https:\/\/olemosaic.com\/fr\/wp-json\/wp\/v2\/product"}],"about":[{"href":"https:\/\/olemosaic.com\/fr\/wp-json\/wp\/v2\/types\/product"}],"wp:featuredmedia":[{"embeddable":true,"href":"https:\/\/olemosaic.com\/fr\/wp-json\/wp\/v2\/media\/12117"}],"wp:attachment":[{"href":"https:\/\/olemosaic.com\/fr\/wp-json\/wp\/v2\/media?parent=35012"}],"wp:term":[{"taxonomy":"product_brand","embeddable":true,"href":"https:\/\/olemosaic.com\/fr\/wp-json\/wp\/v2\/product_brand?post=35012"},{"taxonomy":"product_cat","embeddable":true,"href":"https:\/\/olemosaic.com\/fr\/wp-json\/wp\/v2\/product_cat?post=35012"},{"taxonomy":"product_tag","embeddable":true,"href":"https:\/\/olemosaic.com\/fr\/wp-json\/wp\/v2\/product_tag?post=35012"}],"curies":[{"name":"wp","href":"https:\/\/api.w.org\/{rel}","templated":true}]}}