{"id":35011,"date":"2025-02-20T23:36:53","date_gmt":"2025-02-20T22:36:53","guid":{"rendered":"http:\/\/olemosaic.com\/producto\/salvamanteles-de-ceramica-salamandra-mallorca-2\/"},"modified":"2025-07-25T18:58:33","modified_gmt":"2025-07-25T16:58:33","slug":"dessous-de-plat-en-ceramique-salamandre-majorque-2","status":"publish","type":"product","link":"https:\/\/olemosaic.com\/fr\/produit\/dessous-de-plat-en-ceramique-salamandre-majorque-2\/","title":{"rendered":"Dessous de plat en c\u00e9ramique. Salamandre. \u00cele. Majorque."},"content":{"rendered":"<p>Dessous de plat en c\u00e9ramique d\u00e9cor\u00e9 de salamandres color\u00e9es, repr\u00e9sentant la riche faune de Majorque. Ce dessous de plat captivant int\u00e8gre un design vibrant et artistique, o\u00f9 les salamandres apparaissent dans des tons rouge, vert et bleu sur un fond blanc imitant une mosa\u00efque. Il est compl\u00e9t\u00e9 par des fleurs aux couleurs \u00e9clatantes qui ajoutent une touche de fra\u00eecheur. Chaque d\u00e9tail est soigneusement peint \u00e0 la main, ce qui fait de cet article une pi\u00e8ce unique et authentique \u00e9voquant l&rsquo;esprit du folklore majorquin.<\/p>\n<p>L&rsquo;utilisation de la salamandre dans la d\u00e9coration est un symbole repr\u00e9sentatif de la biodiversit\u00e9 qui caract\u00e9rise l&rsquo;\u00eele, faisant de ce dessous de plat un excellent rappel de la nature splendide de Majorque. Ce n&rsquo;est pas seulement un \u00e9l\u00e9ment fonctionnel parfait pour prot\u00e9ger la table, mais il agit \u00e9galement comme une pi\u00e8ce d\u00e9corative qui all\u00e8ge l&rsquo;ambiance de n&rsquo;importe quel espace, apportant une touche de style m\u00e9diterran\u00e9en.<\/p>\n<p>Chez Ol\u00e9 Mosaic, en tant que grossiste d&rsquo;articles en c\u00e9ramique, nous proposons ce dessous de plat comme un souvenir id\u00e9al pour les touristes qui souhaitent ramener un souvenir authentique et repr\u00e9sentatif de leur exp\u00e9rience \u00e0 Majorque. Il est parfait pour les boutiques de cadeaux touristiques, car nos produits garantissent qualit\u00e9 et originalit\u00e9, se d\u00e9marquant parmi les souvenirs en c\u00e9ramique traditionnels.<\/p>\n","protected":false},"excerpt":{"rendered":"<p>Dessous de plat en c\u00e9ramique d\u00e9cor\u00e9 de salamandres color\u00e9es, repr\u00e9sentant la riche faune de Majorque. Cet article pr\u00e9sente un design vibrant, avec des salamandres dans des tons rouge, vert et bleu sur un fond blanc simulant une mosa\u00efque, compl\u00e9t\u00e9 par des fleurs aux couleurs vives. Avec une finition artisanale, peint \u00e0 la main, ce dessous de plat est aussi pratique qu&rsquo;esth\u00e9tique, \u00e9voquant l&rsquo;essence du folklore majorquin. Id\u00e9al pour sublimer n&rsquo;importe quelle table.<\/p>\n","protected":false},"featured_media":8972,"template":"","meta":{"_acf_changed":false},"product_brand":[],"product_cat":[827],"product_tag":[530,585],"class_list":{"0":"post-35011","1":"product","2":"type-product","3":"status-publish","4":"has-post-thumbnail","6":"product_cat-dessous-de-plat","7":"product_tag-animaux","8":"product_tag-ceramique","9":"pa_ciudad-mallorca","10":"pa_motivo-salamandres","11":"pa_pais-espana","13":"first","14":"instock","15":"shipping-taxable","16":"product-type-simple"},"acf":[],"_links":{"self":[{"href":"https:\/\/olemosaic.com\/fr\/wp-json\/wp\/v2\/product\/35011","targetHints":{"allow":["GET"]}}],"collection":[{"href":"https:\/\/olemosaic.com\/fr\/wp-json\/wp\/v2\/product"}],"about":[{"href":"https:\/\/olemosaic.com\/fr\/wp-json\/wp\/v2\/types\/product"}],"wp:featuredmedia":[{"embeddable":true,"href":"https:\/\/olemosaic.com\/fr\/wp-json\/wp\/v2\/media\/8972"}],"wp:attachment":[{"href":"https:\/\/olemosaic.com\/fr\/wp-json\/wp\/v2\/media?parent=35011"}],"wp:term":[{"taxonomy":"product_brand","embeddable":true,"href":"https:\/\/olemosaic.com\/fr\/wp-json\/wp\/v2\/product_brand?post=35011"},{"taxonomy":"product_cat","embeddable":true,"href":"https:\/\/olemosaic.com\/fr\/wp-json\/wp\/v2\/product_cat?post=35011"},{"taxonomy":"product_tag","embeddable":true,"href":"https:\/\/olemosaic.com\/fr\/wp-json\/wp\/v2\/product_tag?post=35011"}],"curies":[{"name":"wp","href":"https:\/\/api.w.org\/{rel}","templated":true}]}}