{"id":35010,"date":"2025-02-20T22:36:53","date_gmt":"2025-02-20T22:36:53","guid":{"rendered":"http:\/\/olemosaic.com\/producto\/salvamanteles-de-ceramica-sevilla\/"},"modified":"2025-07-25T19:36:19","modified_gmt":"2025-07-25T17:36:19","slug":"dessous-de-plat-en-ceramique-seville","status":"publish","type":"product","link":"https:\/\/olemosaic.com\/fr\/produit\/dessous-de-plat-en-ceramique-seville\/","title":{"rendered":"Dessous de plat en c\u00e9ramique. S\u00e9ville."},"content":{"rendered":"<p>Dessous de plat en c\u00e9ramique de S\u00e9ville avec un design vibrant qui capture l&rsquo;essence de la ville. Ce dessous de plat exquis pr\u00e9sente une base en c\u00e9ramique d\u00e9cor\u00e9e d&rsquo;une mosa\u00efque color\u00e9e, o\u00f9 se distinguent des monuments embl\u00e9matiques tels que la majestueuse Giralda et la monumentale Plaza de Espa\u00f1a. Les teintes rouges, jaunes et bleues s&rsquo;entrelacent dans une repr\u00e9sentation artistique qui refl\u00e8te la richesse culturelle de S\u00e9ville, tandis que le slogan \u00ab\u00a0SEVILLA\u00a0\u00bb s&rsquo;affiche de mani\u00e8re frappante sur la partie sup\u00e9rieure, apportant une touche festive et accueillante \u00e0 son design.<\/p>\n<p>Ce dessous de plat n&rsquo;est pas seulement un accessoire fonctionnel qui prot\u00e8ge les surfaces des tables, mais aussi un \u00e9l\u00e9ment d\u00e9coratif \u00e9l\u00e9gant qui transforme n&rsquo;importe quel espace en un hommage \u00e0 la tradition andalouse. La c\u00e9ramique, mat\u00e9riau embl\u00e9matique de l&rsquo;artisanat espagnol, garantit sa durabilit\u00e9 et son authenticit\u00e9, faisant de cet objet un souvenir id\u00e9al pour ceux qui souhaitent emporter un souvenir tangible de S\u00e9ville.<\/p>\n<p>Chez Ol\u00e9 Mosaic, nous nous sp\u00e9cialisons dans la distribution de souvenirs en gros, et ce dessous de plat est une excellente option pour les boutiques de cadeaux touristiques qui cherchent \u00e0 offrir des produits authentiques et culturellement significatifs. Cet article est parfait pour les touristes qui cherchent \u00e0 pr\u00e9server leur exp\u00e9rience s\u00e9villane d&rsquo;une mani\u00e8re unique et color\u00e9e, en faisant un cadeau m\u00e9morable et repr\u00e9sentatif du riche patrimoine de la ville.<\/p>\n","protected":false},"excerpt":{"rendered":"<p>Dessous de plat en c\u00e9ramique avec un design vibrant inspir\u00e9 de S\u00e9ville, pr\u00e9sentant une repr\u00e9sentation color\u00e9e de ses monuments embl\u00e9matiques. Ce produit dispose d&rsquo;une base en c\u00e9ramique d\u00e9cor\u00e9e d&rsquo;une mosa\u00efque incluant des d\u00e9tails de la Giralda et de la Plaza de Espa\u00f1a, entour\u00e9s de tons rouges, jaunes et bleus. Le slogan \u00ab\u00a0SEVILLA\u00a0\u00bb est imprim\u00e9 de mani\u00e8re frappante, ajoutant une touche festive au design. Un accessoire id\u00e9al pour donner un air andalou \u00e0 n&rsquo;importe quelle table.<\/p>\n","protected":false},"featured_media":9942,"template":"","meta":{"_acf_changed":false},"product_brand":[],"product_cat":[827],"product_tag":[585],"class_list":{"0":"post-35010","1":"product","2":"type-product","3":"status-publish","4":"has-post-thumbnail","6":"product_cat-dessous-de-plat","7":"product_tag-ceramique","8":"pa_ciudad-sevilla","9":"pa_pais-espana","11":"first","12":"instock","13":"shipping-taxable","14":"product-type-simple"},"acf":[],"_links":{"self":[{"href":"https:\/\/olemosaic.com\/fr\/wp-json\/wp\/v2\/product\/35010","targetHints":{"allow":["GET"]}}],"collection":[{"href":"https:\/\/olemosaic.com\/fr\/wp-json\/wp\/v2\/product"}],"about":[{"href":"https:\/\/olemosaic.com\/fr\/wp-json\/wp\/v2\/types\/product"}],"wp:featuredmedia":[{"embeddable":true,"href":"https:\/\/olemosaic.com\/fr\/wp-json\/wp\/v2\/media\/9942"}],"wp:attachment":[{"href":"https:\/\/olemosaic.com\/fr\/wp-json\/wp\/v2\/media?parent=35010"}],"wp:term":[{"taxonomy":"product_brand","embeddable":true,"href":"https:\/\/olemosaic.com\/fr\/wp-json\/wp\/v2\/product_brand?post=35010"},{"taxonomy":"product_cat","embeddable":true,"href":"https:\/\/olemosaic.com\/fr\/wp-json\/wp\/v2\/product_cat?post=35010"},{"taxonomy":"product_tag","embeddable":true,"href":"https:\/\/olemosaic.com\/fr\/wp-json\/wp\/v2\/product_tag?post=35010"}],"curies":[{"name":"wp","href":"https:\/\/api.w.org\/{rel}","templated":true}]}}