{"id":35009,"date":"2025-02-20T23:36:52","date_gmt":"2025-02-20T22:36:52","guid":{"rendered":"http:\/\/olemosaic.com\/producto\/funda-de-telefono-para-samsung-a13-tpu-panoramica-barcelona-azul-2\/"},"modified":"2025-07-25T19:49:59","modified_gmt":"2025-07-25T17:49:59","slug":"coque-de-telephone-pour-samsung-a13-tpu-panoramique-barcelone-bleu-2","status":"publish","type":"product","link":"https:\/\/olemosaic.com\/fr\/produit\/coque-de-telephone-pour-samsung-a13-tpu-panoramique-barcelone-bleu-2\/","title":{"rendered":"Coque de t\u00e9l\u00e9phone pour Samsung A13 (TPU). Panoramique. Sagrada Familia. Barcelone. Bleu"},"content":{"rendered":"<p>Nous vous pr\u00e9sentons une coque pour le Samsung A13 qui capture l&rsquo;essence vibrante de Barcelone dans un design panoramique attrayant. Fabriqu\u00e9e en mat\u00e9riau TPU r\u00e9sistant, cette coque offre une haute protection \u00e0 votre appareil tout en arborant une illustration color\u00e9e comprenant l&rsquo;iconique Sagrada Familia, des palmiers luxuriants et un soleil brillant sur un fond bleu lumineux qui \u00e9voque le ciel m\u00e9diterran\u00e9en. Chaque d\u00e9tail est m\u00e9ticuleusement con\u00e7u pour refl\u00e9ter l&rsquo;\u00e9nergie et le style de vie catalans, avec une touche amusante qui fait de cette coque un accessoire indispensable pour tout amoureux de Barcelone.<\/p>\n<p>L&rsquo;\u0153uvre pr\u00e9sente la Sagrada Familia dans des tons chauds et frappants, soulignant son architecture unique, tandis que les palmiers ajoutent un air tropical, cr\u00e9ant un \u00e9quilibre parfait entre l&rsquo;urbain et le naturel. Cette coque ne prot\u00e8ge pas seulement votre t\u00e9l\u00e9phone, elle est aussi un rappel constant de l&rsquo;une des villes les plus vibrantes d&rsquo;Europe. En tant que souvenir, c&rsquo;est un excellent choix pour les touristes qui souhaitent ramener un morceau de la culture catalane chez eux. Chez Ol\u00e9 Mosaic, nous distribuons des souvenirs de haute qualit\u00e9, et cette coque est id\u00e9ale pour tous les types de boutiques de cadeaux touristiques recherchant des produits authentiques et repr\u00e9sentatifs de l&rsquo;h\u00e9ritage culturel de Barcelone.<\/p>\n","protected":false},"excerpt":{"rendered":"<p>Coque pour t\u00e9l\u00e9phone Samsung A13 en TPU, avec un design recr\u00e9ant une vue panoramique vibrante de Barcelone. Cette coque pr\u00e9sente un paysage plein de couleurs incluant l&#8217;embl\u00e9matique Sagrada Familia, des palmiers et un soleil radieux, le tout sur un fond bleu \u00e9voquant le ciel m\u00e9diterran\u00e9en. L&rsquo;illustration, amusante et color\u00e9e, est parfaite pour ceux qui souhaitent emporter un morceau de la culture catalane avec eux. Id\u00e9ale pour prot\u00e9ger votre appareil avec style.<\/p>\n","protected":false},"featured_media":12526,"template":"","meta":{"_acf_changed":false},"product_brand":[],"product_cat":[674],"product_tag":[],"class_list":{"0":"post-35009","1":"product","2":"type-product","3":"status-publish","4":"has-post-thumbnail","6":"product_cat-etuis-pour-telephones-portables","7":"pa_ciudad-barcelona","8":"pa_motivo-panoramas","9":"pa_pais-espana","11":"first","12":"instock","13":"shipping-taxable","14":"product-type-simple"},"acf":[],"_links":{"self":[{"href":"https:\/\/olemosaic.com\/fr\/wp-json\/wp\/v2\/product\/35009","targetHints":{"allow":["GET"]}}],"collection":[{"href":"https:\/\/olemosaic.com\/fr\/wp-json\/wp\/v2\/product"}],"about":[{"href":"https:\/\/olemosaic.com\/fr\/wp-json\/wp\/v2\/types\/product"}],"wp:featuredmedia":[{"embeddable":true,"href":"https:\/\/olemosaic.com\/fr\/wp-json\/wp\/v2\/media\/12526"}],"wp:attachment":[{"href":"https:\/\/olemosaic.com\/fr\/wp-json\/wp\/v2\/media?parent=35009"}],"wp:term":[{"taxonomy":"product_brand","embeddable":true,"href":"https:\/\/olemosaic.com\/fr\/wp-json\/wp\/v2\/product_brand?post=35009"},{"taxonomy":"product_cat","embeddable":true,"href":"https:\/\/olemosaic.com\/fr\/wp-json\/wp\/v2\/product_cat?post=35009"},{"taxonomy":"product_tag","embeddable":true,"href":"https:\/\/olemosaic.com\/fr\/wp-json\/wp\/v2\/product_tag?post=35009"}],"curies":[{"name":"wp","href":"https:\/\/api.w.org\/{rel}","templated":true}]}}