{"id":35003,"date":"2025-02-20T22:36:52","date_gmt":"2025-02-20T22:36:52","guid":{"rendered":"http:\/\/olemosaic.com\/producto\/funda-de-telefono-para-iphone-14-tpu-mariposa-mallorca-blanco\/"},"modified":"2025-07-25T18:53:16","modified_gmt":"2025-07-25T16:53:16","slug":"coque-de-telephone-pour-iphone-14-tpu-papillon-majorque-blanc","status":"publish","type":"product","link":"https:\/\/olemosaic.com\/fr\/produit\/coque-de-telephone-pour-iphone-14-tpu-papillon-majorque-blanc\/","title":{"rendered":"Coque de t\u00e9l\u00e9phone pour iPhone 14 (TPU). Papillon. Majorque. Blanc"},"content":{"rendered":"<p>Nous pr\u00e9sentons une coque pour iPhone 14, orn\u00e9e d&rsquo;un magnifique design de papillons color\u00e9s qui \u00e9voque l&rsquo;essence de Majorque. Fabriqu\u00e9e en TPU, ce produit allie fonctionnalit\u00e9 et esth\u00e9tique de mani\u00e8re exceptionnelle. Le fond blanc rehausse une mosa\u00efque vibrante dans les tons rouges et bleus, cr\u00e9ant un contraste attrayant qui attire l&rsquo;attention. Divers papillons, dans des couleurs vibrantes comme l&rsquo;orange, le bleu et le rose, pars\u00e8ment la surface, faisant de cette coque un accessoire unique qui refl\u00e8te la beaut\u00e9 naturelle de l&rsquo;\u00eele.<\/p>\n<p>La d\u00e9coration artistique de la coque ne prot\u00e8ge pas seulement votre appareil, mais agit \u00e9galement comme un \u00e9l\u00e9gant \u00e9l\u00e9ment d\u00e9coratif \u00e9voquant la chaleur et le charme de la M\u00e9diterran\u00e9e. Ce design est un hommage \u00e0 la faune locale et \u00e0 la riche tradition artistique de Majorque, o\u00f9 l&rsquo;art de la mosa\u00efque est tr\u00e8s appr\u00e9ci\u00e9. La coque transforme chaque t\u00e9l\u00e9phone en une pi\u00e8ce unique, id\u00e9ale pour ceux qui recherchent des souvenirs repr\u00e9sentatifs de cette r\u00e9gion paradisiaque.<\/p>\n<p>Chez Ol\u00e9 Mosaic, nous nous sp\u00e9cialisons dans la distribution de souvenirs en gros, offrant des produits authentiques qui mettent en valeur la culture espagnole. Cette coque de papillons est une excellente option pour les boutiques de cadeaux touristiques qui souhaitent proposer des articles de qualit\u00e9 avec une signification culturelle. En tant que grossistes de coques, nous garantissons l&rsquo;authenticit\u00e9 et le design de chaque pi\u00e8ce, faisant de ce produit un souvenir id\u00e9al pour les visiteurs de Majorque.<\/p>\n","protected":false},"excerpt":{"rendered":"<p>Nous pr\u00e9sentons une coque pour iPhone 14 fabriqu\u00e9e en TPU, d\u00e9cor\u00e9e de papillons color\u00e9s \u00e9voquant la beaut\u00e9 de Majorque. Le design se distingue par son fond blanc avec un motif de mosa\u00efque brillant dans les tons rouges et bleus, et des papillons aux couleurs vibrantes comme l&rsquo;orange, le bleu et le rose, apportant une touche artistique et joyeuse. Cette coque ne prot\u00e8ge pas seulement votre appareil, elle est aussi un \u00e9l\u00e9ment d\u00e9coratif attrayant qui refl\u00e8te le charme m\u00e9diterran\u00e9en.<\/p>\n","protected":false},"featured_media":12956,"template":"","meta":{"_acf_changed":false},"product_brand":[],"product_cat":[674],"product_tag":[530],"class_list":{"0":"post-35003","1":"product","2":"type-product","3":"status-publish","4":"has-post-thumbnail","6":"product_cat-etuis-pour-telephones-portables","7":"product_tag-animaux","8":"pa_ciudad-mallorca","9":"pa_motivo-papillons","10":"pa_pais-espana","12":"first","13":"instock","14":"shipping-taxable","15":"product-type-simple"},"acf":[],"_links":{"self":[{"href":"https:\/\/olemosaic.com\/fr\/wp-json\/wp\/v2\/product\/35003","targetHints":{"allow":["GET"]}}],"collection":[{"href":"https:\/\/olemosaic.com\/fr\/wp-json\/wp\/v2\/product"}],"about":[{"href":"https:\/\/olemosaic.com\/fr\/wp-json\/wp\/v2\/types\/product"}],"wp:featuredmedia":[{"embeddable":true,"href":"https:\/\/olemosaic.com\/fr\/wp-json\/wp\/v2\/media\/12956"}],"wp:attachment":[{"href":"https:\/\/olemosaic.com\/fr\/wp-json\/wp\/v2\/media?parent=35003"}],"wp:term":[{"taxonomy":"product_brand","embeddable":true,"href":"https:\/\/olemosaic.com\/fr\/wp-json\/wp\/v2\/product_brand?post=35003"},{"taxonomy":"product_cat","embeddable":true,"href":"https:\/\/olemosaic.com\/fr\/wp-json\/wp\/v2\/product_cat?post=35003"},{"taxonomy":"product_tag","embeddable":true,"href":"https:\/\/olemosaic.com\/fr\/wp-json\/wp\/v2\/product_tag?post=35003"}],"curies":[{"name":"wp","href":"https:\/\/api.w.org\/{rel}","templated":true}]}}