{"id":35000,"date":"2025-02-20T23:36:52","date_gmt":"2025-02-20T22:36:52","guid":{"rendered":"http:\/\/olemosaic.com\/producto\/saleros-de-ceramica-barcelona-azul\/"},"modified":"2025-07-25T18:40:32","modified_gmt":"2025-07-25T16:40:32","slug":"salieres-en-ceramique-barcelone-bleu","status":"publish","type":"product","link":"https:\/\/olemosaic.com\/fr\/produit\/salieres-en-ceramique-barcelone-bleu\/","title":{"rendered":"Sali\u00e8res en c\u00e9ramique. Barcelone. Bleu."},"content":{"rendered":"<p>Nous vous pr\u00e9sentons nos sali\u00e8res en c\u00e9ramique inspir\u00e9es par la vibrante Barcelone, une pi\u00e8ce id\u00e9ale pour ceux qui souhaitent se souvenir de l&rsquo;essence de cette ville embl\u00e9matique. Chaque sali\u00e8re arbore un design color\u00e9 qui \u00e9voque la ma\u00eetrise de l&rsquo;architecture moderniste, mettant en avant des \u00e9l\u00e9ments iconiques tels que l&rsquo;impressionnante Sagrada Familia et la singuli\u00e8re Casa Batll\u00f3. Avec un fond bleu rappelant la technique du trencad\u00eds, cette c\u00e9ramique n&rsquo;est pas seulement fonctionnelle, mais aussi un objet d\u00e9coratif extraordinaire qui apportera une touche artistique \u00e0 n&rsquo;importe quelle table.<\/p>\n<p>Les sali\u00e8res sont fabriqu\u00e9es avec une c\u00e9ramique de haute qualit\u00e9, garantissant durabilit\u00e9 et une finition lumineuse qui fait ressortir les couleurs vives de l&rsquo;art catalan. L&rsquo;illustration est un festin visuel, avec des d\u00e9tails m\u00e9ticuleusement repr\u00e9sent\u00e9s qui capturent la magnificence du paysage urbain de Barcelone. C&rsquo;est un souvenir parfait qui connecte avec le riche h\u00e9ritage culturel catalan et la singularit\u00e9 de son patrimoine architectural.<\/p>\n<p>Chez Ol\u00e9 Mosaic, nous nous sp\u00e9cialisons dans la distribution de souvenirs en gros, offrant des articles authentiques qui c\u00e9l\u00e8brent la diversit\u00e9 culturelle de l&rsquo;Espagne. Ces sali\u00e8res sont une excellente option pour les boutiques de cadeaux touristiques qui souhaitent offrir \u00e0 leurs clients un souvenir significatif et repr\u00e9sentatif de Barcelone. En tant que grossistes de souvenirs, nous garantissons la qualit\u00e9 et l&rsquo;authenticit\u00e9 de chaque produit, faisant de ces sali\u00e8res un choix id\u00e9al pour tous ceux qui veulent emporter un morceau de la beaut\u00e9 barcelonaise.<\/p>\n","protected":false},"excerpt":{"rendered":"<p>Sali\u00e8res en c\u00e9ramique inspir\u00e9es par la ville vibrante de Barcelone. Chaque sali\u00e8re pr\u00e9sente des designs color\u00e9s \u00e9voquant l&rsquo;architecture moderniste d&rsquo;Antoni Gaud\u00ed, avec des d\u00e9tails de la Sagrada Familia et de la Casa Batll\u00f3. Avec un fond bleu qui rehausse la technique du trencad\u00eds, ces sali\u00e8res sont fonctionnelles et d\u00e9coratives, parfaites pour ajouter une touche artistique \u00e0 n&rsquo;importe quelle table. Un souvenir id\u00e9al de la riche culture catalane.<\/p>\n","protected":false},"featured_media":12100,"template":"","meta":{"_acf_changed":false},"product_brand":[],"product_cat":[817],"product_tag":[585],"class_list":{"0":"post-35000","1":"product","2":"type-product","3":"status-publish","4":"has-post-thumbnail","6":"product_cat-salieres","7":"product_tag-ceramique","8":"pa_ciudad-barcelona","9":"pa_pais-espana","11":"first","12":"instock","13":"shipping-taxable","14":"product-type-simple"},"acf":[],"_links":{"self":[{"href":"https:\/\/olemosaic.com\/fr\/wp-json\/wp\/v2\/product\/35000","targetHints":{"allow":["GET"]}}],"collection":[{"href":"https:\/\/olemosaic.com\/fr\/wp-json\/wp\/v2\/product"}],"about":[{"href":"https:\/\/olemosaic.com\/fr\/wp-json\/wp\/v2\/types\/product"}],"wp:featuredmedia":[{"embeddable":true,"href":"https:\/\/olemosaic.com\/fr\/wp-json\/wp\/v2\/media\/12100"}],"wp:attachment":[{"href":"https:\/\/olemosaic.com\/fr\/wp-json\/wp\/v2\/media?parent=35000"}],"wp:term":[{"taxonomy":"product_brand","embeddable":true,"href":"https:\/\/olemosaic.com\/fr\/wp-json\/wp\/v2\/product_brand?post=35000"},{"taxonomy":"product_cat","embeddable":true,"href":"https:\/\/olemosaic.com\/fr\/wp-json\/wp\/v2\/product_cat?post=35000"},{"taxonomy":"product_tag","embeddable":true,"href":"https:\/\/olemosaic.com\/fr\/wp-json\/wp\/v2\/product_tag?post=35000"}],"curies":[{"name":"wp","href":"https:\/\/api.w.org\/{rel}","templated":true}]}}