{"id":34996,"date":"2025-02-20T22:36:51","date_gmt":"2025-02-20T22:36:51","guid":{"rendered":"http:\/\/olemosaic.com\/producto\/bol-de-coco-beige-mariposa\/"},"modified":"2025-07-25T19:40:50","modified_gmt":"2025-07-25T17:40:50","slug":"bol-en-noix-de-coco-beige-papillon","status":"publish","type":"product","link":"https:\/\/olemosaic.com\/fr\/produit\/bol-en-noix-de-coco-beige-papillon\/","title":{"rendered":"Bol en noix de coco beige. Papillon."},"content":{"rendered":"<p>Nous pr\u00e9sentons notre \u00e9l\u00e9gant bol en noix de coco dans les tons beiges, une pi\u00e8ce unique qui fusionne la beaut\u00e9 naturelle avec un design moderne et sophistiqu\u00e9. Ce bol, fabriqu\u00e9 \u00e0 partir d&rsquo;une coque de noix de coco de haute qualit\u00e9, met en valeur ses textures organiques tout en garantissant sa r\u00e9sistance et sa durabilit\u00e9. Sa finition naturelle dans les tons beiges offre une base parfaite pour n&rsquo;importe quel environnement, tandis que le d\u00e9licat papillon, repr\u00e9sent\u00e9 dans un ton rouge doux, apporte un contraste surprenant et une touche d&rsquo;\u00e9l\u00e9gance.<\/p>\n<p>Le design du papillon, soigneusement peint, symbolise la transformation et la libert\u00e9, un motif qui r\u00e9sonne profond\u00e9ment avec la culture m\u00e9diterran\u00e9enne et son appr\u00e9ciation de la nature. Id\u00e9al non seulement pour servir des ap\u00e9ritifs, ce bol peut \u00e9galement \u00eatre utilis\u00e9 comme pi\u00e8ce d\u00e9corative qui rehausse n&rsquo;importe quel espace, de la salle \u00e0 manger au salon. Les souvenirs de ce type sont parfaits pour ceux qui souhaitent emporter un petit morceau de l&rsquo;h\u00e9ritage culturel m\u00e9diterran\u00e9en chez eux.<\/p>\n<p>Chez Ol\u00e9 Mosaic, nous nous consacrons \u00e0 la distribution de souvenirs en gros et nous pensons que ce bol en noix de coco est un choix optimal pour les boutiques de cadeaux touristiques \u00e0 la recherche d&rsquo;articles authentiques et esth\u00e9tiquement attrayants. Sa pertinence culturelle et son design exquis garantissent que chaque client repart avec un souvenir significatif et repr\u00e9sentatif de sa visite.<\/p>\n","protected":false},"excerpt":{"rendered":"<p>Bol en noix de coco dans les tons beiges, d\u00e9cor\u00e9 d&rsquo;un \u00e9l\u00e9gant motif de papillon. Ce bol attrayant combine des \u00e9l\u00e9ments naturels et une esth\u00e9tique moderne, id\u00e9al pour servir des ap\u00e9ritifs ou comme pi\u00e8ce d\u00e9corative. Sa structure est \u00e9labor\u00e9e en noix de coco, avec une finition qui souligne les textures et les couleurs du mat\u00e9riau, tandis que le papillon, repr\u00e9sent\u00e9 dans un ton rouge doux, ajoute une touche distinctive et culturelle. Parfait pour compl\u00e9ter n&rsquo;importe quel int\u00e9rieur avec un style naturel et sophistiqu\u00e9.<\/p>\n","protected":false},"featured_media":13504,"template":"","meta":{"_acf_changed":false},"product_brand":[],"product_cat":[521],"product_tag":[530],"class_list":{"0":"post-34996","1":"product","2":"type-product","3":"status-publish","4":"has-post-thumbnail","6":"product_cat-bols","7":"product_tag-animaux","8":"pa_motivo-papillons","10":"first","11":"instock","12":"shipping-taxable","13":"product-type-simple"},"acf":[],"_links":{"self":[{"href":"https:\/\/olemosaic.com\/fr\/wp-json\/wp\/v2\/product\/34996","targetHints":{"allow":["GET"]}}],"collection":[{"href":"https:\/\/olemosaic.com\/fr\/wp-json\/wp\/v2\/product"}],"about":[{"href":"https:\/\/olemosaic.com\/fr\/wp-json\/wp\/v2\/types\/product"}],"wp:featuredmedia":[{"embeddable":true,"href":"https:\/\/olemosaic.com\/fr\/wp-json\/wp\/v2\/media\/13504"}],"wp:attachment":[{"href":"https:\/\/olemosaic.com\/fr\/wp-json\/wp\/v2\/media?parent=34996"}],"wp:term":[{"taxonomy":"product_brand","embeddable":true,"href":"https:\/\/olemosaic.com\/fr\/wp-json\/wp\/v2\/product_brand?post=34996"},{"taxonomy":"product_cat","embeddable":true,"href":"https:\/\/olemosaic.com\/fr\/wp-json\/wp\/v2\/product_cat?post=34996"},{"taxonomy":"product_tag","embeddable":true,"href":"https:\/\/olemosaic.com\/fr\/wp-json\/wp\/v2\/product_tag?post=34996"}],"curies":[{"name":"wp","href":"https:\/\/api.w.org\/{rel}","templated":true}]}}