{"id":34988,"date":"2025-02-20T23:36:51","date_gmt":"2025-02-20T22:36:51","guid":{"rendered":"http:\/\/olemosaic.com\/producto\/jarra-de-ceramica-bailaora-beige\/"},"modified":"2025-07-25T20:00:19","modified_gmt":"2025-07-25T18:00:19","slug":"cruche-en-ceramique-danseuse-flamenco-beige","status":"publish","type":"product","link":"https:\/\/olemosaic.com\/fr\/produit\/cruche-en-ceramique-danseuse-flamenco-beige\/","title":{"rendered":"Cruche en c\u00e9ramique. Danseuse de flamenco. Beige."},"content":{"rendered":"<p>Nous vous pr\u00e9sentons notre cruche en c\u00e9ramique \u00e0 l&rsquo;effet peint \u00e0 la main, un v\u00e9ritable hommage \u00e0 la riche culture espagnole avec un design vibrant qui capture l&rsquo;essence du flamenco. Cette pi\u00e8ce d\u00e9corative, \u00e9labor\u00e9e en c\u00e9ramique de haute qualit\u00e9, se distingue par sa couleur beige doux, qui sert de toile id\u00e9ale pour l&rsquo;illustration dynamique d&rsquo;une danseuse de flamenco, v\u00eatue d&rsquo;un costume color\u00e9 \u00e9voquant la tradition andalouse. La danseuse, repr\u00e9sent\u00e9e dans un mouvement majestueux, est entour\u00e9e de magnifiques fleurs d&rsquo;\u0153illet, qui apportent une touche romantique et vibrante au design. Sur la partie sup\u00e9rieure de la cruche, le mot \u00ab\u00a0ESPA\u00d1A\u00a0\u00bb appara\u00eet avec un trait \u00e9l\u00e9gant, soulignant son identit\u00e9 nationale en tant que souvenir repr\u00e9sentatif.<\/p>\n<p>Cet article ne remplit pas seulement une fonction pratique, mais c&rsquo;est aussi une pi\u00e8ce d\u00e9corative qui ajoute une touche d&rsquo;art et de culture \u00e0 n&rsquo;importe quel foyer. Id\u00e9ale pour ceux qui recherchent des souvenirs d&rsquo;Espagne, cette cruche en c\u00e9ramique est parfaite pour se rem\u00e9morer les moments sp\u00e9ciaux de leur visite. De plus, sa qualit\u00e9 artisanale en fait une excellente option pour les boutiques d\u00e9di\u00e9es \u00e0 la vente de souvenirs en gros. Chez Ol\u00e9 Mosaic, nous sommes fiers de proposer des produits authentiques, et cette cruche est le cadeau parfait pour ceux qui souhaitent emporter un petit morceau de la riche histoire et du folklore exub\u00e9rant de l&rsquo;Espagne. Attirez vos clients avec cette magnifique cruche en c\u00e9ramique, un v\u00e9ritable symbole de la tradition culturelle de l&rsquo;Espagne et une authentique \u0153uvre d&rsquo;art dans chaque foyer.<\/p>\n","protected":false},"excerpt":{"rendered":"<p>Cruche en c\u00e9ramique au design artisanal, peinte \u00e0 la main, d\u00e9cor\u00e9e d&rsquo;une illustration vibrante d&rsquo;une danseuse de flamenco qui \u00e9voque l&rsquo;esprit de l&rsquo;Espagne. Son design comprend des couleurs vives comme le rouge et le jaune, avec des d\u00e9tails floraux tels que des \u0153illets et le mot \u00ab\u00a0ESPA\u00d1A\u00a0\u00bb sur le bord. Cette pi\u00e8ce, de ton beige, allie fonctionnalit\u00e9 et art, ce qui en fait un excellent souvenir ou \u00e9l\u00e9ment d\u00e9coratif pour n&rsquo;importe quel foyer.<\/p>\n","protected":false},"featured_media":7284,"template":"","meta":{"_acf_changed":false},"product_brand":[],"product_cat":[632],"product_tag":[585],"class_list":{"0":"post-34988","1":"product","2":"type-product","3":"status-publish","4":"has-post-thumbnail","6":"product_cat-jugs","7":"product_tag-ceramique","8":"pa_motivo-danseurs","10":"first","11":"instock","12":"shipping-taxable","13":"product-type-simple"},"acf":[],"_links":{"self":[{"href":"https:\/\/olemosaic.com\/fr\/wp-json\/wp\/v2\/product\/34988","targetHints":{"allow":["GET"]}}],"collection":[{"href":"https:\/\/olemosaic.com\/fr\/wp-json\/wp\/v2\/product"}],"about":[{"href":"https:\/\/olemosaic.com\/fr\/wp-json\/wp\/v2\/types\/product"}],"wp:featuredmedia":[{"embeddable":true,"href":"https:\/\/olemosaic.com\/fr\/wp-json\/wp\/v2\/media\/7284"}],"wp:attachment":[{"href":"https:\/\/olemosaic.com\/fr\/wp-json\/wp\/v2\/media?parent=34988"}],"wp:term":[{"taxonomy":"product_brand","embeddable":true,"href":"https:\/\/olemosaic.com\/fr\/wp-json\/wp\/v2\/product_brand?post=34988"},{"taxonomy":"product_cat","embeddable":true,"href":"https:\/\/olemosaic.com\/fr\/wp-json\/wp\/v2\/product_cat?post=34988"},{"taxonomy":"product_tag","embeddable":true,"href":"https:\/\/olemosaic.com\/fr\/wp-json\/wp\/v2\/product_tag?post=34988"}],"curies":[{"name":"wp","href":"https:\/\/api.w.org\/{rel}","templated":true}]}}