{"id":34987,"date":"2025-02-20T23:36:50","date_gmt":"2025-02-20T22:36:50","guid":{"rendered":"http:\/\/olemosaic.com\/producto\/taza-de-ceramica-caballito-de-mar-beige\/"},"modified":"2025-07-25T20:09:03","modified_gmt":"2025-07-25T18:09:03","slug":"mug-en-ceramique-hippocampe-beige-fr","status":"publish","type":"product","link":"https:\/\/olemosaic.com\/fr\/produit\/mug-en-ceramique-hippocampe-beige-fr\/","title":{"rendered":"Mug en c\u00e9ramique. Hippocampe. Beige."},"content":{"rendered":"<p>Nous pr\u00e9sentons notre charmant mug en c\u00e9ramique au design d&rsquo;hippocampes, une pi\u00e8ce id\u00e9ale pour ceux qui aiment la mer et sa fascinante vie marine. Ce mug, avec sa base beige doux, offre une toile de fond parfaite pour les hippocampes vibrants, d\u00e9cor\u00e9s d&rsquo;une combinaison exquise de tons bleus et rouges. Chaque pi\u00e8ce semble \u00eatre peinte \u00e0 la main, ce qui permet aux d\u00e9tails et aux textures de souligner l&rsquo;\u00e9l\u00e9gance de ces cr\u00e9atures marines, \u00e9voquant la beaut\u00e9 des fonds oc\u00e9aniques. Le mug comprend une anse de couleur contrast\u00e9e qui, en plus d&rsquo;\u00eatre pratique, ajoute une touche amusante. De plus, il est accompagn\u00e9 d&rsquo;une cuill\u00e8re assortie qui le rend encore plus fonctionnel et attrayant, parfait pour savourer vos boissons pr\u00e9f\u00e9r\u00e9es, du caf\u00e9 aux infusions, tout en ajoutant une touche marine \u00e0 votre table. Ce souvenir repr\u00e9sente la riche connexion culturelle avec les c\u00f4tes m\u00e9diterran\u00e9ennes, o\u00f9 les hippocampes sont un symbole de tranquillit\u00e9 et de beaut\u00e9 de l&rsquo;oc\u00e9an. Chez Ol\u00e9 Mosaic, nous nous consacrons \u00e0 la distribution de souvenirs en gros, et ce mug d&rsquo;hippocampes est une option id\u00e9ale pour les boutiques de cadeaux touristiques \u00e0 la recherche de produits authentiques et repr\u00e9sentatifs. Ne manquez pas l&rsquo;occasion d&rsquo;offrir \u00e0 vos clients un morceau de mer \u00e0 chaque gorg\u00e9e.<\/p>\n","protected":false},"excerpt":{"rendered":"<p>Mug en c\u00e9ramique au design d&rsquo;hippocampes, id\u00e9al pour les amoureux de la mer et de la vie marine. Ce charmant mug pr\u00e9sente une base beige d\u00e9cor\u00e9e d&rsquo;hippocampes dans des tons vibrants de bleu et de rouge, avec un style de design artisanal, peint \u00e0 la main, qui souligne les d\u00e9tails et les textures. Comprend une anse de couleur contrast\u00e9e et une cuill\u00e8re assortie, parfaite pour savourer vos boissons pr\u00e9f\u00e9r\u00e9es et donner une touche marine \u00e0 votre table.<\/p>\n","protected":false},"featured_media":6940,"template":"","meta":{"_acf_changed":false},"product_brand":[],"product_cat":[822],"product_tag":[530,585],"class_list":{"0":"post-34987","1":"product","2":"type-product","3":"status-publish","4":"has-post-thumbnail","6":"product_cat-mugs-fr","7":"product_tag-animaux","8":"product_tag-ceramique","9":"pa_motivo-hippocampes","11":"first","12":"instock","13":"shipping-taxable","14":"product-type-simple"},"acf":[],"_links":{"self":[{"href":"https:\/\/olemosaic.com\/fr\/wp-json\/wp\/v2\/product\/34987","targetHints":{"allow":["GET"]}}],"collection":[{"href":"https:\/\/olemosaic.com\/fr\/wp-json\/wp\/v2\/product"}],"about":[{"href":"https:\/\/olemosaic.com\/fr\/wp-json\/wp\/v2\/types\/product"}],"wp:featuredmedia":[{"embeddable":true,"href":"https:\/\/olemosaic.com\/fr\/wp-json\/wp\/v2\/media\/6940"}],"wp:attachment":[{"href":"https:\/\/olemosaic.com\/fr\/wp-json\/wp\/v2\/media?parent=34987"}],"wp:term":[{"taxonomy":"product_brand","embeddable":true,"href":"https:\/\/olemosaic.com\/fr\/wp-json\/wp\/v2\/product_brand?post=34987"},{"taxonomy":"product_cat","embeddable":true,"href":"https:\/\/olemosaic.com\/fr\/wp-json\/wp\/v2\/product_cat?post=34987"},{"taxonomy":"product_tag","embeddable":true,"href":"https:\/\/olemosaic.com\/fr\/wp-json\/wp\/v2\/product_tag?post=34987"}],"curies":[{"name":"wp","href":"https:\/\/api.w.org\/{rel}","templated":true}]}}