{"id":34986,"date":"2025-02-20T22:36:50","date_gmt":"2025-02-20T22:36:50","guid":{"rendered":"http:\/\/olemosaic.com\/producto\/bola-de-navidad-con-caja-gato\/"},"modified":"2025-07-25T19:36:54","modified_gmt":"2025-07-25T17:36:54","slug":"boule-de-noel-avec-boite-chat","status":"publish","type":"product","link":"https:\/\/olemosaic.com\/fr\/produit\/boule-de-noel-avec-boite-chat\/","title":{"rendered":"Boule de No\u00ebl avec bo\u00eete. Chat."},"content":{"rendered":"<p>Nous vous pr\u00e9sentons notre boule de No\u00ebl d\u00e9corative en verre, inspir\u00e9e par le magnifique art de la mosa\u00efque de Gaud\u00ed. Cette pi\u00e8ce ne se contentera pas d&#8217;embellir votre sapin de No\u00ebl, elle \u00e9voquera \u00e9galement l&rsquo;essence vibrante de Barcelone. La boule pr\u00e9sente dans son design deux chats stylis\u00e9s, chacun d\u00e9cor\u00e9 d&rsquo;une combinaison exub\u00e9rante de couleurs rappelant la c\u00e9ramique du c\u00e9l\u00e8bre architecte. La base de la boule est orn\u00e9e de motifs g\u00e9om\u00e9triques et de couleurs \u00e9clatantes, qui apportent un air festif et joyeux, en faisant le cadeau parfait pour les amateurs de d\u00e9coration de No\u00ebl et d&rsquo;art espagnol.<\/p>\n<p>La boule comprend un ruban rouge distinctif qui facilite son exposition, en faisant un ornement \u00e9l\u00e9gant et attrayant pour n&rsquo;importe quel foyer pendant la saison de No\u00ebl. De plus, elle est pr\u00e9sent\u00e9e dans une bo\u00eete \u00e9l\u00e9gante, id\u00e9ale pour offrir ou conserver. Ce souvenir de Barcelone ne se distingue pas seulement par son esth\u00e9tique, mais il encapsule \u00e9galement l&rsquo;authenticit\u00e9 culturelle de la r\u00e9gion, servant de magnifique souvenir des merveilles de la ville. Chez Ol\u00e9 Mosaic, notre engagement est d&rsquo;offrir des produits qui refl\u00e8tent la richesse du patrimoine espagnol, et cette boule de No\u00ebl est une excellente option pour les boutiques de cadeaux touristiques \u00e0 la recherche d&rsquo;articles uniques et significatifs. En tant que grossistes de souvenirs, nous garantissons la qualit\u00e9 et le design de chacun de nos produits.<\/p>\n","protected":false},"excerpt":{"rendered":"<p>Boule de No\u00ebl d\u00e9corative en verre avec bo\u00eete, inspir\u00e9e de l&rsquo;art de la mosa\u00efque de Gaud\u00ed. Elle pr\u00e9sente un design vibrant avec deux chats entour\u00e9s d&rsquo;une base de couleurs \u00e9clatantes et de motifs g\u00e9om\u00e9triques, \u00e9voquant la c\u00e9ramique color\u00e9e de Barcelone. La boule est orn\u00e9e d&rsquo;un ruban rouge pour faciliter sa mise en place. Un cadeau parfait pour les amateurs de d\u00e9coration de No\u00ebl et d&rsquo;art espagnol, qui ajoute une touche artistique \u00e0 n&rsquo;importe quel sapin de No\u00ebl.<\/p>\n","protected":false},"featured_media":9745,"template":"","meta":{"_acf_changed":false},"product_brand":[],"product_cat":[659],"product_tag":[530,646],"class_list":{"0":"post-34986","1":"product","2":"type-product","3":"status-publish","4":"has-post-thumbnail","6":"product_cat-boules-de-noel","7":"product_tag-animaux","8":"product_tag-noel","9":"pa_motivo-chats","11":"first","12":"instock","13":"shipping-taxable","14":"product-type-simple"},"acf":[],"_links":{"self":[{"href":"https:\/\/olemosaic.com\/fr\/wp-json\/wp\/v2\/product\/34986","targetHints":{"allow":["GET"]}}],"collection":[{"href":"https:\/\/olemosaic.com\/fr\/wp-json\/wp\/v2\/product"}],"about":[{"href":"https:\/\/olemosaic.com\/fr\/wp-json\/wp\/v2\/types\/product"}],"wp:featuredmedia":[{"embeddable":true,"href":"https:\/\/olemosaic.com\/fr\/wp-json\/wp\/v2\/media\/9745"}],"wp:attachment":[{"href":"https:\/\/olemosaic.com\/fr\/wp-json\/wp\/v2\/media?parent=34986"}],"wp:term":[{"taxonomy":"product_brand","embeddable":true,"href":"https:\/\/olemosaic.com\/fr\/wp-json\/wp\/v2\/product_brand?post=34986"},{"taxonomy":"product_cat","embeddable":true,"href":"https:\/\/olemosaic.com\/fr\/wp-json\/wp\/v2\/product_cat?post=34986"},{"taxonomy":"product_tag","embeddable":true,"href":"https:\/\/olemosaic.com\/fr\/wp-json\/wp\/v2\/product_tag?post=34986"}],"curies":[{"name":"wp","href":"https:\/\/api.w.org\/{rel}","templated":true}]}}