{"id":34953,"date":"2025-02-20T23:36:50","date_gmt":"2025-02-20T22:36:50","guid":{"rendered":"http:\/\/olemosaic.com\/producto\/taza-de-ceramica-salamandra-menorca-beige\/"},"modified":"2025-07-25T19:49:46","modified_gmt":"2025-07-25T17:49:46","slug":"mug-en-ceramique-salamandre-minorque-beige-fr","status":"publish","type":"product","link":"https:\/\/olemosaic.com\/fr\/produit\/mug-en-ceramique-salamandre-minorque-beige-fr\/","title":{"rendered":"Mug en c\u00e9ramique. Salamandre. Minorque. Beige."},"content":{"rendered":"<p>Nous vous pr\u00e9sentons le Mug en C\u00e9ramique de Minorque, un souvenir exceptionnel inspir\u00e9 par la faune vibrante de cette spectaculaire \u00eele des Bal\u00e9ares. Chaque mug se distingue par son design exclusif, orn\u00e9 d&rsquo;illustrations de salamandres color\u00e9es sur un charmant fond beige, \u00e9voquant la beaut\u00e9 naturelle et la riche biodiversit\u00e9 de Minorque. Fabriqu\u00e9 en c\u00e9ramique artisanale, ce produit est non seulement visuellement attrayant, mais aussi fonctionnel, devenant le compagnon id\u00e9al pour savourer vos boissons pr\u00e9f\u00e9r\u00e9es. Le magnifique d\u00e9tail peint \u00e0 la main souligne des motifs floraux qui ajoutent une touche unique et \u00e9l\u00e9gante, garantissant que chaque mug est une v\u00e9ritable \u0153uvre d&rsquo;art.<\/p>\n<p>L&rsquo;anse pratique de ce mug est compl\u00e9t\u00e9e par une cuill\u00e8re de la m\u00eame couleur, vous permettant de d\u00e9guster vos infusions ou caf\u00e9s avec un style distinctif. Le lien culturel de ce mug r\u00e9side dans son reflet de l&rsquo;essence de Minorque, o\u00f9 la nature et la tradition s&rsquo;unissent, en faisant un souvenir repr\u00e9sentatif qui \u00e9voque les paysages et la faune locale.<\/p>\n<p>Chez Ol\u00e9 Mosaic, nous nous sp\u00e9cialisons dans la distribution de souvenirs en gros, et ce mug en c\u00e9ramique est un choix parfait pour les boutiques de cadeaux touristiques cherchant \u00e0 proposer des produits authentiques et culturellement pertinents. Avec son design attrayant et sa repr\u00e9sentation de la faune de Minorque, ce mug se positionne comme un excellent souvenir pour les touristes souhaitant emporter avec eux un morceau de l&rsquo;\u00eele.<\/p>\n","protected":false},"excerpt":{"rendered":"<p>Mug en c\u00e9ramique au design exclusif inspir\u00e9 de la faune de Minorque, d\u00e9cor\u00e9 d&rsquo;illustrations de salamandres aux couleurs vives sur un fond beige. Chaque mug pr\u00e9sente un design artisanal color\u00e9, peint \u00e0 la main, avec des motifs floraux qui lui donnent une touche unique. Avec son anse pratique incluant une cuill\u00e8re assortie, ce mug est id\u00e9al pour savourer vos boissons pr\u00e9f\u00e9r\u00e9es tout en vous transportant dans le charme naturel de cette magnifique \u00eele des Bal\u00e9ares.<\/p>\n","protected":false},"featured_media":6902,"template":"","meta":{"_acf_changed":false},"product_brand":[],"product_cat":[822],"product_tag":[530,585],"class_list":{"0":"post-34953","1":"product","2":"type-product","3":"status-publish","4":"has-post-thumbnail","6":"product_cat-mugs-fr","7":"product_tag-animaux","8":"product_tag-ceramique","9":"pa_ciudad-menorca","10":"pa_motivo-salamandres","11":"pa_pais-espana","13":"first","14":"instock","15":"shipping-taxable","16":"product-type-simple"},"acf":[],"_links":{"self":[{"href":"https:\/\/olemosaic.com\/fr\/wp-json\/wp\/v2\/product\/34953","targetHints":{"allow":["GET"]}}],"collection":[{"href":"https:\/\/olemosaic.com\/fr\/wp-json\/wp\/v2\/product"}],"about":[{"href":"https:\/\/olemosaic.com\/fr\/wp-json\/wp\/v2\/types\/product"}],"wp:featuredmedia":[{"embeddable":true,"href":"https:\/\/olemosaic.com\/fr\/wp-json\/wp\/v2\/media\/6902"}],"wp:attachment":[{"href":"https:\/\/olemosaic.com\/fr\/wp-json\/wp\/v2\/media?parent=34953"}],"wp:term":[{"taxonomy":"product_brand","embeddable":true,"href":"https:\/\/olemosaic.com\/fr\/wp-json\/wp\/v2\/product_brand?post=34953"},{"taxonomy":"product_cat","embeddable":true,"href":"https:\/\/olemosaic.com\/fr\/wp-json\/wp\/v2\/product_cat?post=34953"},{"taxonomy":"product_tag","embeddable":true,"href":"https:\/\/olemosaic.com\/fr\/wp-json\/wp\/v2\/product_tag?post=34953"}],"curies":[{"name":"wp","href":"https:\/\/api.w.org\/{rel}","templated":true}]}}