{"id":34951,"date":"2025-02-20T22:36:49","date_gmt":"2025-02-20T22:36:49","guid":{"rendered":"http:\/\/olemosaic.com\/producto\/funda-de-telefono-para-iphone-12-tpu-sagrada-familia-barcelona-azul\/"},"modified":"2025-07-25T19:56:32","modified_gmt":"2025-07-25T17:56:32","slug":"coque-de-telephone-pour-iphone-12-tpu-sagrada-familia-barcelone-bleu","status":"publish","type":"product","link":"https:\/\/olemosaic.com\/fr\/produit\/coque-de-telephone-pour-iphone-12-tpu-sagrada-familia-barcelone-bleu\/","title":{"rendered":"Coque de t\u00e9l\u00e9phone pour iPhone 12 (TPU). Sagrada Familia. Barcelone. Bleu"},"content":{"rendered":"<p>Nous vous pr\u00e9sentons l&rsquo;incroyable coque pour iPhone 12, une pi\u00e8ce qui fusionne fonctionnalit\u00e9 et art, orn\u00e9e d&rsquo;une illustration vibrante de l&#8217;embl\u00e9matique Sagrada Familia de Barcelone. Fabriqu\u00e9e en TPU, cette coque prot\u00e8ge non seulement votre appareil avec robustesse, mais se distingue \u00e9galement par son design attrayant. L&rsquo;image capture la majest\u00e9 de la basilique, utilisant une palette de couleurs chaudes et bleues qui symbolisent sa beaut\u00e9 architecturale, avec un fond en mosa\u00efque \u00e9voquant le style incomparable d&rsquo;Antoni Gaud\u00ed.<\/p>\n<p>Le design inclut le texte \u00ab\u00a0Barcelone\u00a0\u00bb dans une typographie \u00e9l\u00e9gante, apportant une touche authentique \u00e0 ce souvenir de la cit\u00e9 comtale. Avec son style artistique et contemporain, cette coque est id\u00e9ale pour ceux qui souhaitent prot\u00e9ger leur smartphone tout en affichant un souvenir repr\u00e9sentatif de leur visite \u00e0 Barcelone. Ce produit est une excellente option pour les touristes et les amateurs de culture qui appr\u00e9cient le lien entre technologie et art.<\/p>\n<p>Chez Ol\u00e9 Mosaic, nous nous sp\u00e9cialisons dans la distribution de souvenirs en gros, et cette coque de la Sagrada Familia est un exemple parfait de la riche tradition culturelle de l&rsquo;Espagne. C&rsquo;est un article qui, en plus de son usage pratique, devient un beau souvenir et un grand attrait pour les boutiques de cadeaux touristiques, \u00e9largissant leur offre avec des produits authentiques et de qualit\u00e9.<\/p>\n","protected":false},"excerpt":{"rendered":"<p>Coque pour iPhone 12 fabriqu\u00e9e en TPU, avec une illustration vibrante de la Sagrada Familia de Barcelone. Le design se distingue par ses tons bleus et chauds, repr\u00e9sentant la c\u00e9l\u00e8bre basilique sur un fond de mosa\u00efque inspir\u00e9 du style Gaud\u00ed. Le mot \u00ab\u00a0Barcelone\u00a0\u00bb est inclus dans une typographie \u00e9l\u00e9gante, ajoutant une touche d&rsquo;identit\u00e9 culturelle. Parfaite pour ceux qui souhaitent prot\u00e9ger leur appareil avec un design artistique et attrayant.<\/p>\n","protected":false},"featured_media":12226,"template":"","meta":{"_acf_changed":false},"product_brand":[],"product_cat":[674],"product_tag":[],"class_list":{"0":"post-34951","1":"product","2":"type-product","3":"status-publish","4":"has-post-thumbnail","6":"product_cat-etuis-pour-telephones-portables","7":"pa_ciudad-barcelona","8":"pa_motivo-sagrada-familia","9":"pa_pais-espana","11":"first","12":"instock","13":"shipping-taxable","14":"product-type-simple"},"acf":[],"_links":{"self":[{"href":"https:\/\/olemosaic.com\/fr\/wp-json\/wp\/v2\/product\/34951","targetHints":{"allow":["GET"]}}],"collection":[{"href":"https:\/\/olemosaic.com\/fr\/wp-json\/wp\/v2\/product"}],"about":[{"href":"https:\/\/olemosaic.com\/fr\/wp-json\/wp\/v2\/types\/product"}],"wp:featuredmedia":[{"embeddable":true,"href":"https:\/\/olemosaic.com\/fr\/wp-json\/wp\/v2\/media\/12226"}],"wp:attachment":[{"href":"https:\/\/olemosaic.com\/fr\/wp-json\/wp\/v2\/media?parent=34951"}],"wp:term":[{"taxonomy":"product_brand","embeddable":true,"href":"https:\/\/olemosaic.com\/fr\/wp-json\/wp\/v2\/product_brand?post=34951"},{"taxonomy":"product_cat","embeddable":true,"href":"https:\/\/olemosaic.com\/fr\/wp-json\/wp\/v2\/product_cat?post=34951"},{"taxonomy":"product_tag","embeddable":true,"href":"https:\/\/olemosaic.com\/fr\/wp-json\/wp\/v2\/product_tag?post=34951"}],"curies":[{"name":"wp","href":"https:\/\/api.w.org\/{rel}","templated":true}]}}