{"id":34950,"date":"2025-02-20T23:36:49","date_gmt":"2025-02-20T22:36:49","guid":{"rendered":"http:\/\/olemosaic.com\/producto\/huevera-de-ceramica-panoramica-barcelona-beige\/"},"modified":"2025-07-25T18:36:51","modified_gmt":"2025-07-25T16:36:51","slug":"coquetier-en-ceramique-panoramique-barcelone-beige","status":"publish","type":"product","link":"https:\/\/olemosaic.com\/fr\/produit\/coquetier-en-ceramique-panoramique-barcelone-beige\/","title":{"rendered":"Coquetier en c\u00e9ramique. Panoramique. Barcelone. Beige"},"content":{"rendered":"<p>Nous vous pr\u00e9sentons le coquetier en c\u00e9ramique effet peint \u00e0 la main, une magnifique repr\u00e9sentation de la vibrante Barcelone. Cette pi\u00e8ce se distingue par son design dans une couleur beige attrayante, qui met en valeur deux des monuments les plus embl\u00e9matiques de la ville : la majestueuse Sagrada Familia et l&rsquo;imposante colonne de Christophe Colomb, entour\u00e9es de palmiers et de b\u00e2timents color\u00e9s qui \u00e9voquent l&rsquo;ambiance unique de la M\u00e9diterran\u00e9e. Les bords en rouge intense ajoutent non seulement une touche d&rsquo;\u00e9l\u00e9gance, mais capturent \u00e9galement l&rsquo;essence de l&rsquo;art et de la culture catalans, faisant de ce coquetier une pi\u00e8ce unique et attrayante.<\/p>\n<p>Id\u00e9al pour les amoureux de Barcelone, ce souvenir permet de profiter de la beaut\u00e9 de la ville \u00e0 chaque petit-d\u00e9jeuner, nous rappelant constamment les exp\u00e9riences v\u00e9cues. Avec son design artisanal et color\u00e9, il souligne l&rsquo;authenticit\u00e9 du patrimoine culturel espagnol, constituant un cadeau parfait qui refl\u00e8te la cr\u00e9ativit\u00e9 et la diversit\u00e9 de la r\u00e9gion. Chez Ol\u00e9 Mosaic, nous nous sp\u00e9cialisons dans la distribution de souvenirs en gros, et ce coquetier est une excellente option pour les boutiques de cadeaux touristiques recherchant qualit\u00e9 et connexion culturelle dans leurs produits. Acqu\u00e9rez d\u00e8s aujourd&rsquo;hui ce merveilleux souvenir de Barcelone et partagez la magie de la ville avec vos clients.<\/p>\n","protected":false},"excerpt":{"rendered":"<p>Coquetier en c\u00e9ramique au design artisanal, peint \u00e0 la main, pr\u00e9sentant une vue panoramique vibrante de Barcelone. Avec un design de couleur beige, cet article montre des monuments embl\u00e9matiques tels que la Sagrada Familia et la colonne de Christophe Colomb, entour\u00e9s de palmiers et de b\u00e2timents color\u00e9s. Les bords en rouge intense ajoutent un attrait particulier, tandis que les d\u00e9tails d\u00e9coratifs capturent l&rsquo;essence culturelle de la ville. Un souvenir parfait pour profiter du charme de Barcelone \u00e0 chaque petit-d\u00e9jeuner.<\/p>\n","protected":false},"featured_media":7347,"template":"","meta":{"_acf_changed":false},"product_brand":[],"product_cat":[681],"product_tag":[585],"class_list":{"0":"post-34950","1":"product","2":"type-product","3":"status-publish","4":"has-post-thumbnail","6":"product_cat-coquetiers","7":"product_tag-ceramique","8":"pa_ciudad-barcelona","9":"pa_motivo-panoramas","10":"pa_pais-espana","12":"first","13":"instock","14":"shipping-taxable","15":"product-type-simple"},"acf":[],"_links":{"self":[{"href":"https:\/\/olemosaic.com\/fr\/wp-json\/wp\/v2\/product\/34950","targetHints":{"allow":["GET"]}}],"collection":[{"href":"https:\/\/olemosaic.com\/fr\/wp-json\/wp\/v2\/product"}],"about":[{"href":"https:\/\/olemosaic.com\/fr\/wp-json\/wp\/v2\/types\/product"}],"wp:featuredmedia":[{"embeddable":true,"href":"https:\/\/olemosaic.com\/fr\/wp-json\/wp\/v2\/media\/7347"}],"wp:attachment":[{"href":"https:\/\/olemosaic.com\/fr\/wp-json\/wp\/v2\/media?parent=34950"}],"wp:term":[{"taxonomy":"product_brand","embeddable":true,"href":"https:\/\/olemosaic.com\/fr\/wp-json\/wp\/v2\/product_brand?post=34950"},{"taxonomy":"product_cat","embeddable":true,"href":"https:\/\/olemosaic.com\/fr\/wp-json\/wp\/v2\/product_cat?post=34950"},{"taxonomy":"product_tag","embeddable":true,"href":"https:\/\/olemosaic.com\/fr\/wp-json\/wp\/v2\/product_tag?post=34950"}],"curies":[{"name":"wp","href":"https:\/\/api.w.org\/{rel}","templated":true}]}}