{"id":34949,"date":"2025-02-20T23:36:49","date_gmt":"2025-02-20T22:36:49","guid":{"rendered":"http:\/\/olemosaic.com\/producto\/huevera-de-ceramica-salamandra-y-flores-mallorca-blanco\/"},"modified":"2025-07-25T19:01:21","modified_gmt":"2025-07-25T17:01:21","slug":"coquetier-en-ceramique-salamandre-et-fleurs-majorque-blanc","status":"publish","type":"product","link":"https:\/\/olemosaic.com\/fr\/produit\/coquetier-en-ceramique-salamandre-et-fleurs-majorque-blanc\/","title":{"rendered":"Coquetier en c\u00e9ramique. Salamandre et fleurs. Majorque. Blanc"},"content":{"rendered":"<p>Nous vous pr\u00e9sentons le coquetier en c\u00e9ramique d\u00e9cor\u00e9 de motifs de salamandres et de fleurs, un charmant souvenir qui capture l&rsquo;essence vibrante de Majorque. Cet \u00e9l\u00e9gant accessoire, con\u00e7u pour sublimer n&rsquo;importe quelle table de petit-d\u00e9jeuner, se distingue par son design peint \u00e0 la main qui int\u00e8gre des couleurs \u00e9clatantes telles que le rouge, le jaune et le bleu sur un fond blanc. Sa forme stylis\u00e9e, avec une touche artistique, est sp\u00e9cialement pens\u00e9e pour \u00eatre un point focal charmant lors des repas du matin, tandis que le mot \u00ab\u00a0MAJORQUE\u00a0\u00bb sur un c\u00f4t\u00e9 souligne son origine et son authenticit\u00e9.<\/p>\n<p>Les motifs de salamandres et de fleurs sont un clin d&rsquo;\u0153il \u00e0 la riche biodiversit\u00e9 et au paysage unique de l&rsquo;\u00eele, ce qui en fait un souvenir significatif pour ceux qui ont appr\u00e9ci\u00e9 les merveilles de Majorque. Ce produit n&rsquo;est pas seulement fonctionnel ; c&rsquo;est une pi\u00e8ce d\u00e9corative qui transmet la joie du mode de vie m\u00e9diterran\u00e9en, un excellent repr\u00e9sentant de l&rsquo;h\u00e9ritage culturel de l&rsquo;\u00eele.<\/p>\n<p>Chez Ol\u00e9 Mosaic, nous sommes sp\u00e9cialistes de la distribution de souvenirs en gros, proposant ce type d&rsquo;articles id\u00e9aux pour les boutiques de cadeaux touristiques \u00e0 la recherche de produits authentiques et de qualit\u00e9. Ce coquetier en c\u00e9ramique est une option exceptionnelle pour tout client souhaitant emporter un morceau de la culture majorquine, un souvenir parfait alliant utilit\u00e9 et beaut\u00e9.<\/p>\n","protected":false},"excerpt":{"rendered":"<p>Coquetier en c\u00e9ramique d\u00e9cor\u00e9 de salamandres et de fleurs, inspir\u00e9 par la beaut\u00e9 de Majorque. Cet \u00e9l\u00e9gant accessoire de table pr\u00e9sente un design artisanal, peint \u00e0 la main, avec des couleurs vibrantes comme le rouge, le jaune et le bleu sur un fond blanc. Sur le c\u00f4t\u00e9, le mot \u00ab\u00a0MAJORQUE\u00a0\u00bb ressort, ce qui en fait un souvenir parfait pour \u00e9voquer l&rsquo;essence de l&rsquo;\u00eele. Sa forme stylis\u00e9e et distinctive ajoutera une touche artistique \u00e0 n&rsquo;importe quel petit-d\u00e9jeuner.<\/p>\n","protected":false},"featured_media":8049,"template":"","meta":{"_acf_changed":false},"product_brand":[],"product_cat":[681],"product_tag":[530,585],"class_list":{"0":"post-34949","1":"product","2":"type-product","3":"status-publish","4":"has-post-thumbnail","6":"product_cat-coquetiers","7":"product_tag-animaux","8":"product_tag-ceramique","9":"pa_ciudad-mallorca","10":"pa_motivo-salamandres","11":"pa_pais-espana","13":"first","14":"instock","15":"shipping-taxable","16":"product-type-simple"},"acf":[],"_links":{"self":[{"href":"https:\/\/olemosaic.com\/fr\/wp-json\/wp\/v2\/product\/34949","targetHints":{"allow":["GET"]}}],"collection":[{"href":"https:\/\/olemosaic.com\/fr\/wp-json\/wp\/v2\/product"}],"about":[{"href":"https:\/\/olemosaic.com\/fr\/wp-json\/wp\/v2\/types\/product"}],"wp:featuredmedia":[{"embeddable":true,"href":"https:\/\/olemosaic.com\/fr\/wp-json\/wp\/v2\/media\/8049"}],"wp:attachment":[{"href":"https:\/\/olemosaic.com\/fr\/wp-json\/wp\/v2\/media?parent=34949"}],"wp:term":[{"taxonomy":"product_brand","embeddable":true,"href":"https:\/\/olemosaic.com\/fr\/wp-json\/wp\/v2\/product_brand?post=34949"},{"taxonomy":"product_cat","embeddable":true,"href":"https:\/\/olemosaic.com\/fr\/wp-json\/wp\/v2\/product_cat?post=34949"},{"taxonomy":"product_tag","embeddable":true,"href":"https:\/\/olemosaic.com\/fr\/wp-json\/wp\/v2\/product_tag?post=34949"}],"curies":[{"name":"wp","href":"https:\/\/api.w.org\/{rel}","templated":true}]}}