{"id":34943,"date":"2025-02-20T23:36:49","date_gmt":"2025-02-20T22:36:49","guid":{"rendered":"http:\/\/olemosaic.com\/producto\/funda-de-telefono-para-xiaomi-rmnote-12-tpu-abstracto-negro-2\/"},"modified":"2025-07-25T18:54:07","modified_gmt":"2025-07-25T16:54:07","slug":"coque-de-telephone-pour-xiaomi-redmi-note-12-tpu-abstrait-noir-2","status":"publish","type":"product","link":"https:\/\/olemosaic.com\/fr\/produit\/coque-de-telephone-pour-xiaomi-redmi-note-12-tpu-abstrait-noir-2\/","title":{"rendered":"Coque de t\u00e9l\u00e9phone pour Xiaomi Redmi Note 12 (TPU). Abstrait. Motif ondul\u00e9. Noir"},"content":{"rendered":"<p>Nous vous pr\u00e9sentons la coque pour le t\u00e9l\u00e9phone Xiaomi Redmi Note 12, une v\u00e9ritable \u0153uvre d&rsquo;art moderne qui allie protection et style. Fabriqu\u00e9e en TPU de haute r\u00e9sistance, cette coque prot\u00e8ge non seulement de mani\u00e8re exceptionnelle contre les chocs et les rayures, mais se distingue \u00e9galement par son \u00e9l\u00e9gant design abstrait. Sa surface pr\u00e9sente un motif fascinant de lignes ondul\u00e9es dans des tons vibrants de vert, rose, jaune et bleu, sur un fond noir qui accentue son attrait visuel. Ce design dynamique fait de la coque un accessoire id\u00e9al pour ceux qui souhaitent personnaliser leur appareil de mani\u00e8re unique et contemporaine.<\/p>\n<p>La connexion culturelle de cette coque avec l&rsquo;art abstrait refl\u00e8te l&rsquo;esprit cr\u00e9atif et avant-gardiste des villes les plus cosmopolites d&rsquo;Espagne, o\u00f9 le design et l&rsquo;innovation jouent un r\u00f4le fondamental. Parfaite pour les touristes et les locaux \u00e0 la recherche de souvenirs int\u00e9ressants et utiles, cette coque est un excellent rappel de la modernit\u00e9 et de l&rsquo;originalit\u00e9 de l&rsquo;art espagnol contemporain.<\/p>\n<p>Chez Ol\u00e9 Mosaic, nous sommes fiers de distribuer des produits authentiques et fonctionnels, en proposant des coques en gros qui allient esth\u00e9tique et praticit\u00e9. Cette coque pour Xiaomi Redmi Note 12 est une excellente option pour les boutiques de cadeaux touristiques \u00e0 la recherche de souvenirs innovants qui captivent les visiteurs et refl\u00e8tent la richesse culturelle de l&rsquo;Espagne.<\/p>\n","protected":false},"excerpt":{"rendered":"<p>Coque pour Xiaomi Redmi Note 12 en TPU, avec un design abstrait aux tons vibrants. La coque pr\u00e9sente un motif de lignes ondul\u00e9es dans des couleurs telles que le vert, le rose, le jaune et le bleu sur un fond noir, ce qui lui donne un aspect moderne et dynamique. Sa fabrication en TPU offre flexibilit\u00e9 et r\u00e9sistance, prot\u00e9geant l&rsquo;appareil contre les chocs et les rayures, tout en se distinguant par son originalit\u00e9 et son style contemporain.<\/p>\n","protected":false},"featured_media":12708,"template":"","meta":{"_acf_changed":false},"product_brand":[],"product_cat":[674],"product_tag":[],"class_list":{"0":"post-34943","1":"product","2":"type-product","3":"status-publish","4":"has-post-thumbnail","6":"product_cat-etuis-pour-telephones-portables","7":"pa_motivo-resume","9":"first","10":"instock","11":"shipping-taxable","12":"product-type-simple"},"acf":[],"_links":{"self":[{"href":"https:\/\/olemosaic.com\/fr\/wp-json\/wp\/v2\/product\/34943","targetHints":{"allow":["GET"]}}],"collection":[{"href":"https:\/\/olemosaic.com\/fr\/wp-json\/wp\/v2\/product"}],"about":[{"href":"https:\/\/olemosaic.com\/fr\/wp-json\/wp\/v2\/types\/product"}],"wp:featuredmedia":[{"embeddable":true,"href":"https:\/\/olemosaic.com\/fr\/wp-json\/wp\/v2\/media\/12708"}],"wp:attachment":[{"href":"https:\/\/olemosaic.com\/fr\/wp-json\/wp\/v2\/media?parent=34943"}],"wp:term":[{"taxonomy":"product_brand","embeddable":true,"href":"https:\/\/olemosaic.com\/fr\/wp-json\/wp\/v2\/product_brand?post=34943"},{"taxonomy":"product_cat","embeddable":true,"href":"https:\/\/olemosaic.com\/fr\/wp-json\/wp\/v2\/product_cat?post=34943"},{"taxonomy":"product_tag","embeddable":true,"href":"https:\/\/olemosaic.com\/fr\/wp-json\/wp\/v2\/product_tag?post=34943"}],"curies":[{"name":"wp","href":"https:\/\/api.w.org\/{rel}","templated":true}]}}