{"id":34942,"date":"2025-02-20T23:36:49","date_gmt":"2025-02-20T22:36:49","guid":{"rendered":"http:\/\/olemosaic.com\/producto\/funda-de-telefono-para-xiaomi-13-tpu-abstracto-azul-2\/"},"modified":"2025-07-25T19:41:44","modified_gmt":"2025-07-25T17:41:44","slug":"coque-de-telephone-pour-xiaomi-13-tpu-abstrait-bleu-2","status":"publish","type":"product","link":"https:\/\/olemosaic.com\/fr\/produit\/coque-de-telephone-pour-xiaomi-13-tpu-abstrait-bleu-2\/","title":{"rendered":"Coque de t\u00e9l\u00e9phone pour Xiaomi 13 (TPU). Abstrait. Style moderne. Bleu"},"content":{"rendered":"<p>Nous vous pr\u00e9sentons la coque pour le Xiaomi 13, une option vibrante et moderne qui allie protection et style en un seul accessoire. Fabriqu\u00e9e en TPU, elle se distingue par son design abstrait avec un sch\u00e9ma de couleurs \u00e9nergique, aux tons bleus, verts, jaunes et rouges \u00e9voquant dynamisme et fra\u00eecheur. La surface int\u00e8gre un effet diamant qui, en plus d&rsquo;apporter profondeur et texture, lui donne une touche \u00e9l\u00e9gante et contemporaine.<\/p>\n<p>Cette coque est con\u00e7ue pour s&rsquo;adapter parfaitement au Xiaomi 13, garantissant un acc\u00e8s facile \u00e0 tous les ports et boutons, tout en prot\u00e9geant l&rsquo;appareil des chocs et des rayures. La qualit\u00e9 des mat\u00e9riaux assure une durabilit\u00e9 exceptionnelle, en faisant une option id\u00e9ale pour ceux qui recherchent un souvenir alliant fonctionnalit\u00e9 et attrait visuel.<\/p>\n<p>Faisant partie de la collection Ol\u00e9 Mosaic, cette coque est une excellente option pour les boutiques de cadeaux touristiques et les d\u00e9taillants \u00e0 la recherche d&rsquo;articles refl\u00e9tant la modernit\u00e9 et le style contemporain. Elle est id\u00e9ale pour les touristes \u00e0 la recherche d&rsquo;un souvenir authentique et pratique, et t\u00e9moigne de la cr\u00e9ativit\u00e9 dans le design d&rsquo;accessoires mobiles, parfaits pour exprimer la personnalit\u00e9 unique de chaque utilisateur.<\/p>\n","protected":false},"excerpt":{"rendered":"<p>Coque de t\u00e9l\u00e9phone pour Xiaomi 13 fabriqu\u00e9e en TPU avec un design abstrait combinant des bleus, verts, jaunes et rouges vibrants. Cette coque offre non seulement une excellente protection, mais son graphisme attrayant apporte un style moderne et \u00e9nergique. La surface, avec son effet diamant, ajoute de la profondeur et de la texture, en faisant un accessoire fonctionnel et visuellement percutant, id\u00e9al pour ceux qui souhaitent exprimer leur personnalit\u00e9 \u00e0 travers leur appareil.<\/p>\n","protected":false},"featured_media":12684,"template":"","meta":{"_acf_changed":false},"product_brand":[],"product_cat":[674],"product_tag":[],"class_list":{"0":"post-34942","1":"product","2":"type-product","3":"status-publish","4":"has-post-thumbnail","6":"product_cat-etuis-pour-telephones-portables","7":"pa_motivo-resume","9":"first","10":"instock","11":"shipping-taxable","12":"product-type-simple"},"acf":[],"_links":{"self":[{"href":"https:\/\/olemosaic.com\/fr\/wp-json\/wp\/v2\/product\/34942","targetHints":{"allow":["GET"]}}],"collection":[{"href":"https:\/\/olemosaic.com\/fr\/wp-json\/wp\/v2\/product"}],"about":[{"href":"https:\/\/olemosaic.com\/fr\/wp-json\/wp\/v2\/types\/product"}],"wp:featuredmedia":[{"embeddable":true,"href":"https:\/\/olemosaic.com\/fr\/wp-json\/wp\/v2\/media\/12684"}],"wp:attachment":[{"href":"https:\/\/olemosaic.com\/fr\/wp-json\/wp\/v2\/media?parent=34942"}],"wp:term":[{"taxonomy":"product_brand","embeddable":true,"href":"https:\/\/olemosaic.com\/fr\/wp-json\/wp\/v2\/product_brand?post=34942"},{"taxonomy":"product_cat","embeddable":true,"href":"https:\/\/olemosaic.com\/fr\/wp-json\/wp\/v2\/product_cat?post=34942"},{"taxonomy":"product_tag","embeddable":true,"href":"https:\/\/olemosaic.com\/fr\/wp-json\/wp\/v2\/product_tag?post=34942"}],"curies":[{"name":"wp","href":"https:\/\/api.w.org\/{rel}","templated":true}]}}