{"id":34940,"date":"2025-02-20T23:36:48","date_gmt":"2025-02-20T22:36:48","guid":{"rendered":"http:\/\/olemosaic.com\/producto\/funda-de-telefono-para-xiaomi-11-tpu-abstracto-negro-2\/"},"modified":"2025-07-25T20:11:22","modified_gmt":"2025-07-25T18:11:22","slug":"coque-de-telephone-pour-xiaomi-11-tpu-abstrait-noir-2","status":"publish","type":"product","link":"https:\/\/olemosaic.com\/fr\/produit\/coque-de-telephone-pour-xiaomi-11-tpu-abstrait-noir-2\/","title":{"rendered":"Coque de t\u00e9l\u00e9phone pour Xiaomi 11 (TPU). Abstrait. Traits de couleurs. Noir"},"content":{"rendered":"<p>Nous vous pr\u00e9sentons la coque pour le Xiaomi 11, une pi\u00e8ce au design contemporain qui allie protection et style en un seul accessoire. Fabriqu\u00e9e en TPU, cette coque offre une r\u00e9sistance optimale contre les chocs et les chutes, garantissant que votre appareil reste en s\u00e9curit\u00e9 \u00e0 tout moment. Son design abstrait pr\u00e9sente un fond noir dynamique parsem\u00e9 de traits de couleurs vibrants \u00e9voquant des lumi\u00e8res ondulantes, cr\u00e9ant un effet visuel captivant. Les lignes illumin\u00e9es dans des tons n\u00e9on ajoutent non seulement une touche de modernit\u00e9, mais rehaussent \u00e9galement l&rsquo;\u00e9l\u00e9gance de l&rsquo;appareil, transformant votre Xiaomi 11 en un accessoire de mode.<\/p>\n<p>Id\u00e9ale pour ceux qui recherchent un compl\u00e9ment refl\u00e9tant leur personnalit\u00e9 dynamique et contemporaine, cette coque est une excellente option pour les touristes souhaitant emporter un souvenir technologique avec une touche de style. Chez Ol\u00e9 Mosaic, en tant que grossistes d&rsquo;accessoires technologiques, nous garantissons que nos produits allient fonctionnalit\u00e9 et esth\u00e9tique, faisant de cette coque un souvenir parfait qui se distingue tant par son design que par son authenticit\u00e9, reflet de la culture moderne. N&rsquo;h\u00e9sitez pas \u00e0 proposer cette coque moderne et color\u00e9e dans votre boutique de cadeaux touristiques ; c&rsquo;est un article attrayant qui saura capter l&rsquo;int\u00e9r\u00eat de vos clients.<\/p>\n","protected":false},"excerpt":{"rendered":"<p>Coque pour t\u00e9l\u00e9phone Xiaomi 11 en TPU, avec un design abstrait dans des tons noirs et des traits de couleurs vibrantes \u00e9voquant des lumi\u00e8res ondulantes. Cette protection, en plus d&rsquo;offrir la s\u00e9curit\u00e9 \u00e0 votre appareil, ajoute une touche moderne et dynamique gr\u00e2ce \u00e0 son motif color\u00e9. Les lignes illumin\u00e9es dans des tons n\u00e9on cr\u00e9ent un effet visuel attrayant qui rehausse l&rsquo;\u00e9l\u00e9gance et le style de la technologie contemporaine. Parfaite pour ceux qui recherchent protection et style en un seul accessoire.<\/p>\n","protected":false},"featured_media":12648,"template":"","meta":{"_acf_changed":false},"product_brand":[],"product_cat":[674],"product_tag":[],"class_list":{"0":"post-34940","1":"product","2":"type-product","3":"status-publish","4":"has-post-thumbnail","6":"product_cat-etuis-pour-telephones-portables","7":"pa_motivo-resume","9":"first","10":"instock","11":"shipping-taxable","12":"product-type-simple"},"acf":[],"_links":{"self":[{"href":"https:\/\/olemosaic.com\/fr\/wp-json\/wp\/v2\/product\/34940","targetHints":{"allow":["GET"]}}],"collection":[{"href":"https:\/\/olemosaic.com\/fr\/wp-json\/wp\/v2\/product"}],"about":[{"href":"https:\/\/olemosaic.com\/fr\/wp-json\/wp\/v2\/types\/product"}],"wp:featuredmedia":[{"embeddable":true,"href":"https:\/\/olemosaic.com\/fr\/wp-json\/wp\/v2\/media\/12648"}],"wp:attachment":[{"href":"https:\/\/olemosaic.com\/fr\/wp-json\/wp\/v2\/media?parent=34940"}],"wp:term":[{"taxonomy":"product_brand","embeddable":true,"href":"https:\/\/olemosaic.com\/fr\/wp-json\/wp\/v2\/product_brand?post=34940"},{"taxonomy":"product_cat","embeddable":true,"href":"https:\/\/olemosaic.com\/fr\/wp-json\/wp\/v2\/product_cat?post=34940"},{"taxonomy":"product_tag","embeddable":true,"href":"https:\/\/olemosaic.com\/fr\/wp-json\/wp\/v2\/product_tag?post=34940"}],"curies":[{"name":"wp","href":"https:\/\/api.w.org\/{rel}","templated":true}]}}