{"id":34939,"date":"2025-02-20T22:36:48","date_gmt":"2025-02-20T22:36:48","guid":{"rendered":"http:\/\/olemosaic.com\/producto\/funda-de-telefono-para-xiaomi-11-tpu-mosaico-azul\/"},"modified":"2025-07-25T20:14:08","modified_gmt":"2025-07-25T18:14:08","slug":"coque-de-telephone-pour-xiaomi-11-tpu-mosaique-bleu","status":"publish","type":"product","link":"https:\/\/olemosaic.com\/fr\/produit\/coque-de-telephone-pour-xiaomi-11-tpu-mosaique-bleu\/","title":{"rendered":"Coque de t\u00e9l\u00e9phone pour Xiaomi 11 (TPU). Mosa\u00efque. Bleu"},"content":{"rendered":"<p>Nous vous pr\u00e9sentons la coque pour t\u00e9l\u00e9phone Xiaomi 11, un accessoire indispensable qui allie parfaitement fonctionnalit\u00e9 et esth\u00e9tique. Fabriqu\u00e9e en TPU de haute qualit\u00e9, cette coque offre une protection durable contre les chocs et les chutes, garantissant la s\u00e9curit\u00e9 de votre appareil. Son design unique pr\u00e9sente un motif de mosa\u00efque captivant dans des tons bleus, \u00e9voquant la riche tradition de la c\u00e9ramique espagnole, c\u00e9l\u00e8bre pour sa beaut\u00e9 et sa singularit\u00e9. Les formes irr\u00e9guli\u00e8res en blanc contrastent \u00e9l\u00e9gamment avec le fond bleu, cr\u00e9ant un effet visuel percutant qui fera ressortir votre t\u00e9l\u00e9phone en toute occasion.<\/p>\n<p>Cette coque ne rend pas seulement hommage \u00e0 la richesse culturelle de l&rsquo;Espagne, mais apporte \u00e9galement une touche contemporaine et artistique qui s\u00e9duit ceux qui recherchent un accessoire distinctif. C&rsquo;est un souvenir parfait pour les touristes et les voyageurs qui souhaitent emporter un morceau d&rsquo;Espagne avec eux, ainsi qu&rsquo;un cadeau id\u00e9al pour ceux qui appr\u00e9cient la qualit\u00e9 et le design de leurs appareils.<\/p>\n<p>En tant que grossistes d&rsquo;accessoires technologiques chez Ol\u00e9 Mosaic, nous proposons des produits authentiques et repr\u00e9sentatifs du patrimoine espagnol, garantissant \u00e0 nos boutiques partenaires que chaque article que nous distribuons est de la plus haute qualit\u00e9 et du meilleur design. Cette coque de t\u00e9l\u00e9phone est, sans aucun doute, une excellente option pour ceux qui recherchent des souvenirs technologiques fonctionnels et culturellement significatifs.<\/p>\n","protected":false},"excerpt":{"rendered":"<p>Coque de t\u00e9l\u00e9phone pour Xiaomi 11 fabriqu\u00e9e en TPU, d\u00e9cor\u00e9e d&rsquo;un motif de mosa\u00efque dans des tons bleus. Ce produit allie fonctionnalit\u00e9 et esth\u00e9tique, offrant une protection durable pour votre appareil. Le motif de mosa\u00efque \u00e9voque la beaut\u00e9 de la c\u00e9ramique traditionnelle espagnole, avec des formes irr\u00e9guli\u00e8res en blanc qui contrastent \u00e9l\u00e9gamment avec le fond bleu. Id\u00e9al pour ceux qui recherchent un accessoire mettant en valeur la richesse culturelle et visuelle de l&rsquo;Espagne.<\/p>\n","protected":false},"featured_media":12643,"template":"","meta":{"_acf_changed":false},"product_brand":[],"product_cat":[674],"product_tag":[],"class_list":{"0":"post-34939","1":"product","2":"type-product","3":"status-publish","4":"has-post-thumbnail","6":"product_cat-etuis-pour-telephones-portables","7":"pa_motivo-mosaique","9":"first","10":"instock","11":"shipping-taxable","12":"product-type-simple"},"acf":[],"_links":{"self":[{"href":"https:\/\/olemosaic.com\/fr\/wp-json\/wp\/v2\/product\/34939","targetHints":{"allow":["GET"]}}],"collection":[{"href":"https:\/\/olemosaic.com\/fr\/wp-json\/wp\/v2\/product"}],"about":[{"href":"https:\/\/olemosaic.com\/fr\/wp-json\/wp\/v2\/types\/product"}],"wp:featuredmedia":[{"embeddable":true,"href":"https:\/\/olemosaic.com\/fr\/wp-json\/wp\/v2\/media\/12643"}],"wp:attachment":[{"href":"https:\/\/olemosaic.com\/fr\/wp-json\/wp\/v2\/media?parent=34939"}],"wp:term":[{"taxonomy":"product_brand","embeddable":true,"href":"https:\/\/olemosaic.com\/fr\/wp-json\/wp\/v2\/product_brand?post=34939"},{"taxonomy":"product_cat","embeddable":true,"href":"https:\/\/olemosaic.com\/fr\/wp-json\/wp\/v2\/product_cat?post=34939"},{"taxonomy":"product_tag","embeddable":true,"href":"https:\/\/olemosaic.com\/fr\/wp-json\/wp\/v2\/product_tag?post=34939"}],"curies":[{"name":"wp","href":"https:\/\/api.w.org\/{rel}","templated":true}]}}