{"id":34937,"date":"2025-02-20T22:36:48","date_gmt":"2025-02-20T22:36:48","guid":{"rendered":"http:\/\/olemosaic.com\/producto\/funda-de-telefono-para-samsung-a34-tpu-panoramica-barcelona-blanco\/"},"modified":"2025-07-25T20:33:23","modified_gmt":"2025-07-25T18:33:23","slug":"coque-de-telephone-pour-samsung-a34-tpu-panoramique-barcelone-blanc","status":"publish","type":"product","link":"https:\/\/olemosaic.com\/fr\/produit\/coque-de-telephone-pour-samsung-a34-tpu-panoramique-barcelone-blanc\/","title":{"rendered":"Coque de t\u00e9l\u00e9phone pour Samsung A34 (TPU). Panoramique. Barcelone. Blanc"},"content":{"rendered":"<p>Nous pr\u00e9sentons la coque pour Samsung A34, un article qui combine style et fonctionnalit\u00e9, d\u00e9cor\u00e9 d&rsquo;une vue panoramique vibrante de Barcelone. Ce produit se distingue par son design en TPU, qui offre une protection exceptionnelle contre les chocs et les rayures, assurant que votre appareil reste en parfait \u00e9tat. L&rsquo;illustration repr\u00e9sente deux des monuments les plus embl\u00e9matiques de la ville : la Sagrada Familia, avec ses tours qui s&rsquo;\u00e9l\u00e8vent vers le ciel, et la Casa Batll\u00f3, c\u00e9l\u00e8bre pour son architecture organique et ses couleurs vives. La repr\u00e9sentation est r\u00e9alis\u00e9e dans un style mosa\u00efque attrayant, qui \u00e9voque l&rsquo;essence du modernisme catalan, soulignant les couleurs vives sur un fond blanc qui cr\u00e9e un contraste visuel percutant.<\/p>\n<p>Ce souvenir de Barcelone n&rsquo;est pas seulement une coque, mais un rappel constant de la beaut\u00e9 et de la cr\u00e9ativit\u00e9 que cette ville offre. Id\u00e9ale pour les touristes qui cherchent \u00e0 emporter un morceau de Barcelone, cette coque est \u00e9galement une excellente option pour les boutiques de cadeaux touristiques \u00e0 la recherche de produits authentiques et de qualit\u00e9. Chez Ol\u00e9 Mosaic, en tant que distributeurs de coques de t\u00e9l\u00e9phone en gros, nous garantissons des designs qui capturent la culture locale et sa pertinence, offrant \u00e0 vos clients un moyen de comm\u00e9morer leur visite dans la vibrante capitale catalane.<\/p>\n","protected":false},"excerpt":{"rendered":"<p>Coque de t\u00e9l\u00e9phone pour Samsung A34 fabriqu\u00e9e en TPU, d\u00e9cor\u00e9e d&rsquo;une vue panoramique vibrante de Barcelone. Ce design color\u00e9 repr\u00e9sente la c\u00e9l\u00e8bre Sagrada Familia et la Casa Batll\u00f3, \u00e9voquant l&rsquo;essence du modernisme catalan. Les couleurs vives et le style mosa\u00efque offrent une vue artistique, tandis que le fond blanc offre un contraste attrayant. Id\u00e9al pour prot\u00e9ger votre appareil et afficher votre amour pour cette ville embl\u00e9matique.<\/p>\n","protected":false},"featured_media":12559,"template":"","meta":{"_acf_changed":false},"product_brand":[],"product_cat":[674],"product_tag":[],"class_list":{"0":"post-34937","1":"product","2":"type-product","3":"status-publish","4":"has-post-thumbnail","6":"product_cat-etuis-pour-telephones-portables","7":"pa_ciudad-barcelona","8":"pa_motivo-panoramas","9":"pa_pais-espana","11":"first","12":"instock","13":"shipping-taxable","14":"product-type-simple"},"acf":[],"_links":{"self":[{"href":"https:\/\/olemosaic.com\/fr\/wp-json\/wp\/v2\/product\/34937","targetHints":{"allow":["GET"]}}],"collection":[{"href":"https:\/\/olemosaic.com\/fr\/wp-json\/wp\/v2\/product"}],"about":[{"href":"https:\/\/olemosaic.com\/fr\/wp-json\/wp\/v2\/types\/product"}],"wp:featuredmedia":[{"embeddable":true,"href":"https:\/\/olemosaic.com\/fr\/wp-json\/wp\/v2\/media\/12559"}],"wp:attachment":[{"href":"https:\/\/olemosaic.com\/fr\/wp-json\/wp\/v2\/media?parent=34937"}],"wp:term":[{"taxonomy":"product_brand","embeddable":true,"href":"https:\/\/olemosaic.com\/fr\/wp-json\/wp\/v2\/product_brand?post=34937"},{"taxonomy":"product_cat","embeddable":true,"href":"https:\/\/olemosaic.com\/fr\/wp-json\/wp\/v2\/product_cat?post=34937"},{"taxonomy":"product_tag","embeddable":true,"href":"https:\/\/olemosaic.com\/fr\/wp-json\/wp\/v2\/product_tag?post=34937"}],"curies":[{"name":"wp","href":"https:\/\/api.w.org\/{rel}","templated":true}]}}