{"id":34934,"date":"2025-02-20T22:36:47","date_gmt":"2025-02-20T22:36:47","guid":{"rendered":"http:\/\/olemosaic.com\/producto\/funda-de-telefono-para-samsung-a12-tpu-mosaico-barcelona-blanco\/"},"modified":"2025-07-25T18:47:18","modified_gmt":"2025-07-25T16:47:18","slug":"coque-de-telephone-pour-samsung-a12-tpu-mosaique-barcelone-blanc","status":"publish","type":"product","link":"https:\/\/olemosaic.com\/fr\/produit\/coque-de-telephone-pour-samsung-a12-tpu-mosaique-barcelone-blanc\/","title":{"rendered":"Coque de t\u00e9l\u00e9phone pour Samsung A12 (TPU). Mosa\u00efque. Barcelone. Blanc"},"content":{"rendered":"<p>Nous vous pr\u00e9sentons la coque pour le Samsung A12, un bijou inspir\u00e9 par l&rsquo;architecture vibrante de Barcelone. Fabriqu\u00e9e en TPU de haute qualit\u00e9, cette coque pr\u00e9sente un design captivant qui \u00e9voque la beaut\u00e9 des carreaux de fa\u00efence embl\u00e9matiques de la ville. La mosa\u00efque color\u00e9e combine des tons brillants de bleu, rouge, jaune et blanc, cr\u00e9ant un motif qui, en plus d&#8217;embellir l&rsquo;appareil, refl\u00e8te l&rsquo;art et la cr\u00e9ativit\u00e9 qui caract\u00e9risent la capitale catalane.<\/p>\n<p>En plus d&rsquo;offrir une protection exceptionnelle pour votre t\u00e9l\u00e9phone, cette coque se distingue par l&rsquo;\u00e9l\u00e9gante impression du mot \u00ab Barcelone \u00bb, qui ajoute une touche distinctive \u00e0 son design. Les d\u00e9tails artistiques et l&rsquo;utilisation de couleurs vibrantes font de cette coque plus qu&rsquo;un simple accessoire ; c&rsquo;est un souvenir tangible de la richesse culturelle de Barcelone, id\u00e9al pour ceux qui souhaitent emporter un morceau de la ville avec eux.<\/p>\n<p>Chez Ol\u00e9 Mosaic, nous nous sp\u00e9cialisons dans la distribution de souvenirs de qualit\u00e9, et cette coque est parfaite pour les boutiques de cadeaux touristiques \u00e0 la recherche d&rsquo;articles authentiques et attrayants. Avec son design visuellement percutant et son lien avec la tradition artistique de la ville, cette coque de t\u00e9l\u00e9phone est le choix parfait pour les touristes \u00e0 la recherche d&rsquo;un souvenir repr\u00e9sentatif de la beaut\u00e9 de Barcelone. En tant que grossistes d&rsquo;accessoires, nous garantissons un produit qui fusionne fonctionnalit\u00e9 et un fort sentiment d&rsquo;identit\u00e9 culturelle.<\/p>\n","protected":false},"excerpt":{"rendered":"<p>Coque pour t\u00e9l\u00e9phone Samsung A12, fabriqu\u00e9e en TPU et d\u00e9cor\u00e9e d&rsquo;une mosa\u00efque vibrante inspir\u00e9e de l&rsquo;architecture de Barcelone. Elle pr\u00e9sente un design color\u00e9 combinant bleu, rouge, jaune et blanc, refl\u00e9tant la beaut\u00e9 des carreaux traditionnels. Le mot \u00ab Barcelone \u00bb est \u00e9l\u00e9gamment imprim\u00e9, ajoutant une touche distinctive. Cette coque offre non seulement une protection, mais capture \u00e9galement l&rsquo;essence artistique de la ville, id\u00e9ale pour ceux qui recherchent un accessoire attrayant et fonctionnel.<\/p>\n","protected":false},"featured_media":12488,"template":"","meta":{"_acf_changed":false},"product_brand":[],"product_cat":[674],"product_tag":[],"class_list":{"0":"post-34934","1":"product","2":"type-product","3":"status-publish","4":"has-post-thumbnail","6":"product_cat-etuis-pour-telephones-portables","7":"pa_ciudad-barcelona","8":"pa_motivo-mosaique","9":"pa_pais-espana","11":"first","12":"instock","13":"shipping-taxable","14":"product-type-simple"},"acf":[],"_links":{"self":[{"href":"https:\/\/olemosaic.com\/fr\/wp-json\/wp\/v2\/product\/34934","targetHints":{"allow":["GET"]}}],"collection":[{"href":"https:\/\/olemosaic.com\/fr\/wp-json\/wp\/v2\/product"}],"about":[{"href":"https:\/\/olemosaic.com\/fr\/wp-json\/wp\/v2\/types\/product"}],"wp:featuredmedia":[{"embeddable":true,"href":"https:\/\/olemosaic.com\/fr\/wp-json\/wp\/v2\/media\/12488"}],"wp:attachment":[{"href":"https:\/\/olemosaic.com\/fr\/wp-json\/wp\/v2\/media?parent=34934"}],"wp:term":[{"taxonomy":"product_brand","embeddable":true,"href":"https:\/\/olemosaic.com\/fr\/wp-json\/wp\/v2\/product_brand?post=34934"},{"taxonomy":"product_cat","embeddable":true,"href":"https:\/\/olemosaic.com\/fr\/wp-json\/wp\/v2\/product_cat?post=34934"},{"taxonomy":"product_tag","embeddable":true,"href":"https:\/\/olemosaic.com\/fr\/wp-json\/wp\/v2\/product_tag?post=34934"}],"curies":[{"name":"wp","href":"https:\/\/api.w.org\/{rel}","templated":true}]}}