{"id":34930,"date":"2025-02-20T22:36:46","date_gmt":"2025-02-20T22:36:46","guid":{"rendered":"http:\/\/olemosaic.com\/producto\/funda-de-telefono-para-iphone-15-tpu-salamandra-negro\/"},"modified":"2025-07-25T19:57:45","modified_gmt":"2025-07-25T17:57:45","slug":"coque-de-telephone-pour-iphone-15-tpu-salamandre-noir","status":"publish","type":"product","link":"https:\/\/olemosaic.com\/fr\/produit\/coque-de-telephone-pour-iphone-15-tpu-salamandre-noir\/","title":{"rendered":"Coque de t\u00e9l\u00e9phone pour iPhone 15 (TPU). Salamandre. Noir"},"content":{"rendered":"<p>Nous vous pr\u00e9sentons la coque pour iPhone 15, une pi\u00e8ce \u00e9l\u00e9gante fabriqu\u00e9e en TPU, con\u00e7ue pour les amoureux de la vibrante culture espagnole. Sa couleur noire offre un fond sophistiqu\u00e9 qui met en valeur les illustrations de salamandres, repr\u00e9sent\u00e9es avec un style artistique et color\u00e9. Les salamandres, dans des tons bleus, rouges et verts, s&rsquo;entrelacent avec des fleurs de couleurs vari\u00e9es, cr\u00e9ant un design joyeux et captivant qui \u00e9voque la diversit\u00e9 du folklore espagnol. Les illustrations sont m\u00e9ticuleusement con\u00e7ues, fusionnant des \u00e9l\u00e9ments naturels avec des touches artistiques qui capturent l&rsquo;essence de l&rsquo;h\u00e9ritage culturel de l&rsquo;Espagne.<\/p>\n<p>Cette coque ne prot\u00e8ge pas seulement votre appareil, mais devient en m\u00eame temps un accessoire unique qui refl\u00e8te un style personnel distinctif. Les salamandres, cr\u00e9atures embl\u00e9matiques dans de nombreuses cultures, symbolisent la transformation et le renouveau, ajoutant une signification profonde \u00e0 son utilisation quotidienne. Id\u00e9ale comme souvenir \u00e9voquant la beaut\u00e9 de la terre espagnole, cette coque est un cadeau parfait pour les touristes et les locaux \u00e0 la recherche d&rsquo;un morceau de culture. Chez Ol\u00e9 Mosaic, nous nous sp\u00e9cialisons dans la distribution d&rsquo;articles authentiques et repr\u00e9sentatifs, ce produit \u00e9tant une excellente option pour les boutiques de cadeaux touristiques souhaitant proposer des articles alliant fonctionnalit\u00e9 et esth\u00e9tique. En tant que grossistes de produits uniques, nous garantissons qualit\u00e9 et originalit\u00e9 dans chaque pi\u00e8ce.<\/p>\n","protected":false},"excerpt":{"rendered":"<p>Coque de t\u00e9l\u00e9phone pour iPhone 15 en mat\u00e9riau TPU noir \u00e9l\u00e9gant, d\u00e9cor\u00e9e de salamandres illustr\u00e9es dans un style vibrant. Ce design artistique pr\u00e9sente des salamandres dans des tons bleus, rouges et verts, accompagn\u00e9es de fleurs color\u00e9es qui apportent une touche joyeuse. Les illustrations sont soigneusement con\u00e7ues pour souligner la richesse du folklore et la diversit\u00e9 visuelle, faisant de cette coque un accessoire unique et accrocheur, parfait pour les amateurs de culture espagnole.<\/p>\n","protected":false},"featured_media":13028,"template":"","meta":{"_acf_changed":false},"product_brand":[],"product_cat":[674],"product_tag":[530],"class_list":{"0":"post-34930","1":"product","2":"type-product","3":"status-publish","4":"has-post-thumbnail","6":"product_cat-etuis-pour-telephones-portables","7":"product_tag-animaux","8":"pa_motivo-salamandres","10":"first","11":"instock","12":"shipping-taxable","13":"product-type-simple"},"acf":[],"_links":{"self":[{"href":"https:\/\/olemosaic.com\/fr\/wp-json\/wp\/v2\/product\/34930","targetHints":{"allow":["GET"]}}],"collection":[{"href":"https:\/\/olemosaic.com\/fr\/wp-json\/wp\/v2\/product"}],"about":[{"href":"https:\/\/olemosaic.com\/fr\/wp-json\/wp\/v2\/types\/product"}],"wp:featuredmedia":[{"embeddable":true,"href":"https:\/\/olemosaic.com\/fr\/wp-json\/wp\/v2\/media\/13028"}],"wp:attachment":[{"href":"https:\/\/olemosaic.com\/fr\/wp-json\/wp\/v2\/media?parent=34930"}],"wp:term":[{"taxonomy":"product_brand","embeddable":true,"href":"https:\/\/olemosaic.com\/fr\/wp-json\/wp\/v2\/product_brand?post=34930"},{"taxonomy":"product_cat","embeddable":true,"href":"https:\/\/olemosaic.com\/fr\/wp-json\/wp\/v2\/product_cat?post=34930"},{"taxonomy":"product_tag","embeddable":true,"href":"https:\/\/olemosaic.com\/fr\/wp-json\/wp\/v2\/product_tag?post=34930"}],"curies":[{"name":"wp","href":"https:\/\/api.w.org\/{rel}","templated":true}]}}