{"id":34929,"date":"2025-02-20T22:36:46","date_gmt":"2025-02-20T22:36:46","guid":{"rendered":"http:\/\/olemosaic.com\/producto\/funda-de-telefono-para-iphone-15-pro-tpu-gato-barcelona-blanco\/"},"modified":"2025-07-25T20:26:16","modified_gmt":"2025-07-25T18:26:16","slug":"coque-de-telephone-pour-iphone-15-pro-tpu-chat-barcelone-blanc","status":"publish","type":"product","link":"https:\/\/olemosaic.com\/fr\/produit\/coque-de-telephone-pour-iphone-15-pro-tpu-chat-barcelone-blanc\/","title":{"rendered":"Coque de t\u00e9l\u00e9phone pour iPhone 15 Pro (TPU). Chat. Barcelone. Blanc"},"content":{"rendered":"<p>Nous vous pr\u00e9sentons la coque pour iPhone 15 Pro, une pi\u00e8ce unique qui fusionne fonctionnalit\u00e9 et art de mani\u00e8re exceptionnelle. Fabriqu\u00e9e en TPU de haute qualit\u00e9, cette coque arbore un design vibrant qui capture l&rsquo;esprit cr\u00e9atif de Barcelone, \u00e9voquant ses c\u00e9l\u00e8bres mosa\u00efques. L&rsquo;illustration color\u00e9e montre un chat dans un style mosa\u00efque qui se distingue par sa palette de couleurs \u00e9clatantes, entour\u00e9 de papillons qui ajoutent une touche de joie et de vitalit\u00e9. Le fond blanc simule les carreaux de mosa\u00efque caract\u00e9ristiques de la ville, apportant un air contemporain et artistique.<\/p>\n<p>Le texte \u00ab\u00a0Barcelona\u00a0\u00bb est pr\u00e9sent\u00e9 de mani\u00e8re \u00e9l\u00e9gante, compl\u00e9tant l&rsquo;\u0153uvre et soulignant la connexion culturelle avec cette ville embl\u00e9matique. Cet accessoire ne prot\u00e8ge pas seulement l&rsquo;appareil, mais agit \u00e9galement comme un souvenir frappant de la richesse artistique de Barcelone, un souvenir parfait pour ceux qui souhaitent ramener un morceau de la cit\u00e9 comtale chez eux. Chez Ol\u00e9 Mosaic, nous nous sp\u00e9cialisons dans la distribution de souvenirs en gros, et cette coque chat est une option id\u00e9ale pour les boutiques de cadeaux touristiques qui cherchent \u00e0 offrir des produits authentiques et de qualit\u00e9. Une coque qui, en plus d&rsquo;\u00eatre pratique, repr\u00e9sente l&rsquo;essence de Barcelone et sa culture vibrante.<\/p>\n","protected":false},"excerpt":{"rendered":"<p>Coque pour iPhone 15 Pro fabriqu\u00e9e en TPU, d\u00e9cor\u00e9e d&rsquo;un design vibrant d&rsquo;un chat sur un fond \u00e9voquant la c\u00e9l\u00e8bre mosa\u00efque de Barcelone. L&rsquo;illustration montre un chat aux couleurs \u00e9clatantes, de style mosa\u00efque, entour\u00e9 de papillons color\u00e9s. Le texte \u00ab\u00a0Barcelona\u00a0\u00bb ressort avec \u00e9l\u00e9gance, compl\u00e9tant cette pi\u00e8ce qui irradie l&rsquo;esprit artistique et culturel de la ville. Un accessoire fonctionnel et attrayant pour les amoureux de la cit\u00e9 comtale.<\/p>\n","protected":false},"featured_media":12444,"template":"","meta":{"_acf_changed":false},"product_brand":[],"product_cat":[674],"product_tag":[530],"class_list":{"0":"post-34929","1":"product","2":"type-product","3":"status-publish","4":"has-post-thumbnail","6":"product_cat-etuis-pour-telephones-portables","7":"product_tag-animaux","8":"pa_ciudad-barcelona","9":"pa_motivo-chats","10":"pa_pais-espana","12":"first","13":"instock","14":"shipping-taxable","15":"product-type-simple"},"acf":[],"_links":{"self":[{"href":"https:\/\/olemosaic.com\/fr\/wp-json\/wp\/v2\/product\/34929","targetHints":{"allow":["GET"]}}],"collection":[{"href":"https:\/\/olemosaic.com\/fr\/wp-json\/wp\/v2\/product"}],"about":[{"href":"https:\/\/olemosaic.com\/fr\/wp-json\/wp\/v2\/types\/product"}],"wp:featuredmedia":[{"embeddable":true,"href":"https:\/\/olemosaic.com\/fr\/wp-json\/wp\/v2\/media\/12444"}],"wp:attachment":[{"href":"https:\/\/olemosaic.com\/fr\/wp-json\/wp\/v2\/media?parent=34929"}],"wp:term":[{"taxonomy":"product_brand","embeddable":true,"href":"https:\/\/olemosaic.com\/fr\/wp-json\/wp\/v2\/product_brand?post=34929"},{"taxonomy":"product_cat","embeddable":true,"href":"https:\/\/olemosaic.com\/fr\/wp-json\/wp\/v2\/product_cat?post=34929"},{"taxonomy":"product_tag","embeddable":true,"href":"https:\/\/olemosaic.com\/fr\/wp-json\/wp\/v2\/product_tag?post=34929"}],"curies":[{"name":"wp","href":"https:\/\/api.w.org\/{rel}","templated":true}]}}