{"id":34918,"date":"2025-02-20T23:36:46","date_gmt":"2025-02-20T22:36:46","guid":{"rendered":"http:\/\/olemosaic.com\/producto\/funda-de-telefono-para-iphone-15-promax-tpu-abstracto-negro-2\/"},"modified":"2025-07-25T20:35:03","modified_gmt":"2025-07-25T18:35:03","slug":"coque-de-telephone-pour-iphone-15-promax-tpu-abstrait-noir-2","status":"publish","type":"product","link":"https:\/\/olemosaic.com\/fr\/produit\/coque-de-telephone-pour-iphone-15-promax-tpu-abstrait-noir-2\/","title":{"rendered":"Coque de t\u00e9l\u00e9phone pour iPhone 15 Pro Max (TPU). Abstrait. Motif de nuages. Noir"},"content":{"rendered":"<p>Nous vous pr\u00e9sentons la coque pour iPhone 15 Pro Max, un accessoire indispensable pour ceux qui recherchent une combinaison de protection et de style moderne. Fabriqu\u00e9e en TPU de haute qualit\u00e9, cette coque offre une r\u00e9sistance exceptionnelle contre les impacts et les rayures, garantissant que votre appareil reste en parfait \u00e9tat. Son design abstrait, avec une palette vibrante de noir, bleu, orange et rose, ressemble \u00e0 un effet dynamique de nuages de couleur, apportant une apparence artistique et contemporaine qui se d\u00e9marque dans n&rsquo;importe quel environnement.<\/p>\n<p>Chaque coque pr\u00e9sente un design unique, o\u00f9 les transitions de couleurs douces et la profondeur visuelle cr\u00e9ent un effet hypnotique, transformant chaque pi\u00e8ce en un v\u00e9ritable objet d&rsquo;art. Ce style moderne am\u00e9liore non seulement l&rsquo;esth\u00e9tique de votre iPhone, mais en fait \u00e9galement un excellent cadeau ou souvenir pour les touristes qui souhaitent emporter un souvenir alliant fonctionnalit\u00e9 et originalit\u00e9.<\/p>\n<p>Chez Ol\u00e9 Mosaic, nous sommes fiers de proposer des coques de t\u00e9l\u00e9phone en gros qui refl\u00e8tent l&rsquo;authenticit\u00e9 et la cr\u00e9ativit\u00e9. Cette coque pour iPhone 15 Pro Max est le choix parfait pour les boutiques de cadeaux touristiques qui cherchent \u00e0 surprendre leurs clients avec des produits de qualit\u00e9 et de pertinence culturelle. Avec notre approche sur la distribution d&rsquo;accessoires uniques, nous garantissons un design attrayant et une protection efficace sur chaque article que nous proposons.<\/p>\n","protected":false},"excerpt":{"rendered":"<p>Coque pour iPhone 15 Pro Max fabriqu\u00e9e en TPU, avec un design abstrait dans des tons vibrants de noir, bleu, orange et rose. Cette coque, en plus de prot\u00e9ger votre appareil, pr\u00e9sente un effet dynamique de nuages de couleur qui apporte une touche moderne et artistique. Les nuances douces et la profondeur du design font que chaque coque est unique, id\u00e9ale pour ceux qui recherchent un style contemporain et original.<\/p>\n","protected":false},"featured_media":12481,"template":"","meta":{"_acf_changed":false},"product_brand":[],"product_cat":[674],"product_tag":[],"class_list":{"0":"post-34918","1":"product","2":"type-product","3":"status-publish","4":"has-post-thumbnail","6":"product_cat-etuis-pour-telephones-portables","7":"pa_motivo-resume","9":"first","10":"instock","11":"shipping-taxable","12":"product-type-simple"},"acf":[],"_links":{"self":[{"href":"https:\/\/olemosaic.com\/fr\/wp-json\/wp\/v2\/product\/34918","targetHints":{"allow":["GET"]}}],"collection":[{"href":"https:\/\/olemosaic.com\/fr\/wp-json\/wp\/v2\/product"}],"about":[{"href":"https:\/\/olemosaic.com\/fr\/wp-json\/wp\/v2\/types\/product"}],"wp:featuredmedia":[{"embeddable":true,"href":"https:\/\/olemosaic.com\/fr\/wp-json\/wp\/v2\/media\/12481"}],"wp:attachment":[{"href":"https:\/\/olemosaic.com\/fr\/wp-json\/wp\/v2\/media?parent=34918"}],"wp:term":[{"taxonomy":"product_brand","embeddable":true,"href":"https:\/\/olemosaic.com\/fr\/wp-json\/wp\/v2\/product_brand?post=34918"},{"taxonomy":"product_cat","embeddable":true,"href":"https:\/\/olemosaic.com\/fr\/wp-json\/wp\/v2\/product_cat?post=34918"},{"taxonomy":"product_tag","embeddable":true,"href":"https:\/\/olemosaic.com\/fr\/wp-json\/wp\/v2\/product_tag?post=34918"}],"curies":[{"name":"wp","href":"https:\/\/api.w.org\/{rel}","templated":true}]}}