{"id":34917,"date":"2025-02-20T23:36:46","date_gmt":"2025-02-20T22:36:46","guid":{"rendered":"http:\/\/olemosaic.com\/producto\/funda-de-telefono-para-iphone-14-tpu-motivos-marinos-azul-2\/"},"modified":"2025-07-25T20:02:04","modified_gmt":"2025-07-25T18:02:04","slug":"coque-de-telephone-pour-iphone-14-tpu-motifs-marins-bleu-2","status":"publish","type":"product","link":"https:\/\/olemosaic.com\/fr\/produit\/coque-de-telephone-pour-iphone-14-tpu-motifs-marins-bleu-2\/","title":{"rendered":"Coque de t\u00e9l\u00e9phone pour iPhone 14 (TPU). Motifs marins. Mosa\u00efque. Bleu"},"content":{"rendered":"<p>Nous vous pr\u00e9sentons la coque pour iPhone 14, une pi\u00e8ce unique fabriqu\u00e9e en TPU qui capture l&rsquo;essence de la vie marine de Majorque. Cette coque se distingue par ses motifs marins vibrants, avec une illustration color\u00e9e repr\u00e9sentant des poissons, des tortues et des hippocampes nageant sur un fond bleu profond, \u00e9voquant la riche biodiversit\u00e9 de la M\u00e9diterran\u00e9e. Dans la partie inf\u00e9rieure, des \u00e9l\u00e9ments d\u00e9coratifs simulant une mosa\u00efque ajoutent une touche artistique, rappelant la tradition des mosa\u00efques majorquines, un symbole de l&rsquo;artisanat local.<\/p>\n<p>La coque ne prot\u00e8ge pas seulement votre appareil de mani\u00e8re sup\u00e9rieure, mais transforme \u00e9galement votre t\u00e9l\u00e9phone en une expression de l&rsquo;amour pour la mer et le folklore m\u00e9diterran\u00e9en. Son design joyeux et color\u00e9 en fait un souvenir id\u00e9al pour les amoureux de la nature et de la culture marine, leur permettant d&#8217;emporter un petit morceau de Majorque partout. Cet article n&rsquo;est pas seulement un accessoire essentiel, mais aussi un souvenir repr\u00e9sentatif de l&rsquo;une des plus belles \u00eeles d&rsquo;Espagne.<\/p>\n<p>Chez Ol\u00e9 Mosaic, nous sommes experts dans la distribution de souvenirs en gros, offrant des souvenirs authentiques qui capturent la richesse culturelle de chaque r\u00e9gion. Cette coque est une excellente option pour les boutiques de cadeaux touristiques qui recherchent des produits de qualit\u00e9 et de pertinence culturelle. En tant que grossistes de coques de t\u00e9l\u00e9phone, nous garantissons \u00e0 la fois le design tr\u00e8s sp\u00e9cial et l&rsquo;authenticit\u00e9 que vos clients attendent.<\/p>\n","protected":false},"excerpt":{"rendered":"<p>Coque pour iPhone 14 fabriqu\u00e9e en TPU, avec des motifs marins vibrants \u00e9voquant la riche vie aquatique de Majorque. Pr\u00e9sente une illustration color\u00e9e de poissons, tortues et hippocampes sur un fond bleu profond, ainsi que des \u00e9l\u00e9ments d\u00e9coratifs simulant une mosa\u00efque dans la partie inf\u00e9rieure. Cette coque ne prot\u00e8ge pas seulement votre appareil, mais ajoute \u00e9galement une touche artistique et joyeuse, id\u00e9ale pour les amoureux de la mer et des traditions m\u00e9diterran\u00e9ennes.<\/p>\n","protected":false},"featured_media":12957,"template":"","meta":{"_acf_changed":false},"product_brand":[],"product_cat":[674],"product_tag":[530],"class_list":{"0":"post-34917","1":"product","2":"type-product","3":"status-publish","4":"has-post-thumbnail","6":"product_cat-etuis-pour-telephones-portables","7":"product_tag-animaux","8":"pa_ciudad-mallorca","9":"pa_motivo-animaux-marins","10":"pa_pais-espana","12":"first","13":"instock","14":"shipping-taxable","15":"product-type-simple"},"acf":[],"_links":{"self":[{"href":"https:\/\/olemosaic.com\/fr\/wp-json\/wp\/v2\/product\/34917","targetHints":{"allow":["GET"]}}],"collection":[{"href":"https:\/\/olemosaic.com\/fr\/wp-json\/wp\/v2\/product"}],"about":[{"href":"https:\/\/olemosaic.com\/fr\/wp-json\/wp\/v2\/types\/product"}],"wp:featuredmedia":[{"embeddable":true,"href":"https:\/\/olemosaic.com\/fr\/wp-json\/wp\/v2\/media\/12957"}],"wp:attachment":[{"href":"https:\/\/olemosaic.com\/fr\/wp-json\/wp\/v2\/media?parent=34917"}],"wp:term":[{"taxonomy":"product_brand","embeddable":true,"href":"https:\/\/olemosaic.com\/fr\/wp-json\/wp\/v2\/product_brand?post=34917"},{"taxonomy":"product_cat","embeddable":true,"href":"https:\/\/olemosaic.com\/fr\/wp-json\/wp\/v2\/product_cat?post=34917"},{"taxonomy":"product_tag","embeddable":true,"href":"https:\/\/olemosaic.com\/fr\/wp-json\/wp\/v2\/product_tag?post=34917"}],"curies":[{"name":"wp","href":"https:\/\/api.w.org\/{rel}","templated":true}]}}