{"id":34915,"date":"2025-02-20T23:36:46","date_gmt":"2025-02-20T22:36:46","guid":{"rendered":"http:\/\/olemosaic.com\/producto\/funda-de-telefono-para-iphone-14-promax-tpu-abstracto-azul-3\/"},"modified":"2025-07-25T18:39:53","modified_gmt":"2025-07-25T16:39:53","slug":"coque-de-telephone-pour-iphone-14-promax-tpu-abstrait-bleu-3","status":"publish","type":"product","link":"https:\/\/olemosaic.com\/fr\/produit\/coque-de-telephone-pour-iphone-14-promax-tpu-abstrait-bleu-3\/","title":{"rendered":"Coque de t\u00e9l\u00e9phone pour iPhone 14 Pro Max (TPU). Abstrait. Style moderne. Bleu"},"content":{"rendered":"<p>Nous vous pr\u00e9sentons la coque pour iPhone 14 Pro Max, une pi\u00e8ce qui fusionne design et fonctionnalit\u00e9. Fabriqu\u00e9e en TPU, un mat\u00e9riau connu pour sa durabilit\u00e9 et sa r\u00e9sistance, cette coque arbore un design abstrait attrayant dans les tons bleus. Un motif de diamants vibrant qui passe du jaune au vert et au bleu cr\u00e9e un effet d\u00e9grad\u00e9 captivant, apportant une touche moderne et color\u00e9e qui fera ressortir votre appareil.<\/p>\n<p>En plus de son esth\u00e9tique impressionnante, cette coque offre une protection exceptionnelle contre les chocs et les rayures, maintenant votre iPhone 14 Pro Max en parfait \u00e9tat tout en exprimant votre style personnel. La combinaison d&rsquo;un design contemporain et de la robustesse du TPU en fait un souvenir repr\u00e9sentatif de l&rsquo;Espagne, id\u00e9al pour les touristes qui recherchent plus qu&rsquo;un simple accessoire : un souvenir qui parle de leur passage dans ce pays singulier.<\/p>\n<p>Chez Ol\u00e9 Mosaic, nous sommes fiers de proposer des produits authentiques et pertinents qui capturent l&rsquo;essence culturelle. Cette coque n&rsquo;est pas seulement un article de mode, mais une excellente option pour les boutiques de cadeaux touristiques qui souhaitent inclure des produits uniques et de haute qualit\u00e9 dans leur offre. Avec notre exp\u00e9rience en tant que grossistes d&rsquo;articles de design, nous garantissons que chaque coque r\u00e9pond aux normes les plus \u00e9lev\u00e9es d&rsquo;artisanat et d&rsquo;originalit\u00e9.<\/p>\n","protected":false},"excerpt":{"rendered":"<p>Coque pour iPhone 14 Pro Max en TPU avec design abstrait dans les tons bleus. Pr\u00e9sente un motif de diamants attrayant avec un d\u00e9grad\u00e9 allant du jaune au vert et au bleu, cr\u00e9ant un effet vibrant. Cette coque, en plus de prot\u00e9ger contre les chocs et les rayures, ajoute une touche moderne et color\u00e9e \u00e0 l&rsquo;appareil, id\u00e9ale pour ceux qui recherchent style et s\u00e9curit\u00e9 dans un seul produit.<\/p>\n","protected":false},"featured_media":12418,"template":"","meta":{"_acf_changed":false},"product_brand":[],"product_cat":[674],"product_tag":[],"class_list":{"0":"post-34915","1":"product","2":"type-product","3":"status-publish","4":"has-post-thumbnail","6":"product_cat-etuis-pour-telephones-portables","7":"pa_motivo-resume","9":"first","10":"instock","11":"shipping-taxable","12":"product-type-simple"},"acf":[],"_links":{"self":[{"href":"https:\/\/olemosaic.com\/fr\/wp-json\/wp\/v2\/product\/34915","targetHints":{"allow":["GET"]}}],"collection":[{"href":"https:\/\/olemosaic.com\/fr\/wp-json\/wp\/v2\/product"}],"about":[{"href":"https:\/\/olemosaic.com\/fr\/wp-json\/wp\/v2\/types\/product"}],"wp:featuredmedia":[{"embeddable":true,"href":"https:\/\/olemosaic.com\/fr\/wp-json\/wp\/v2\/media\/12418"}],"wp:attachment":[{"href":"https:\/\/olemosaic.com\/fr\/wp-json\/wp\/v2\/media?parent=34915"}],"wp:term":[{"taxonomy":"product_brand","embeddable":true,"href":"https:\/\/olemosaic.com\/fr\/wp-json\/wp\/v2\/product_brand?post=34915"},{"taxonomy":"product_cat","embeddable":true,"href":"https:\/\/olemosaic.com\/fr\/wp-json\/wp\/v2\/product_cat?post=34915"},{"taxonomy":"product_tag","embeddable":true,"href":"https:\/\/olemosaic.com\/fr\/wp-json\/wp\/v2\/product_tag?post=34915"}],"curies":[{"name":"wp","href":"https:\/\/api.w.org\/{rel}","templated":true}]}}