{"id":34914,"date":"2025-02-20T23:36:45","date_gmt":"2025-02-20T22:36:45","guid":{"rendered":"http:\/\/olemosaic.com\/producto\/funda-de-telefono-para-iphone-14-tpu-abstracto-azul-3\/"},"modified":"2025-07-25T20:35:42","modified_gmt":"2025-07-25T18:35:42","slug":"coque-de-telephone-pour-iphone-14-tpu-abstrait-bleu-3","status":"publish","type":"product","link":"https:\/\/olemosaic.com\/fr\/produit\/coque-de-telephone-pour-iphone-14-tpu-abstrait-bleu-3\/","title":{"rendered":"Coque de t\u00e9l\u00e9phone pour iPhone 14 (TPU). Abstrait. Barcelone. Bleu."},"content":{"rendered":"<p>Nous vous pr\u00e9sentons la coque pour iPhone 14 \u00ab\u00a0Barcelone\u00a0\u00bb, une pi\u00e8ce magnifique et moderne fabriqu\u00e9e en TPU qui, en plus d&rsquo;offrir une protection optimale, se distingue par son design abstrait vibrant. La coque pr\u00e9sente un fond o\u00f9 s&rsquo;entrelacent des couleurs intenses comme les bleus, les jaunes et les roses, qui s&rsquo;\u00e9coulent dans des formes dynamiques et captivantes, \u00e9voquant l&rsquo;\u00e9nergie et le dynamisme de la ville m\u00e9diterran\u00e9enne.<\/p>\n<p>Le mot \u00ab\u00a0Barcelona\u00a0\u00bb ressort en lettres blanches, cr\u00e9ant un contraste fascinant avec le fond multicolore. Ce design n&rsquo;est pas seulement un hommage visuel \u00e0 l&rsquo;architecture et \u00e0 la culture vibrante de Barcelone, mais il agit \u00e9galement comme un rappel des \u00e9motions v\u00e9cues dans cette ville embl\u00e9matique. Avec son style unique et contemporain, cette coque est parfaite pour ceux qui souhaitent combiner fonctionnalit\u00e9 et esth\u00e9tique.<\/p>\n<p>En tant que souvenir de Barcelone, cette coque encapsule l&rsquo;essence culturelle de la r\u00e9gion, \u00e9tant une excellente option pour les touristes qui cherchent \u00e0 emporter un petit morceau de la ville. Chez Ol\u00e9 Mosaic, en tant que grossistes d&rsquo;accessoires et de souvenirs, nous garantissons des produits authentiques et de qualit\u00e9. Cette coque de t\u00e9l\u00e9phone n&rsquo;est pas seulement une protection moderne pour votre appareil, mais aussi un souvenir repr\u00e9sentatif de la riche tradition culturelle de Barcelone, id\u00e9al pour les boutiques de cadeaux touristiques qui cherchent \u00e0 offrir des articles exclusifs et significatifs.<\/p>\n","protected":false},"excerpt":{"rendered":"<p>Coque pour iPhone 14 fabriqu\u00e9e en TPU, avec un design abstrait et vibrant qui \u00e9voque l&rsquo;essence de Barcelone. Cette coque pr\u00e9sente un fond de couleurs intenses, comme les bleus, les jaunes et les roses, entrelac\u00e9s dans des formes fluides et dynamiques. Le mot \u00ab\u00a0Barcelona\u00a0\u00bb se d\u00e9tache en lettres blanches, cr\u00e9ant un contraste attrayant avec le fond multicolore. Parfaite pour ceux qui recherchent une protection moderne et un style unique pour leur appareil.<\/p>\n","protected":false},"featured_media":12362,"template":"","meta":{"_acf_changed":false},"product_brand":[],"product_cat":[674],"product_tag":[],"class_list":{"0":"post-34914","1":"product","2":"type-product","3":"status-publish","4":"has-post-thumbnail","6":"product_cat-etuis-pour-telephones-portables","7":"pa_ciudad-barcelona","8":"pa_motivo-resume","9":"pa_pais-espana","11":"first","12":"instock","13":"shipping-taxable","14":"product-type-simple"},"acf":[],"_links":{"self":[{"href":"https:\/\/olemosaic.com\/fr\/wp-json\/wp\/v2\/product\/34914","targetHints":{"allow":["GET"]}}],"collection":[{"href":"https:\/\/olemosaic.com\/fr\/wp-json\/wp\/v2\/product"}],"about":[{"href":"https:\/\/olemosaic.com\/fr\/wp-json\/wp\/v2\/types\/product"}],"wp:featuredmedia":[{"embeddable":true,"href":"https:\/\/olemosaic.com\/fr\/wp-json\/wp\/v2\/media\/12362"}],"wp:attachment":[{"href":"https:\/\/olemosaic.com\/fr\/wp-json\/wp\/v2\/media?parent=34914"}],"wp:term":[{"taxonomy":"product_brand","embeddable":true,"href":"https:\/\/olemosaic.com\/fr\/wp-json\/wp\/v2\/product_brand?post=34914"},{"taxonomy":"product_cat","embeddable":true,"href":"https:\/\/olemosaic.com\/fr\/wp-json\/wp\/v2\/product_cat?post=34914"},{"taxonomy":"product_tag","embeddable":true,"href":"https:\/\/olemosaic.com\/fr\/wp-json\/wp\/v2\/product_tag?post=34914"}],"curies":[{"name":"wp","href":"https:\/\/api.w.org\/{rel}","templated":true}]}}