{"id":34893,"date":"2025-02-20T23:36:45","date_gmt":"2025-02-20T22:36:45","guid":{"rendered":"http:\/\/olemosaic.com\/producto\/funda-de-telefono-para-iphone-13-tpu-motivos-marinos-azul-2\/"},"modified":"2025-07-25T20:16:57","modified_gmt":"2025-07-25T18:16:57","slug":"coque-telephone-iphone-13-tpu-motifs-marins-bleu-2","status":"publish","type":"product","link":"https:\/\/olemosaic.com\/fr\/produit\/coque-telephone-iphone-13-tpu-motifs-marins-bleu-2\/","title":{"rendered":"Coque de t\u00e9l\u00e9phone pour iPhone 13 (TPU). Motifs marins. Majorque. Bleu"},"content":{"rendered":"<p>Nous vous pr\u00e9sentons la coque pour iPhone 13, un accessoire qui fusionne protection et art marin dans un seul produit. Fabriqu\u00e9e en TPU, cette coque arbore un design vibrant inspir\u00e9 par la beaut\u00e9 de la M\u00e9diterran\u00e9e \u00e0 Majorque. Son fond bleu profond capture l&rsquo;essence de l&rsquo;oc\u00e9an, montrant une illustration color\u00e9e de poissons, de tortues et d&rsquo;hippocampes nageant dans un environnement de corail riche et vibrant. La base en mosa\u00efque, qui \u00e9voque la c\u00e9l\u00e8bre technique de l&rsquo;art islamique pr\u00e9sente dans l&rsquo;architecture de l&rsquo;\u00eele, ajoute une touche artistique et culturelle \u00e0 cet accessoire.<\/p>\n<p>Chaque d\u00e9tail de cette coque est un hommage \u00e0 la faune marine qui habite les eaux cristallines de Majorque, en faisant un souvenir id\u00e9al pour ceux qui recherchent un objet authentique refl\u00e9tant la culture m\u00e9diterran\u00e9enne. La connexion culturelle de ce produit avec la r\u00e9gion est ind\u00e9niable, car il repr\u00e9sente non seulement la beaut\u00e9 naturelle, mais aussi la tradition artistique qui distingue l&rsquo;\u00eele.<\/p>\n<p>Chez Ol\u00e9 Mosaic, nous nous sp\u00e9cialisons dans la distribution de souvenirs de haute qualit\u00e9, et cette coque est une excellente option pour les boutiques de cadeaux touristiques souhaitant offrir \u00e0 leurs clients un souvenir fonctionnel et beau de Majorque. En tant que distributeurs de coques en gros, nous garantissons des produits authentiques qui capturent l&rsquo;essence de chaque lieu, faisant de cette coque un souvenir incontournable pour les touristes visitant l&rsquo;\u00eele magique.<\/p>\n","protected":false},"excerpt":{"rendered":"<p>Coque pour iPhone 13, fabriqu\u00e9e en TPU, avec des motifs marins vibrants inspir\u00e9s par la beaut\u00e9 de la M\u00e9diterran\u00e9e \u00e0 Majorque. Le design pr\u00e9sente un fond bleu profond avec des poissons, des tortues et des hippocampes color\u00e9s, capturant l&rsquo;essence de la vie marine. La base en mosa\u00efque ajoute une touche artistique \u00e0 l&rsquo;ensemble, faisant de cette coque non seulement un accessoire de protection, mais aussi une pi\u00e8ce d\u00e9corative qui refl\u00e8te l&rsquo;influence culturelle de l&rsquo;\u00eele.<\/p>\n","protected":false},"featured_media":12929,"template":"","meta":{"_acf_changed":false},"product_brand":[],"product_cat":[674],"product_tag":[530],"class_list":{"0":"post-34893","1":"product","2":"type-product","3":"status-publish","4":"has-post-thumbnail","6":"product_cat-etuis-pour-telephones-portables","7":"product_tag-animaux","8":"pa_ciudad-mallorca","9":"pa_motivo-animaux-marins","10":"pa_pais-espana","12":"first","13":"instock","14":"shipping-taxable","15":"product-type-simple"},"acf":[],"_links":{"self":[{"href":"https:\/\/olemosaic.com\/fr\/wp-json\/wp\/v2\/product\/34893","targetHints":{"allow":["GET"]}}],"collection":[{"href":"https:\/\/olemosaic.com\/fr\/wp-json\/wp\/v2\/product"}],"about":[{"href":"https:\/\/olemosaic.com\/fr\/wp-json\/wp\/v2\/types\/product"}],"wp:featuredmedia":[{"embeddable":true,"href":"https:\/\/olemosaic.com\/fr\/wp-json\/wp\/v2\/media\/12929"}],"wp:attachment":[{"href":"https:\/\/olemosaic.com\/fr\/wp-json\/wp\/v2\/media?parent=34893"}],"wp:term":[{"taxonomy":"product_brand","embeddable":true,"href":"https:\/\/olemosaic.com\/fr\/wp-json\/wp\/v2\/product_brand?post=34893"},{"taxonomy":"product_cat","embeddable":true,"href":"https:\/\/olemosaic.com\/fr\/wp-json\/wp\/v2\/product_cat?post=34893"},{"taxonomy":"product_tag","embeddable":true,"href":"https:\/\/olemosaic.com\/fr\/wp-json\/wp\/v2\/product_tag?post=34893"}],"curies":[{"name":"wp","href":"https:\/\/api.w.org\/{rel}","templated":true}]}}