{"id":34891,"date":"2025-02-20T22:36:45","date_gmt":"2025-02-20T22:36:45","guid":{"rendered":"http:\/\/olemosaic.com\/producto\/funda-de-telefono-para-iphone-13-tpu-forjas-azul\/"},"modified":"2025-07-25T20:02:40","modified_gmt":"2025-07-25T18:02:40","slug":"coque-telephone-iphone-13-tpu-ferronnerie-bleu","status":"publish","type":"product","link":"https:\/\/olemosaic.com\/fr\/produit\/coque-telephone-iphone-13-tpu-ferronnerie-bleu\/","title":{"rendered":"Coque de t\u00e9l\u00e9phone pour iPhone 13 (TPU). Ferronnerie. Bleu"},"content":{"rendered":"<p>Nous vous pr\u00e9sentons la coque pour iPhone 13, un accessoire exceptionnel qui combine protection et style, inspir\u00e9 par le riche h\u00e9ritage artistique de l&rsquo;architecture espagnole. Fabriqu\u00e9e en TPU de haute qualit\u00e9, cette coque est flexible et l\u00e9g\u00e8re, offrant une protection efficace contre les impacts et les chutes, pr\u00e9servant ainsi votre appareil des dommages potentiels. Sa couleur bleue vibrante \u00e9voque l&rsquo;\u00e9l\u00e9gance des ferronneries traditionnelles espagnoles, tandis que le motif complexe d&rsquo;arabesques de couleur blanche se distingue par sa d\u00e9licatesse et sa sophistication, apportant une touche de distinction \u00e0 l&rsquo;esth\u00e9tique du t\u00e9l\u00e9phone.<\/p>\n<p>Chaque d\u00e9tail du design refl\u00e8te la ma\u00eetrise de l&rsquo;artisanat espagnol, transformant cette coque en un v\u00e9ritable hommage \u00e0 la beaut\u00e9 architecturale des ferronneries embl\u00e9matiques qui ornent les places et les b\u00e2timents historiques dans des villes comme S\u00e9ville et Cordoue. Id\u00e9ale pour les touristes et les amoureux de la culture, cette coque est bien plus qu&rsquo;un simple accessoire ; c&rsquo;est un souvenir pratique et significatif qui rend hommage \u00e0 la riche tradition culturelle de l&rsquo;Espagne.<\/p>\n<p>Chez Ol\u00e9 Mosaic, nous nous sp\u00e9cialisons dans la distribution de souvenirs en gros, et cette coque de t\u00e9l\u00e9phone est une option id\u00e9ale pour les boutiques de cadeaux touristiques qui cherchent \u00e0 proposer des produits alliant fonctionnalit\u00e9 et authenticit\u00e9. Ajoutez cet article \u00e0 votre catalogue et offrez \u00e0 vos clients une fa\u00e7on unique d&#8217;emporter avec eux un morceau de la culture espagnole.<\/p>\n","protected":false},"excerpt":{"rendered":"<p>Coque pour iPhone 13 fabriqu\u00e9e en TPU, avec un design bleu vibrant inspir\u00e9 par les \u00e9l\u00e9gantes ferronneries. Elle pr\u00e9sente un motif complexe d&rsquo;arabesques blanches, \u00e9voquant l&rsquo;h\u00e9ritage artistique de l&rsquo;architecture espagnole. Son mat\u00e9riau flexible assure une protection efficace contre les impacts, tandis que sa finition douce offre un toucher agr\u00e9able. Id\u00e9ale pour ceux qui cherchent \u00e0 combiner fonctionnalit\u00e9 et touche culturelle distinctive.<\/p>\n","protected":false},"featured_media":12290,"template":"","meta":{"_acf_changed":false},"product_brand":[],"product_cat":[674],"product_tag":[],"class_list":{"0":"post-34891","1":"product","2":"type-product","3":"status-publish","4":"has-post-thumbnail","6":"product_cat-etuis-pour-telephones-portables","7":"pa_motivo-forges","9":"first","10":"instock","11":"shipping-taxable","12":"product-type-simple"},"acf":[],"_links":{"self":[{"href":"https:\/\/olemosaic.com\/fr\/wp-json\/wp\/v2\/product\/34891","targetHints":{"allow":["GET"]}}],"collection":[{"href":"https:\/\/olemosaic.com\/fr\/wp-json\/wp\/v2\/product"}],"about":[{"href":"https:\/\/olemosaic.com\/fr\/wp-json\/wp\/v2\/types\/product"}],"wp:featuredmedia":[{"embeddable":true,"href":"https:\/\/olemosaic.com\/fr\/wp-json\/wp\/v2\/media\/12290"}],"wp:attachment":[{"href":"https:\/\/olemosaic.com\/fr\/wp-json\/wp\/v2\/media?parent=34891"}],"wp:term":[{"taxonomy":"product_brand","embeddable":true,"href":"https:\/\/olemosaic.com\/fr\/wp-json\/wp\/v2\/product_brand?post=34891"},{"taxonomy":"product_cat","embeddable":true,"href":"https:\/\/olemosaic.com\/fr\/wp-json\/wp\/v2\/product_cat?post=34891"},{"taxonomy":"product_tag","embeddable":true,"href":"https:\/\/olemosaic.com\/fr\/wp-json\/wp\/v2\/product_tag?post=34891"}],"curies":[{"name":"wp","href":"https:\/\/api.w.org\/{rel}","templated":true}]}}