{"id":34889,"date":"2025-02-20T23:36:45","date_gmt":"2025-02-20T22:36:45","guid":{"rendered":"http:\/\/olemosaic.com\/producto\/funda-de-telefono-para-iphone-13-pro-tpu-motivos-marinos-azul-2\/"},"modified":"2025-07-25T20:35:49","modified_gmt":"2025-07-25T18:35:49","slug":"coque-telephone-iphone-13-pro-tpu-motifs-marins-bleu-2","status":"publish","type":"product","link":"https:\/\/olemosaic.com\/fr\/produit\/coque-telephone-iphone-13-pro-tpu-motifs-marins-bleu-2\/","title":{"rendered":"Coque de t\u00e9l\u00e9phone pour iPhone 13 Pro (TPU). Motifs marins. Style m\u00e9diterran\u00e9en. Bleu"},"content":{"rendered":"<p>Voici la coque pour iPhone 13 Pro, un hommage vibrant au charme marin de Majorque. Fabriqu\u00e9e en TPU, cet accessoire ne prot\u00e8ge pas seulement votre appareil, mais vous permet \u00e9galement d&#8217;emporter un petit morceau de la magnifique \u00eele espagnole avec vous. Son design color\u00e9 pr\u00e9sente une vari\u00e9t\u00e9 de poissons, de tortues et d&rsquo;hippocampes qui nagent joyeusement sur un fond bleu profond, simulant les eaux cristallines de la M\u00e9diterran\u00e9e. L&rsquo;attention port\u00e9e aux d\u00e9tails est \u00e9vidente, chaque cr\u00e9ature marine \u00e9tant illustr\u00e9e dans un style vibrant et captivant, capturant l&rsquo;essence de la vie marine locale. Dans la partie inf\u00e9rieure de la coque, une mosa\u00efque rappelant la c\u00e9ramique traditionnelle majorquine compl\u00e8te l&rsquo;ensemble, soulignant le riche h\u00e9ritage culturel de l&rsquo;\u00eele.<\/p>\n<p>Ce souvenir est id\u00e9al non seulement pour ceux qui recherchent une protection pour leur iPhone, mais aussi pour les touristes souhaitant emporter un souvenir authentique de leur visite \u00e0 Majorque. Chez Ol\u00e9 Mosaic, nous nous sp\u00e9cialisons dans la distribution en gros de produits qui refl\u00e8tent la culture et la tradition, et cette coque est une excellente option pour les boutiques de cadeaux touristiques \u00e0 la recherche de souvenirs uniques et repr\u00e9sentatifs. Avec la coque pour iPhone 13 Pro, chaque utilisateur peut afficher son amour pour la mer et la beaut\u00e9 de Majorque, soulignant son authenticit\u00e9 comme un souvenir m\u00e9morable de l&rsquo;\u00eele.<\/p>\n","protected":false},"excerpt":{"rendered":"<p>Coque pour iPhone 13 Pro fabriqu\u00e9e en TPU, avec de joyeux motifs marins \u00e9voquant le charme de Majorque. Ce design color\u00e9 pr\u00e9sente une vari\u00e9t\u00e9 de poissons, de tortues et d&rsquo;hippocampes nageant sur un fond bleu intense qui simule les eaux de la M\u00e9diterran\u00e9e. Dans la partie inf\u00e9rieure, une mosa\u00efque rappelant la c\u00e9ramique traditionnelle de l&rsquo;\u00eele compl\u00e8te l&rsquo;ensemble. Id\u00e9ale pour prot\u00e9ger votre appareil tout en affichant votre amour pour la mer.<\/p>\n","protected":false},"featured_media":12935,"template":"","meta":{"_acf_changed":false},"product_brand":[],"product_cat":[674],"product_tag":[530],"class_list":{"0":"post-34889","1":"product","2":"type-product","3":"status-publish","4":"has-post-thumbnail","6":"product_cat-etuis-pour-telephones-portables","7":"product_tag-animaux","8":"pa_ciudad-mallorca","9":"pa_motivo-animaux-marins","10":"pa_pais-espana","12":"first","13":"instock","14":"shipping-taxable","15":"product-type-simple"},"acf":[],"_links":{"self":[{"href":"https:\/\/olemosaic.com\/fr\/wp-json\/wp\/v2\/product\/34889","targetHints":{"allow":["GET"]}}],"collection":[{"href":"https:\/\/olemosaic.com\/fr\/wp-json\/wp\/v2\/product"}],"about":[{"href":"https:\/\/olemosaic.com\/fr\/wp-json\/wp\/v2\/types\/product"}],"wp:featuredmedia":[{"embeddable":true,"href":"https:\/\/olemosaic.com\/fr\/wp-json\/wp\/v2\/media\/12935"}],"wp:attachment":[{"href":"https:\/\/olemosaic.com\/fr\/wp-json\/wp\/v2\/media?parent=34889"}],"wp:term":[{"taxonomy":"product_brand","embeddable":true,"href":"https:\/\/olemosaic.com\/fr\/wp-json\/wp\/v2\/product_brand?post=34889"},{"taxonomy":"product_cat","embeddable":true,"href":"https:\/\/olemosaic.com\/fr\/wp-json\/wp\/v2\/product_cat?post=34889"},{"taxonomy":"product_tag","embeddable":true,"href":"https:\/\/olemosaic.com\/fr\/wp-json\/wp\/v2\/product_tag?post=34889"}],"curies":[{"name":"wp","href":"https:\/\/api.w.org\/{rel}","templated":true}]}}