{"id":34883,"date":"2025-02-20T22:36:44","date_gmt":"2025-02-20T22:36:44","guid":{"rendered":"http:\/\/olemosaic.com\/producto\/funda-de-telefono-para-iphone-13-pro-tpu-salamandra-barcelona-negro\/"},"modified":"2025-07-25T19:34:02","modified_gmt":"2025-07-25T17:34:02","slug":"coque-de-telephone-pour-iphone-13-pro-tpu-salamandre-barcelone-noir","status":"publish","type":"product","link":"https:\/\/olemosaic.com\/fr\/produit\/coque-de-telephone-pour-iphone-13-pro-tpu-salamandre-barcelone-noir\/","title":{"rendered":"Coque de t\u00e9l\u00e9phone pour iPhone 13 Pro (TPU). Salamandre. Barcelone. Noir"},"content":{"rendered":"<p>Nous vous pr\u00e9sentons la coque pour iPhone 13 Pro, un souvenir attrayant inspir\u00e9 par la riche culture de Barcelone. \u00c9labor\u00e9e en TPU de haute qualit\u00e9, cette coque combine fonctionnalit\u00e9 et style avec un design \u00e9l\u00e9gant qui ressort sur un fond noir. Sur sa surface se d\u00e9ploient diverses salamandres aux couleurs vibrantes, un motif qui \u00e9voque l&rsquo;essence du modernisme catalan, mouvement artistique pour lequel Barcelone est mondialement reconnue.<\/p>\n<p>Chaque salamandre, pr\u00e9sent\u00e9e dans un design color\u00e9 de type mosa\u00efque, est compl\u00e9t\u00e9e par de d\u00e9licates fleurs dans les tons bleu et rouge qui ajoutent une touche artistique et dynamique. Cette combinaison d&rsquo;\u00e9l\u00e9ments visuels ne transforme pas seulement la coque en un accessoire attrayant, mais en fait \u00e9galement un symbole de l&rsquo;ing\u00e9niosit\u00e9 et de la cr\u00e9ativit\u00e9 typiques de la r\u00e9gion.<\/p>\n<p>La coque ne prot\u00e8ge pas seulement l&rsquo;appareil, elle sert de rappel constant de l&rsquo;une des villes les plus embl\u00e9matiques d&rsquo;Espagne. Chez Ol\u00e9 Mosaic, nous sommes des distributeurs de souvenirs authentiques et repr\u00e9sentatifs, et cette coque de t\u00e9l\u00e9phone est une excellente option pour les boutiques de cadeaux touristiques qui recherchent des produits capturant l&rsquo;essence de Barcelone. Ce souvenir est id\u00e9al pour les touristes qui souhaitent ramener un morceau de la culture catalane chez eux, en faisant une option parfaite et unique.<\/p>\n","protected":false},"excerpt":{"rendered":"<p>Coque pour iPhone 13 Pro fabriqu\u00e9e en TPU, avec un design \u00e9l\u00e9gant sur fond noir qui met en valeur des salamandres aux couleurs vibrantes. Inspir\u00e9e par la riche culture de Barcelone, elle pr\u00e9sente des d\u00e9tails d\u00e9coratifs tels que des fleurs bleues et rouges, qui lui donnent une touche artistique et dynamique. Les motifs des salamandres, avec leur design color\u00e9 en mosa\u00efque, \u00e9voquent l&rsquo;essence du modernisme catalan, transformant cette coque en un accessoire attrayant, tant fonctionnel qu&rsquo;esth\u00e9tique.<\/p>\n","protected":false},"featured_media":12326,"template":"","meta":{"_acf_changed":false},"product_brand":[],"product_cat":[674],"product_tag":[530],"class_list":{"0":"post-34883","1":"product","2":"type-product","3":"status-publish","4":"has-post-thumbnail","6":"product_cat-etuis-pour-telephones-portables","7":"product_tag-animaux","8":"pa_ciudad-barcelona","9":"pa_motivo-salamandres","10":"pa_pais-espana","12":"first","13":"instock","14":"shipping-taxable","15":"product-type-simple"},"acf":[],"_links":{"self":[{"href":"https:\/\/olemosaic.com\/fr\/wp-json\/wp\/v2\/product\/34883","targetHints":{"allow":["GET"]}}],"collection":[{"href":"https:\/\/olemosaic.com\/fr\/wp-json\/wp\/v2\/product"}],"about":[{"href":"https:\/\/olemosaic.com\/fr\/wp-json\/wp\/v2\/types\/product"}],"wp:featuredmedia":[{"embeddable":true,"href":"https:\/\/olemosaic.com\/fr\/wp-json\/wp\/v2\/media\/12326"}],"wp:attachment":[{"href":"https:\/\/olemosaic.com\/fr\/wp-json\/wp\/v2\/media?parent=34883"}],"wp:term":[{"taxonomy":"product_brand","embeddable":true,"href":"https:\/\/olemosaic.com\/fr\/wp-json\/wp\/v2\/product_brand?post=34883"},{"taxonomy":"product_cat","embeddable":true,"href":"https:\/\/olemosaic.com\/fr\/wp-json\/wp\/v2\/product_cat?post=34883"},{"taxonomy":"product_tag","embeddable":true,"href":"https:\/\/olemosaic.com\/fr\/wp-json\/wp\/v2\/product_tag?post=34883"}],"curies":[{"name":"wp","href":"https:\/\/api.w.org\/{rel}","templated":true}]}}