{"id":34882,"date":"2025-02-20T22:36:44","date_gmt":"2025-02-20T22:36:44","guid":{"rendered":"http:\/\/olemosaic.com\/producto\/funda-de-telefono-para-iphone-13-promax-tpu-salamandra-mallorca-blanco\/"},"modified":"2025-07-25T19:05:54","modified_gmt":"2025-07-25T17:05:54","slug":"coque-de-telephone-pour-iphone-13-promax-tpu-salamandre-majorque-blanc","status":"publish","type":"product","link":"https:\/\/olemosaic.com\/fr\/produit\/coque-de-telephone-pour-iphone-13-promax-tpu-salamandre-majorque-blanc\/","title":{"rendered":"Coque de t\u00e9l\u00e9phone pour iPhone 13 Pro Max (TPU). Salamandre. Majorque. Blanc"},"content":{"rendered":"<p>Nous vous pr\u00e9sentons la coque pour iPhone 13 Pro Max, une pi\u00e8ce vibrante et unique qui capture l&rsquo;essence de Majorque. Fabriqu\u00e9e en TPU de haute qualit\u00e9, cette coque combine durabilit\u00e9 et style, offrant une excellente protection pour votre appareil. Son design color\u00e9 en fait une v\u00e9ritable r\u00e9f\u00e9rence de l&rsquo;art majorquin. Le fond blanc rehausse une mosa\u00efque dynamique, orn\u00e9e de magnifiques salamandres qui \u00e9voquent l&rsquo;espace et la culture de l&rsquo;\u00eele. Les d\u00e9tails en rouge, bleu et vert des salamandres apportent une touche de vitalit\u00e9 et d&rsquo;originalit\u00e9, \u00e9voquant l&rsquo;environnement naturel et la riche biodiversit\u00e9 qui caract\u00e9rise Majorque.<\/p>\n<p>Le mot \u00ab\u00a0Mallorca\u00a0\u00bb, \u00e9crit en lettres multicolores, ajoute un \u00e9l\u00e9ment personnel et attrayant, id\u00e9al pour ceux qui souhaitent emporter un fragment de cette \u00eele charmante partout avec eux. Ce design n&rsquo;est pas seulement un accessoire fonctionnel, mais aussi un souvenir qui refl\u00e8te l&rsquo;authenticit\u00e9 culturelle de Majorque, devenant le cadeau parfait pour les touristes et les amoureux de l&rsquo;\u00eele. Chez Ol\u00e9 Mosaic, nous distribuons des produits qui c\u00e9l\u00e8brent l&rsquo;h\u00e9ritage culturel et la beaut\u00e9 de l&rsquo;Espagne. Cette coque est une merveilleuse option pour les boutiques de cadeaux touristiques \u00e0 la recherche de souvenirs attrayants et significatifs.<\/p>\n","protected":false},"excerpt":{"rendered":"<p>Coque pour iPhone 13 Pro Max, fabriqu\u00e9e en TPU, avec un design qui \u00e9voque la fra\u00eecheur de Majorque gr\u00e2ce \u00e0 son imprim\u00e9 vibrant de salamandres et de fleurs. La base blanche fait ressortir une mosa\u00efque de couleurs, tandis que les d\u00e9tails en rouge, bleu et vert de la salamandre ajoutent une touche de vie et d&rsquo;originalit\u00e9. Comprend le mot \u00ab\u00a0Mallorca\u00a0\u00bb en lettres multicolores, ce qui en fait l&rsquo;option parfaite pour ceux qui souhaitent emporter un morceau de cette \u00eele charmante avec eux.<\/p>\n","protected":false},"featured_media":12938,"template":"","meta":{"_acf_changed":false},"product_brand":[],"product_cat":[674],"product_tag":[530],"class_list":{"0":"post-34882","1":"product","2":"type-product","3":"status-publish","4":"has-post-thumbnail","6":"product_cat-etuis-pour-telephones-portables","7":"product_tag-animaux","8":"pa_ciudad-mallorca","9":"pa_motivo-salamandres","10":"pa_pais-espana","12":"first","13":"instock","14":"shipping-taxable","15":"product-type-simple"},"acf":[],"_links":{"self":[{"href":"https:\/\/olemosaic.com\/fr\/wp-json\/wp\/v2\/product\/34882","targetHints":{"allow":["GET"]}}],"collection":[{"href":"https:\/\/olemosaic.com\/fr\/wp-json\/wp\/v2\/product"}],"about":[{"href":"https:\/\/olemosaic.com\/fr\/wp-json\/wp\/v2\/types\/product"}],"wp:featuredmedia":[{"embeddable":true,"href":"https:\/\/olemosaic.com\/fr\/wp-json\/wp\/v2\/media\/12938"}],"wp:attachment":[{"href":"https:\/\/olemosaic.com\/fr\/wp-json\/wp\/v2\/media?parent=34882"}],"wp:term":[{"taxonomy":"product_brand","embeddable":true,"href":"https:\/\/olemosaic.com\/fr\/wp-json\/wp\/v2\/product_brand?post=34882"},{"taxonomy":"product_cat","embeddable":true,"href":"https:\/\/olemosaic.com\/fr\/wp-json\/wp\/v2\/product_cat?post=34882"},{"taxonomy":"product_tag","embeddable":true,"href":"https:\/\/olemosaic.com\/fr\/wp-json\/wp\/v2\/product_tag?post=34882"}],"curies":[{"name":"wp","href":"https:\/\/api.w.org\/{rel}","templated":true}]}}