{"id":34881,"date":"2025-02-20T23:36:44","date_gmt":"2025-02-20T22:36:44","guid":{"rendered":"http:\/\/olemosaic.com\/producto\/funda-de-telefono-para-iphone-13-promax-tpu-abstracto-negro-2\/"},"modified":"2025-07-25T19:57:59","modified_gmt":"2025-07-25T17:57:59","slug":"coque-de-telephone-pour-iphone-13-promax-tpu-abstrait-noir-2","status":"publish","type":"product","link":"https:\/\/olemosaic.com\/fr\/produit\/coque-de-telephone-pour-iphone-13-promax-tpu-abstrait-noir-2\/","title":{"rendered":"Coque de t\u00e9l\u00e9phone pour iPhone 13 Pro Max (TPU). Abstrait. Motif nuages. Noir"},"content":{"rendered":"<p>Nous pr\u00e9sentons la coque pour iPhone 13 Pro Max, une v\u00e9ritable pi\u00e8ce de design contemporain, id\u00e9ale pour ceux qui cherchent \u00e0 combiner style et fonctionnalit\u00e9 sur leurs appareils. Fabriqu\u00e9e en TPU de haute qualit\u00e9, cette coque se distingue par son design abstrait exclusif qui m\u00e9lange des tons vibrants de noir, bleu, orange et rose, cr\u00e9ant un \u00e9l\u00e9gant motif de nuages qui apporte dynamisme et modernit\u00e9. Sa finition souple et flexible prot\u00e8ge non seulement l&rsquo;appareil contre les chocs et les chutes, mais assure \u00e9galement un acc\u00e8s facile \u00e0 tous les boutons et ports, maintenant l&rsquo;exp\u00e9rience d&rsquo;utilisation de votre iPhone sans restrictions.<\/p>\n<p>La fusion de couleurs vibrantes sur un fond sombre fait de cette coque un accessoire voyant et distinctif, parfait pour ceux qui souhaitent personnaliser leur t\u00e9l\u00e9phone de mani\u00e8re originale. Cet accessoire n&rsquo;est pas seulement utile, il devient une repr\u00e9sentation artistique qui refl\u00e8te la cr\u00e9ativit\u00e9 et le design contemporain. Id\u00e9ale comme souvenir, cette coque est \u00e9galement une excellente option pour les boutiques de cadeaux touristiques qui cherchent \u00e0 proposer des produits uniques et de qualit\u00e9.<\/p>\n<p>Chez Ol\u00e9 Mosaic, nous sommes fiers d&rsquo;\u00eatre des distributeurs d&rsquo;accessoires de mode en gros, assurant \u00e0 nos clients une vari\u00e9t\u00e9 d&rsquo;articles authentiques et pertinents sur le march\u00e9 actuel. Cette coque pour iPhone est, sans aucun doute, une option de choix pour ceux qui recherchent des souvenirs au style et au design modernes.<\/p>\n","protected":false},"excerpt":{"rendered":"<p>Coque pour iPhone 13 Pro Max fabriqu\u00e9e en TPU, avec un design abstrait dans les tons noir, bleu, orange et rose. Elle pr\u00e9sente un \u00e9l\u00e9gant motif de nuages aux couleurs vibrantes sur un fond sombre, offrant une combinaison artistique et moderne. Protection et style se rejoignent dans cet accessoire, id\u00e9al pour ceux qui cherchent \u00e0 personnaliser leur appareil avec une touche contemporaine et distinctive.<\/p>\n","protected":false},"featured_media":12348,"template":"","meta":{"_acf_changed":false},"product_brand":[],"product_cat":[674],"product_tag":[],"class_list":{"0":"post-34881","1":"product","2":"type-product","3":"status-publish","4":"has-post-thumbnail","6":"product_cat-etuis-pour-telephones-portables","7":"pa_motivo-resume","9":"first","10":"instock","11":"shipping-taxable","12":"product-type-simple"},"acf":[],"_links":{"self":[{"href":"https:\/\/olemosaic.com\/fr\/wp-json\/wp\/v2\/product\/34881","targetHints":{"allow":["GET"]}}],"collection":[{"href":"https:\/\/olemosaic.com\/fr\/wp-json\/wp\/v2\/product"}],"about":[{"href":"https:\/\/olemosaic.com\/fr\/wp-json\/wp\/v2\/types\/product"}],"wp:featuredmedia":[{"embeddable":true,"href":"https:\/\/olemosaic.com\/fr\/wp-json\/wp\/v2\/media\/12348"}],"wp:attachment":[{"href":"https:\/\/olemosaic.com\/fr\/wp-json\/wp\/v2\/media?parent=34881"}],"wp:term":[{"taxonomy":"product_brand","embeddable":true,"href":"https:\/\/olemosaic.com\/fr\/wp-json\/wp\/v2\/product_brand?post=34881"},{"taxonomy":"product_cat","embeddable":true,"href":"https:\/\/olemosaic.com\/fr\/wp-json\/wp\/v2\/product_cat?post=34881"},{"taxonomy":"product_tag","embeddable":true,"href":"https:\/\/olemosaic.com\/fr\/wp-json\/wp\/v2\/product_tag?post=34881"}],"curies":[{"name":"wp","href":"https:\/\/api.w.org\/{rel}","templated":true}]}}