{"id":34880,"date":"2025-02-20T23:36:44","date_gmt":"2025-02-20T22:36:44","guid":{"rendered":"http:\/\/olemosaic.com\/producto\/funda-de-telefono-para-iphone-12-tpu-abstracto-negro-2\/"},"modified":"2025-07-25T18:56:04","modified_gmt":"2025-07-25T16:56:04","slug":"coque-de-telephone-pour-iphone-12-tpu-abstrait-noir-2","status":"publish","type":"product","link":"https:\/\/olemosaic.com\/fr\/produit\/coque-de-telephone-pour-iphone-12-tpu-abstrait-noir-2\/","title":{"rendered":"Coque de t\u00e9l\u00e9phone pour iPhone 12 (TPU). Abstrait. Style moderne. Noir"},"content":{"rendered":"<p>Nous pr\u00e9sentons la coque pour iPhone 12, une combinaison parfaite d&rsquo;art et de fonctionnalit\u00e9. Fabriqu\u00e9e en mat\u00e9riau TPU, cette coque garantit non seulement une protection durable contre les chocs et les chutes, mais offre \u00e9galement un design abstrait captivant qui souligne son caract\u00e8re moderne. La surface noire agit comme une toile, o\u00f9 des \u00e9clats de tons vibrants en bleu, violet et orange cr\u00e9ent un spectacle visuel impressionnant qui attirera l&rsquo;attention. Chaque forme dynamique semble prendre vie, transformant votre appareil en plus qu&rsquo;un simple objet du quotidien : une d\u00e9claration de style personnel.<\/p>\n<p>Cette coque est plus qu&rsquo;un accessoire ; c&rsquo;est un reflet de l&rsquo;innovation et du design contemporain qui caract\u00e9risent les grandes villes du monde, o\u00f9 la cr\u00e9ativit\u00e9 n&rsquo;a pas de limites. Avec son design unique, elle devient un souvenir id\u00e9al pour les touristes qui cherchent \u00e0 se souvenir de leur voyage avec une touche artistique. Chez Ol\u00e9 Mosaic, en tant que distributeurs de souvenirs en gros, nous proposons ce produit comme une option exceptionnelle pour les boutiques de cadeaux touristiques souhaitant offrir \u00e0 leurs clients des articles authentiques et modernes. La coque pour iPhone 12 est, sans aucun doute, une excellente option pour ceux qui appr\u00e9cient autant l&rsquo;esth\u00e9tique que la protection de leurs appareils.<\/p>\n","protected":false},"excerpt":{"rendered":"<p>Coque pour iPhone 12 en TPU avec un design abstrait combinant des couleurs vibrantes et des formes dynamiques. La base noire fait ressortir les explosions de tons bleus, violets et oranges, cr\u00e9ant un effet visuel percutant. Cette coque offre non seulement une protection durable, mais ajoute \u00e9galement une touche artistique et moderne, id\u00e9ale pour ceux qui cherchent \u00e0 combiner style et fonctionnalit\u00e9 sur leur appareil.<\/p>\n","protected":false},"featured_media":12234,"template":"","meta":{"_acf_changed":false},"product_brand":[],"product_cat":[674],"product_tag":[],"class_list":{"0":"post-34880","1":"product","2":"type-product","3":"status-publish","4":"has-post-thumbnail","6":"product_cat-etuis-pour-telephones-portables","7":"pa_motivo-resume","9":"first","10":"instock","11":"shipping-taxable","12":"product-type-simple"},"acf":[],"_links":{"self":[{"href":"https:\/\/olemosaic.com\/fr\/wp-json\/wp\/v2\/product\/34880","targetHints":{"allow":["GET"]}}],"collection":[{"href":"https:\/\/olemosaic.com\/fr\/wp-json\/wp\/v2\/product"}],"about":[{"href":"https:\/\/olemosaic.com\/fr\/wp-json\/wp\/v2\/types\/product"}],"wp:featuredmedia":[{"embeddable":true,"href":"https:\/\/olemosaic.com\/fr\/wp-json\/wp\/v2\/media\/12234"}],"wp:attachment":[{"href":"https:\/\/olemosaic.com\/fr\/wp-json\/wp\/v2\/media?parent=34880"}],"wp:term":[{"taxonomy":"product_brand","embeddable":true,"href":"https:\/\/olemosaic.com\/fr\/wp-json\/wp\/v2\/product_brand?post=34880"},{"taxonomy":"product_cat","embeddable":true,"href":"https:\/\/olemosaic.com\/fr\/wp-json\/wp\/v2\/product_cat?post=34880"},{"taxonomy":"product_tag","embeddable":true,"href":"https:\/\/olemosaic.com\/fr\/wp-json\/wp\/v2\/product_tag?post=34880"}],"curies":[{"name":"wp","href":"https:\/\/api.w.org\/{rel}","templated":true}]}}