{"id":34879,"date":"2025-02-20T22:36:44","date_gmt":"2025-02-20T22:36:44","guid":{"rendered":"http:\/\/olemosaic.com\/producto\/funda-de-telefono-para-iphone-12-pro-tpu-sagrada-familia-barcelona-azul\/"},"modified":"2025-07-25T20:06:21","modified_gmt":"2025-07-25T18:06:21","slug":"coque-de-telephone-pour-iphone-12-pro-tpu-sagrada-familia-barcelone-bleu","status":"publish","type":"product","link":"https:\/\/olemosaic.com\/fr\/produit\/coque-de-telephone-pour-iphone-12-pro-tpu-sagrada-familia-barcelone-bleu\/","title":{"rendered":"Coque de t\u00e9l\u00e9phone pour iPhone 12 Pro (TPU). Sagrada Familia. Barcelone. Bleu"},"content":{"rendered":"<p>Nous vous pr\u00e9sentons la coque pour iPhone 12 Pro, une pi\u00e8ce qui fusionne fonctionnalit\u00e9 et art, id\u00e9ale pour ceux qui souhaitent emporter un morceau de l&#8217;embl\u00e9matique Barcelone partout avec eux. Fabriqu\u00e9e en TPU, cette coque offre une protection robuste et l\u00e9g\u00e8re pour votre appareil, garantissant sa protection contre les chocs et les rayures, tandis que son design vibrant capture la majest\u00e9 de la Sagrada Familia, l&rsquo;un des monuments les plus repr\u00e9sentatifs de la ville.<\/p>\n<p>Le design impressionnant pr\u00e9sente une palette de couleurs vives, avec des tons bleus, rouges et jaunes, cr\u00e9ant un fond qui simule une magnifique mosa\u00efque, \u00e9voquant l&rsquo;expression artistique de l&rsquo;architecture de Gaud\u00ed. Les tours de la Sagrada Familia s&rsquo;\u00e9l\u00e8vent sur un ciel radieux, compl\u00e9t\u00e9es par l&rsquo;\u00e9l\u00e9gant texte \u00ab\u00a0Barcelona\u00a0\u00bb, qui s&rsquo;int\u00e8gre parfaitement au style visuel de la ville et \u00e0 sa riche culture. Cette coque ne souligne pas seulement la beaut\u00e9 de l&rsquo;\u00e9difice iconique, mais rend \u00e9galement hommage \u00e0 la cr\u00e9ativit\u00e9 et \u00e0 l&rsquo;ing\u00e9niosit\u00e9 catalanes.<\/p>\n<p>Pour les touristes et les locaux \u00e0 la recherche de souvenirs authentiques, cette coque offre une mani\u00e8re moderne de se connecter \u00e0 la culture catalane, ce qui en fait un cadeau parfait ou un souvenir personnel. Chez Ol\u00e9 Mosaic, nous sommes fiers d&rsquo;\u00eatre des distributeurs en gros de souvenirs qui refl\u00e8tent l&rsquo;essence de chaque r\u00e9gion, et cette coque de la Sagrada Familia est le choix id\u00e9al pour les boutiques de cadeaux touristiques \u00e0 la recherche de produits de qualit\u00e9 et de signification culturelle.<\/p>\n","protected":false},"excerpt":{"rendered":"<p>Coque pour iPhone 12 Pro fabriqu\u00e9e en TPU, avec un design vibrant repr\u00e9sentant l&#8217;embl\u00e9matique Sagrada Familia de Barcelone. La coque se distingue par ses couleurs vives bleu, rouge et jaune, avec un fond simulant une mosa\u00efque et un ciel radieux. Le mot \u00ab\u00a0Barcelona\u00a0\u00bb, \u00e9crit dans un style \u00e9l\u00e9gant, compl\u00e8te l&rsquo;illustration, offrant une protection moderne et artistique pour votre appareil, id\u00e9ale pour ceux qui souhaitent emporter un morceau de la culture catalane partout.<\/p>\n","protected":false},"featured_media":12246,"template":"","meta":{"_acf_changed":false},"product_brand":[],"product_cat":[674],"product_tag":[],"class_list":{"0":"post-34879","1":"product","2":"type-product","3":"status-publish","4":"has-post-thumbnail","6":"product_cat-etuis-pour-telephones-portables","7":"pa_ciudad-barcelona","8":"pa_motivo-sagrada-familia","9":"pa_pais-espana","11":"first","12":"instock","13":"shipping-taxable","14":"product-type-simple"},"acf":[],"_links":{"self":[{"href":"https:\/\/olemosaic.com\/fr\/wp-json\/wp\/v2\/product\/34879","targetHints":{"allow":["GET"]}}],"collection":[{"href":"https:\/\/olemosaic.com\/fr\/wp-json\/wp\/v2\/product"}],"about":[{"href":"https:\/\/olemosaic.com\/fr\/wp-json\/wp\/v2\/types\/product"}],"wp:featuredmedia":[{"embeddable":true,"href":"https:\/\/olemosaic.com\/fr\/wp-json\/wp\/v2\/media\/12246"}],"wp:attachment":[{"href":"https:\/\/olemosaic.com\/fr\/wp-json\/wp\/v2\/media?parent=34879"}],"wp:term":[{"taxonomy":"product_brand","embeddable":true,"href":"https:\/\/olemosaic.com\/fr\/wp-json\/wp\/v2\/product_brand?post=34879"},{"taxonomy":"product_cat","embeddable":true,"href":"https:\/\/olemosaic.com\/fr\/wp-json\/wp\/v2\/product_cat?post=34879"},{"taxonomy":"product_tag","embeddable":true,"href":"https:\/\/olemosaic.com\/fr\/wp-json\/wp\/v2\/product_tag?post=34879"}],"curies":[{"name":"wp","href":"https:\/\/api.w.org\/{rel}","templated":true}]}}