{"id":34876,"date":"2025-02-20T23:36:43","date_gmt":"2025-02-20T22:36:43","guid":{"rendered":"http:\/\/olemosaic.com\/producto\/funda-de-telefono-para-iphone-11-pro-tpu-abstracto-azul-3\/"},"modified":"2025-07-25T20:34:01","modified_gmt":"2025-07-25T18:34:01","slug":"coque-de-telephone-pour-iphone-11-pro-tpu-abstrait-bleu-3","status":"publish","type":"product","link":"https:\/\/olemosaic.com\/fr\/produit\/coque-de-telephone-pour-iphone-11-pro-tpu-abstrait-bleu-3\/","title":{"rendered":"Coque de t\u00e9l\u00e9phone pour iPhone 11 Pro (TPU). Abstrait. Barcelone. Bleu"},"content":{"rendered":"<p>Nous vous pr\u00e9sentons la coque pour iPhone 11 Pro, un accessoire vibrant et moderne qui capture l&rsquo;essence de Barcelone. Fabriqu\u00e9e en TPU, ce design abstrait se distingue par son explosion de couleurs : bleu, rose, jaune et orange, cr\u00e9ant une illustration dynamique qui \u00e9voque l&rsquo;\u00e9nergie et la diversit\u00e9 de la cit\u00e9 comtale. Au centre, le nom \u00ab\u00a0Barcelone\u00a0\u00bb est pr\u00e9sent\u00e9 en lettres blanches avec une typographie audacieuse qui ressort sur un fond de courbes douces et d&rsquo;ondes color\u00e9es, symbolisant le mouvement et la vitalit\u00e9 de cette m\u00e9tropole embl\u00e9matique.<\/p>\n<p>Cette coque ne fournit pas seulement une protection l\u00e9g\u00e8re et flexible, parfaite pour ceux qui cherchent \u00e0 souligner leur style personnel, mais elle est aussi un souvenir repr\u00e9sentatif de l&rsquo;architecture et de l&rsquo;art que Barcelone offre. La palette chromatique vibrante s&rsquo;inspire du style moderniste d&rsquo;artistes comme Antoni Gaud\u00ed, refl\u00e9tant la riche culture locale.<\/p>\n<p>Id\u00e9ale pour les touristes souhaitant emporter un morceau de Barcelone, cette coque devient un souvenir pratique et attrayant qui souligne l&rsquo;authenticit\u00e9 et la cr\u00e9ativit\u00e9 de la r\u00e9gion. Chez Ol\u00e9 Mosaic, en tant que distributeurs en gros, nous proposons cet accessoire exclusif qui ravira les boutiques de cadeaux touristiques, consolidant le lien entre l&rsquo;accessoire et l&rsquo;h\u00e9ritage culturel de Barcelone.<\/p>\n","protected":false},"excerpt":{"rendered":"<p>Coque pour iPhone 11 Pro fabriqu\u00e9e en TPU, avec un design abstrait vibrant en bleu, rose, jaune et orange. Cet accessoire se distingue par son illustration dynamique avec le mot \u00ab\u00a0Barcelone\u00a0\u00bb en lettres blanches, encadr\u00e9 par des ondes de couleur qui \u00e9voquent l&rsquo;\u00e9nergie et la diversit\u00e9 de la ville. Son mat\u00e9riau flexible offre une protection l\u00e9g\u00e8re, id\u00e9ale pour ceux qui recherchent un style moderne et artistique pour leur appareil.<\/p>\n","protected":false},"featured_media":12167,"template":"","meta":{"_acf_changed":false},"product_brand":[],"product_cat":[674],"product_tag":[],"class_list":{"0":"post-34876","1":"product","2":"type-product","3":"status-publish","4":"has-post-thumbnail","6":"product_cat-etuis-pour-telephones-portables","7":"pa_ciudad-barcelona","8":"pa_motivo-resume","9":"pa_pais-espana","11":"first","12":"instock","13":"shipping-taxable","14":"product-type-simple"},"acf":[],"_links":{"self":[{"href":"https:\/\/olemosaic.com\/fr\/wp-json\/wp\/v2\/product\/34876","targetHints":{"allow":["GET"]}}],"collection":[{"href":"https:\/\/olemosaic.com\/fr\/wp-json\/wp\/v2\/product"}],"about":[{"href":"https:\/\/olemosaic.com\/fr\/wp-json\/wp\/v2\/types\/product"}],"wp:featuredmedia":[{"embeddable":true,"href":"https:\/\/olemosaic.com\/fr\/wp-json\/wp\/v2\/media\/12167"}],"wp:attachment":[{"href":"https:\/\/olemosaic.com\/fr\/wp-json\/wp\/v2\/media?parent=34876"}],"wp:term":[{"taxonomy":"product_brand","embeddable":true,"href":"https:\/\/olemosaic.com\/fr\/wp-json\/wp\/v2\/product_brand?post=34876"},{"taxonomy":"product_cat","embeddable":true,"href":"https:\/\/olemosaic.com\/fr\/wp-json\/wp\/v2\/product_cat?post=34876"},{"taxonomy":"product_tag","embeddable":true,"href":"https:\/\/olemosaic.com\/fr\/wp-json\/wp\/v2\/product_tag?post=34876"}],"curies":[{"name":"wp","href":"https:\/\/api.w.org\/{rel}","templated":true}]}}