{"id":34875,"date":"2025-02-20T23:36:43","date_gmt":"2025-02-20T22:36:43","guid":{"rendered":"http:\/\/olemosaic.com\/producto\/funda-de-telefono-para-iphone-11-promax-tpu-abstracto-azul-3\/"},"modified":"2025-07-25T20:01:30","modified_gmt":"2025-07-25T18:01:30","slug":"coque-de-telephone-pour-iphone-11-pro-max-tpu-abstrait-bleu-3","status":"publish","type":"product","link":"https:\/\/olemosaic.com\/fr\/produit\/coque-de-telephone-pour-iphone-11-pro-max-tpu-abstrait-bleu-3\/","title":{"rendered":"Coque de t\u00e9l\u00e9phone pour iPhone 11 Pro Max (TPU). Abstrait. Barcelone. Bleu"},"content":{"rendered":"<p>Nous pr\u00e9sentons la coque pour iPhone 11 Pro Max qui capture l&rsquo;essence vibrante de Barcelone, un design qui se distingue par son attrait abstrait dans une palette de tons bleus, jaunes, roses et oranges. Fabriqu\u00e9e en TPU de haute qualit\u00e9, cette coque offre une protection efficace pour votre appareil, ainsi qu&rsquo;un style artistique moderne qui en fait un accessoire unique. Le mot \u00ab\u00a0Barcelone\u00a0\u00bb s&rsquo;int\u00e8gre harmonieusement en lettres blanches sur un fond dynamique qui \u00e9voque l&rsquo;\u00e9nergie et la cr\u00e9ativit\u00e9 de la cit\u00e9 comtale, c\u00e9l\u00e8bre pour son architecture avant-gardiste et son ambiance cosmopolite.<\/p>\n<p>La finition flexible et r\u00e9sistante de cette coque assure que votre appareil soit prot\u00e9g\u00e9 des chutes et des chocs, en faisant une option pratique et stylis\u00e9e. Son design abstrait n&rsquo;est pas seulement attrayant, il refl\u00e8te \u00e9galement l&rsquo;esprit innovant qui caract\u00e9rise Barcelone, renfor\u00e7ant son authenticit\u00e9 en tant que souvenir typique de la ville. Id\u00e9ale pour les touristes \u00e0 la recherche de souvenirs de qualit\u00e9 et m\u00e9morables, cette coque repr\u00e9sente la fusion parfaite entre fonctionnalit\u00e9 et art. Chez Ol\u00e9 Mosaic, nous nous sp\u00e9cialisons dans la distribution de souvenirs en gros, et cette coque de t\u00e9l\u00e9phone est une excellente option pour les boutiques de cadeaux touristiques souhaitant proposer des produits distinctifs et repr\u00e9sentatifs de Barcelone.<\/p>\n","protected":false},"excerpt":{"rendered":"<p>Coque de t\u00e9l\u00e9phone pour iPhone 11 Pro Max fabriqu\u00e9e en TPU, avec un design abstrait dans des tons bleus, jaunes, roses et oranges. La coque pr\u00e9sente le mot \u00ab\u00a0Barcelone\u00a0\u00bb en lettres blanches, int\u00e9gr\u00e9 dans un fond vibrant qui \u00e9voque l&rsquo;\u00e9nergie et la cr\u00e9ativit\u00e9 de la ville. Sa finition flexible et r\u00e9sistante garantit une protection efficace, tandis que son style artistique apporte une touche moderne et unique, id\u00e9ale pour ceux qui recherchent la distinction dans leurs accessoires technologiques.<\/p>\n","protected":false},"featured_media":12207,"template":"","meta":{"_acf_changed":false},"product_brand":[],"product_cat":[674],"product_tag":[],"class_list":{"0":"post-34875","1":"product","2":"type-product","3":"status-publish","4":"has-post-thumbnail","6":"product_cat-etuis-pour-telephones-portables","7":"pa_ciudad-barcelona","8":"pa_motivo-resume","9":"pa_pais-espana","11":"first","12":"instock","13":"shipping-taxable","14":"product-type-simple"},"acf":[],"_links":{"self":[{"href":"https:\/\/olemosaic.com\/fr\/wp-json\/wp\/v2\/product\/34875","targetHints":{"allow":["GET"]}}],"collection":[{"href":"https:\/\/olemosaic.com\/fr\/wp-json\/wp\/v2\/product"}],"about":[{"href":"https:\/\/olemosaic.com\/fr\/wp-json\/wp\/v2\/types\/product"}],"wp:featuredmedia":[{"embeddable":true,"href":"https:\/\/olemosaic.com\/fr\/wp-json\/wp\/v2\/media\/12207"}],"wp:attachment":[{"href":"https:\/\/olemosaic.com\/fr\/wp-json\/wp\/v2\/media?parent=34875"}],"wp:term":[{"taxonomy":"product_brand","embeddable":true,"href":"https:\/\/olemosaic.com\/fr\/wp-json\/wp\/v2\/product_brand?post=34875"},{"taxonomy":"product_cat","embeddable":true,"href":"https:\/\/olemosaic.com\/fr\/wp-json\/wp\/v2\/product_cat?post=34875"},{"taxonomy":"product_tag","embeddable":true,"href":"https:\/\/olemosaic.com\/fr\/wp-json\/wp\/v2\/product_tag?post=34875"}],"curies":[{"name":"wp","href":"https:\/\/api.w.org\/{rel}","templated":true}]}}