{"id":34874,"date":"2025-02-20T22:36:43","date_gmt":"2025-02-20T22:36:43","guid":{"rendered":"http:\/\/olemosaic.com\/producto\/funda-de-telefono-para-xiaomi-13-tpu-forjas-azul\/"},"modified":"2025-07-25T19:06:47","modified_gmt":"2025-07-25T17:06:47","slug":"coque-de-telephone-pour-xiaomi-13-tpu-forges-bleu","status":"publish","type":"product","link":"https:\/\/olemosaic.com\/fr\/produit\/coque-de-telephone-pour-xiaomi-13-tpu-forges-bleu\/","title":{"rendered":"Coque de t\u00e9l\u00e9phone pour Xiaomi 13 (TPU). Forges. Bleu"},"content":{"rendered":"<p>Nous vous pr\u00e9sentons l&rsquo;\u00e9l\u00e9gante coque pour le Xiaomi 13, fabriqu\u00e9e en TPU, qui allie protection et style en un seul produit. Avec un design sophistiqu\u00e9 de forge dans un bleu vibrant, cette coque se distingue par sa finition m\u00e9ticuleusement d\u00e9taill\u00e9e en blanc, \u00e9voquant la riche tradition de la ferronnerie qui caract\u00e9rise diverses r\u00e9gions d&rsquo;Espagne. Le motif ornemental complexe refl\u00e8te la beaut\u00e9 et l&rsquo;art de l&rsquo;architecture traditionnelle espagnole, apportant une touche distinctive et culturelle \u00e0 votre appareil mobile.<\/p>\n<p>Ce souvenir ne remplit pas seulement une fonction pratique, prot\u00e9geant votre t\u00e9l\u00e9phone contre les chocs et les rayures, mais s&rsquo;\u00e9rige \u00e9galement comme une pi\u00e8ce d\u00e9corative \u00e0 valeur culturelle. Le lien de cette coque avec le patrimoine espagnol souligne son authenticit\u00e9 en tant que souvenir typique, id\u00e9al pour ceux qui recherchent des produits racontant des histoires et des traditions.<\/p>\n<p>Chez Ol\u00e9 Mosaic, nous sommes sp\u00e9cialistes de la distribution de souvenirs en gros, offrant des produits authentiques comme cette coque de t\u00e9l\u00e9phone qui attirera s\u00fbrement les touristes et ceux qui appr\u00e9cient la culture et le design. Cet accessoire est une excellente option pour les boutiques de cadeaux touristiques souhaitant proposer des articles de qualit\u00e9, avec un style qui met en avant l&rsquo;h\u00e9ritage culturel espagnol. En tant que grossistes d&rsquo;accessoires mobiles, nous garantissons vari\u00e9t\u00e9 et authenticit\u00e9 dans chaque pi\u00e8ce.<\/p>\n","protected":false},"excerpt":{"rendered":"<p>Coque pour Xiaomi 13 fabriqu\u00e9e en TPU avec un design \u00e9l\u00e9gant de forge en couleur bleue. Cette coque se distingue par sa finition d\u00e9taill\u00e9e en blanc sur fond bleu, repr\u00e9sentant la riche tradition de la ferronnerie en Espagne. Le motif ornemental \u00e9voque la beaut\u00e9 de l&rsquo;architecture traditionnelle, apportant une touche sophistiqu\u00e9e et distinctive. Id\u00e9ale pour ceux qui recherchent protection et style, sa mati\u00e8re flexible garantit une bonne prise en main et une facilit\u00e9 d&rsquo;utilisation.<\/p>\n","protected":false},"featured_media":12682,"template":"","meta":{"_acf_changed":false},"product_brand":[],"product_cat":[674],"product_tag":[],"class_list":{"0":"post-34874","1":"product","2":"type-product","3":"status-publish","4":"has-post-thumbnail","6":"product_cat-etuis-pour-telephones-portables","7":"pa_motivo-forges","9":"first","10":"instock","11":"shipping-taxable","12":"product-type-simple"},"acf":[],"_links":{"self":[{"href":"https:\/\/olemosaic.com\/fr\/wp-json\/wp\/v2\/product\/34874","targetHints":{"allow":["GET"]}}],"collection":[{"href":"https:\/\/olemosaic.com\/fr\/wp-json\/wp\/v2\/product"}],"about":[{"href":"https:\/\/olemosaic.com\/fr\/wp-json\/wp\/v2\/types\/product"}],"wp:featuredmedia":[{"embeddable":true,"href":"https:\/\/olemosaic.com\/fr\/wp-json\/wp\/v2\/media\/12682"}],"wp:attachment":[{"href":"https:\/\/olemosaic.com\/fr\/wp-json\/wp\/v2\/media?parent=34874"}],"wp:term":[{"taxonomy":"product_brand","embeddable":true,"href":"https:\/\/olemosaic.com\/fr\/wp-json\/wp\/v2\/product_brand?post=34874"},{"taxonomy":"product_cat","embeddable":true,"href":"https:\/\/olemosaic.com\/fr\/wp-json\/wp\/v2\/product_cat?post=34874"},{"taxonomy":"product_tag","embeddable":true,"href":"https:\/\/olemosaic.com\/fr\/wp-json\/wp\/v2\/product_tag?post=34874"}],"curies":[{"name":"wp","href":"https:\/\/api.w.org\/{rel}","templated":true}]}}