{"id":34871,"date":"2025-02-20T23:36:42","date_gmt":"2025-02-20T22:36:42","guid":{"rendered":"http:\/\/olemosaic.com\/producto\/botella-inox-350-ml-salamandra-2\/"},"modified":"2025-07-25T20:24:28","modified_gmt":"2025-07-25T18:24:28","slug":"bouteille-inox-350-ml-salamandre-barcelone-fr","status":"publish","type":"product","link":"https:\/\/olemosaic.com\/fr\/produit\/bouteille-inox-350-ml-salamandre-barcelone-fr\/","title":{"rendered":"Bouteille inox. 350 ml. Salamandre. Barcelone."},"content":{"rendered":"<p>Nous vous pr\u00e9sentons la bouteille en acier inoxydable de 350 ml, d\u00e9cor\u00e9e d&rsquo;un design vibrant de salamandre, inspir\u00e9 par l&rsquo;iconique mosa\u00efque du Parc G\u00fcell de Barcelone. Ce r\u00e9cipient \u00e9l\u00e9gant, sur fond blanc, pr\u00e9sente un motif complexe simulant des carreaux, orn\u00e9 de salamandres color\u00e9es rouges et vertes, entour\u00e9es de fleurs d\u00e9licates, \u00e9voquant la cr\u00e9ativit\u00e9 du g\u00e9nial architecte Antoni Gaud\u00ed. Son design n&rsquo;est pas seulement visuellement attrayant, il se connecte \u00e9galement au riche h\u00e9ritage culturel de Barcelone et \u00e0 sa c\u00e9l\u00e8bre \u0153uvre moderniste, faisant de cette bouteille le souvenir id\u00e9al pour ceux qui recherchent un morceau de la magie de la ville.<\/p>\n<p>La bouteille, fabriqu\u00e9e en acier inoxydable, garantit durabilit\u00e9 et r\u00e9sistance, ce qui en fait un accessoire parfait \u00e0 emporter partout, des excursions au bureau. Sa taille de 350 ml est id\u00e9ale pour rester hydrat\u00e9 en toute occasion, tandis que son esth\u00e9tique unique et color\u00e9e en fait un objet chic et moderne. Chez Ol\u00e9 Mosaic, nous sommes fiers de proposer des produits qui ne sont pas seulement fonctionnels, mais qui racontent aussi des histoires culturelles. Cette bouteille est une excellente option pour les boutiques de cadeaux touristiques souhaitant ajouter une touche d&rsquo;authenticit\u00e9 \u00e0 leur offre de souvenirs de Barcelone.<\/p>\n","protected":false},"excerpt":{"rendered":"<p>Bouteille en acier inoxydable de 350 ml d\u00e9cor\u00e9e d&rsquo;un design vibrant de salamandre, inspir\u00e9 par la c\u00e9l\u00e8bre mosa\u00efque du Parc G\u00fcell de Barcelone. Ce r\u00e9cipient \u00e9l\u00e9gant, sur fond blanc avec un motif de lignes simulant des carreaux, met en valeur des salamandres rouges et vertes entour\u00e9es de fleurs. Id\u00e9ale pour emporter partout, elle combine fonctionnalit\u00e9 et style, devenant un souvenir unique qui refl\u00e8te l&rsquo;essence de l&rsquo;art moderniste de Gaud\u00ed.<\/p>\n","protected":false},"featured_media":11139,"template":"","meta":{"_acf_changed":false},"product_brand":[],"product_cat":[784],"product_tag":[530],"class_list":{"0":"post-34871","1":"product","2":"type-product","3":"status-publish","4":"has-post-thumbnail","6":"product_cat-bouteilles-inox","7":"product_tag-animaux","8":"pa_motivo-salamandres","10":"first","11":"instock","12":"shipping-taxable","13":"product-type-simple"},"acf":[],"_links":{"self":[{"href":"https:\/\/olemosaic.com\/fr\/wp-json\/wp\/v2\/product\/34871","targetHints":{"allow":["GET"]}}],"collection":[{"href":"https:\/\/olemosaic.com\/fr\/wp-json\/wp\/v2\/product"}],"about":[{"href":"https:\/\/olemosaic.com\/fr\/wp-json\/wp\/v2\/types\/product"}],"wp:featuredmedia":[{"embeddable":true,"href":"https:\/\/olemosaic.com\/fr\/wp-json\/wp\/v2\/media\/11139"}],"wp:attachment":[{"href":"https:\/\/olemosaic.com\/fr\/wp-json\/wp\/v2\/media?parent=34871"}],"wp:term":[{"taxonomy":"product_brand","embeddable":true,"href":"https:\/\/olemosaic.com\/fr\/wp-json\/wp\/v2\/product_brand?post=34871"},{"taxonomy":"product_cat","embeddable":true,"href":"https:\/\/olemosaic.com\/fr\/wp-json\/wp\/v2\/product_cat?post=34871"},{"taxonomy":"product_tag","embeddable":true,"href":"https:\/\/olemosaic.com\/fr\/wp-json\/wp\/v2\/product_tag?post=34871"}],"curies":[{"name":"wp","href":"https:\/\/api.w.org\/{rel}","templated":true}]}}