{"id":34870,"date":"2025-02-20T22:36:42","date_gmt":"2025-02-20T22:36:42","guid":{"rendered":"http:\/\/olemosaic.com\/producto\/bola-de-navidad-con-caja-salamandra-gran-canaria\/"},"modified":"2025-07-25T19:52:42","modified_gmt":"2025-07-25T17:52:42","slug":"boule-de-noel-avec-boite-salamandre-gran-canaria","status":"publish","type":"product","link":"https:\/\/olemosaic.com\/fr\/produit\/boule-de-noel-avec-boite-salamandre-gran-canaria\/","title":{"rendered":"Boule de No\u00ebl avec bo\u00eete. Salamandre. Gran Canaria."},"content":{"rendered":"<p>Nous vous pr\u00e9sentons la boule de No\u00ebl d\u00e9corative avec bo\u00eete, une magnifique pi\u00e8ce inspir\u00e9e par la faune de Gran Canaria, id\u00e9ale pour apporter une touche festive \u00e0 n&rsquo;importe quel foyer. Cette boule en c\u00e9ramique, orn\u00e9e d&rsquo;un design vibrant de salamandres multicolores, capture l&rsquo;essence de la biodiversit\u00e9 caract\u00e9ristique des \u00eeles Canaries. Son fond de mosa\u00efques \u00e9voque la nature exub\u00e9rante de l&rsquo;\u00eele, tandis que le mot \u00ab\u00a0Gran Canaria\u00a0\u00bb se d\u00e9tache dans un ton noir frappant, symbolisant la fiert\u00e9 et l&rsquo;authenticit\u00e9 de la r\u00e9gion. Un \u00e9l\u00e9gant ruban bordeaux compl\u00e8te le design, apportant une touche de sophistication parfaite pour les c\u00e9l\u00e9brations de No\u00ebl.<\/p>\n<p>Cette boule de No\u00ebl n&rsquo;est pas seulement un bel ornement, mais aussi un souvenir significatif qui souligne la richesse culturelle et naturelle de Gran Canaria, en faisant une excellente option de souvenir pour ceux qui recherchent un petit morceau des \u00eeles. Chez Ol\u00e9 Mosaic, nous sommes des distributeurs sp\u00e9cialis\u00e9s en souvenirs de gros, et cette boule de No\u00ebl est un ajout magnifique pour les boutiques de cadeaux touristiques souhaitant proposer des produits authentiques au go\u00fbt local. C\u00e9l\u00e9brez No\u00ebl avec cette pi\u00e8ce charmante qui, en plus de d\u00e9corer, raconte une histoire culturelle.<\/p>\n","protected":false},"excerpt":{"rendered":"<p>Boule de No\u00ebl d\u00e9corative avec bo\u00eete, inspir\u00e9e par la faune de Gran Canaria, avec un design joyeux de salamandres multicolores. Cette pi\u00e8ce en c\u00e9ramique, d\u00e9cor\u00e9e d&rsquo;un fond de mosa\u00efques, pr\u00e9sente le mot \u00ab\u00a0Gran Canaria\u00a0\u00bb en noir frappant. Couronn\u00e9e d&rsquo;un \u00e9l\u00e9gant ruban bordeaux, elle est id\u00e9ale pour apporter une touche festive et culturelle \u00e0 votre d\u00e9coration de No\u00ebl, c\u00e9l\u00e9brant le charme et la biodiversit\u00e9 des \u00eeles Canaries.<\/p>\n","protected":false},"featured_media":9841,"template":"","meta":{"_acf_changed":false},"product_brand":[],"product_cat":[659],"product_tag":[530,646],"class_list":{"0":"post-34870","1":"product","2":"type-product","3":"status-publish","4":"has-post-thumbnail","6":"product_cat-boules-de-noel","7":"product_tag-animaux","8":"product_tag-noel","9":"pa_ciudad-gran-canaria","10":"pa_motivo-salamandres","11":"pa_pais-espana","13":"first","14":"instock","15":"shipping-taxable","16":"product-type-simple"},"acf":[],"_links":{"self":[{"href":"https:\/\/olemosaic.com\/fr\/wp-json\/wp\/v2\/product\/34870","targetHints":{"allow":["GET"]}}],"collection":[{"href":"https:\/\/olemosaic.com\/fr\/wp-json\/wp\/v2\/product"}],"about":[{"href":"https:\/\/olemosaic.com\/fr\/wp-json\/wp\/v2\/types\/product"}],"wp:featuredmedia":[{"embeddable":true,"href":"https:\/\/olemosaic.com\/fr\/wp-json\/wp\/v2\/media\/9841"}],"wp:attachment":[{"href":"https:\/\/olemosaic.com\/fr\/wp-json\/wp\/v2\/media?parent=34870"}],"wp:term":[{"taxonomy":"product_brand","embeddable":true,"href":"https:\/\/olemosaic.com\/fr\/wp-json\/wp\/v2\/product_brand?post=34870"},{"taxonomy":"product_cat","embeddable":true,"href":"https:\/\/olemosaic.com\/fr\/wp-json\/wp\/v2\/product_cat?post=34870"},{"taxonomy":"product_tag","embeddable":true,"href":"https:\/\/olemosaic.com\/fr\/wp-json\/wp\/v2\/product_tag?post=34870"}],"curies":[{"name":"wp","href":"https:\/\/api.w.org\/{rel}","templated":true}]}}