{"id":34869,"date":"2025-02-20T23:36:42","date_gmt":"2025-02-20T22:36:42","guid":{"rendered":"http:\/\/olemosaic.com\/producto\/saleros-de-ceramica-toros-madrid-blanco\/"},"modified":"2025-07-25T18:42:42","modified_gmt":"2025-07-25T16:42:42","slug":"salieres-en-ceramique-taureaux-madrid-blanc","status":"publish","type":"product","link":"https:\/\/olemosaic.com\/fr\/produit\/salieres-en-ceramique-taureaux-madrid-blanc\/","title":{"rendered":"Sali\u00e8res en c\u00e9ramique. Taureaux. Madrid. Blanc."},"content":{"rendered":"<p>Nous vous pr\u00e9sentons ces vibrantes sali\u00e8res en c\u00e9ramique, inspir\u00e9es par l&#8217;embl\u00e9matique taureau qui symbolise la riche culture espagnole, particuli\u00e8rement celle de Madrid. Chaque sali\u00e8re a \u00e9t\u00e9 soigneusement peinte \u00e0 la main, mettant en valeur un design spectaculaire de mosa\u00efque qui combine les couleurs rouge, bleu et vert, cr\u00e9ant une pi\u00e8ce artistique qui n&rsquo;est pas seulement fonctionnelle, mais aussi un v\u00e9ritable objet d\u00e9coratif. Le taureau, repr\u00e9sent\u00e9 sur le devant de chaque sali\u00e8re, affiche une expression puissante et charmante, entour\u00e9 d&rsquo;un environnement floral avec des roses d\u00e9licates sugg\u00e9rant le lien de l&rsquo;Espagne avec la nature et la tradition.<\/p>\n<p>De plus, l&rsquo;une des sali\u00e8res pr\u00e9sente le mot \u00ab\u00a0MADRID\u00a0\u00bb dans un style moderne, apportant un air contemporain \u00e0 cet \u00e9l\u00e9ment traditionnel. Ce d\u00e9tail souligne non seulement l&rsquo;identit\u00e9 de la ville, mais en fait \u00e9galement un excellent souvenir de Madrid, id\u00e9al pour les touristes cherchant \u00e0 ramener chez eux une pi\u00e8ce authentique qui encapsule le folklore espagnol. Les sali\u00e8res sont parfaites pour ajouter une touche culturelle \u00e0 n&rsquo;importe quelle table, constituant un cadeau id\u00e9al pour ceux qui souhaitent se souvenir de leur voyage \u00e0 Madrid de mani\u00e8re unique et artistique.<\/p>\n<p>Chez Ol\u00e9 Mosaic, nous proposons ces sali\u00e8res en c\u00e9ramique en gros, garantissant que les boutiques de cadeaux touristiques puissent offrir \u00e0 leurs clients des souvenirs significatifs et de haute qualit\u00e9 repr\u00e9sentant l&rsquo;essence de la culture espagnole. C&rsquo;est une occasion unique d&rsquo;acqu\u00e9rir des souvenirs de Madrid qui raviront tout le monde.<\/p>\n","protected":false},"excerpt":{"rendered":"<p>Sali\u00e8res en c\u00e9ramique au design vibrant de taureaux, symbole iconique de la culture espagnole, particuli\u00e8rement madril\u00e8ne. Ces sali\u00e8res, peintes \u00e0 la main, se distinguent par leurs couleurs \u00e9clatantes et leurs motifs de mosa\u00efque aux tons rouges, bleus et verts, encadr\u00e9s dans un d\u00e9cor floral. L&rsquo;une des sali\u00e8res arbore le mot \u00ab MADRID \u00bb dans un style moderne, ajoutant une touche contemporaine \u00e0 un \u00e9l\u00e9ment traditionnel. Parfaites pour donner une touche folklorique \u00e0 votre table.<\/p>\n","protected":false},"featured_media":8606,"template":"","meta":{"_acf_changed":false},"product_brand":[],"product_cat":[817],"product_tag":[530,585],"class_list":{"0":"post-34869","1":"product","2":"type-product","3":"status-publish","4":"has-post-thumbnail","6":"product_cat-salieres","7":"product_tag-animaux","8":"product_tag-ceramique","9":"pa_ciudad-madrid","10":"pa_motivo-taureaux","11":"pa_pais-espana","13":"first","14":"instock","15":"shipping-taxable","16":"product-type-simple"},"acf":[],"_links":{"self":[{"href":"https:\/\/olemosaic.com\/fr\/wp-json\/wp\/v2\/product\/34869","targetHints":{"allow":["GET"]}}],"collection":[{"href":"https:\/\/olemosaic.com\/fr\/wp-json\/wp\/v2\/product"}],"about":[{"href":"https:\/\/olemosaic.com\/fr\/wp-json\/wp\/v2\/types\/product"}],"wp:featuredmedia":[{"embeddable":true,"href":"https:\/\/olemosaic.com\/fr\/wp-json\/wp\/v2\/media\/8606"}],"wp:attachment":[{"href":"https:\/\/olemosaic.com\/fr\/wp-json\/wp\/v2\/media?parent=34869"}],"wp:term":[{"taxonomy":"product_brand","embeddable":true,"href":"https:\/\/olemosaic.com\/fr\/wp-json\/wp\/v2\/product_brand?post=34869"},{"taxonomy":"product_cat","embeddable":true,"href":"https:\/\/olemosaic.com\/fr\/wp-json\/wp\/v2\/product_cat?post=34869"},{"taxonomy":"product_tag","embeddable":true,"href":"https:\/\/olemosaic.com\/fr\/wp-json\/wp\/v2\/product_tag?post=34869"}],"curies":[{"name":"wp","href":"https:\/\/api.w.org\/{rel}","templated":true}]}}