{"id":34855,"date":"2025-02-20T23:36:41","date_gmt":"2025-02-20T22:36:41","guid":{"rendered":"http:\/\/olemosaic.com\/producto\/lata-inox-de-500-ml-panoramica-barcelona-3\/"},"modified":"2025-07-25T20:11:25","modified_gmt":"2025-07-25T18:11:25","slug":"canette-inox-de-500-ml-panoramique-barcelone-3","status":"publish","type":"product","link":"https:\/\/olemosaic.com\/fr\/produit\/canette-inox-de-500-ml-panoramique-barcelone-3\/","title":{"rendered":"Canette inox de 500 ml. Panoramique. Architecture. Barcelone."},"content":{"rendered":"<p>Nous pr\u00e9sentons cette canette exclusive en acier inoxydable de 500 ml, id\u00e9ale pour les amoureux de la vibrante Barcelone. Son design \u00e9l\u00e9gant capture l&rsquo;essence de la ville, avec une panoramique color\u00e9e qui inclut des ic\u00f4nes architecturales embl\u00e9matiques telles que la majestueuse Sagrada Familia et le charmant Parc G\u00fcell. Chaque face de la canette est orn\u00e9e d&rsquo;un habillage en mosa\u00efque inspirant qui utilise une palette de couleurs vives en rouge, jaune et vert, \u00e9voquant la joie et la cr\u00e9ativit\u00e9 de l&rsquo;art catalan. Les d\u00e9tails artistiques, m\u00e9ticuleusement illustr\u00e9s, transforment cet objet quotidien en une \u0153uvre d&rsquo;art portable, parfaite pour montrer la singularit\u00e9 de Barcelone n&rsquo;importe o\u00f9.<\/p>\n<p>Ce produit n&rsquo;est pas seulement fonctionnel, mais aussi un authentique souvenir qui c\u00e9l\u00e8bre la riche culture catalane, constituant une option id\u00e9ale pour les touristes \u00e0 la recherche de souvenirs repr\u00e9sentatifs de leur visite. Chez Ol\u00e9 Mosaic, nous sommes fiers de proposer des souvenirs authentiques et de qualit\u00e9 en gros, ce qui en fait le cadeau parfait pour les boutiques de cadeaux touristiques souhaitant offrir \u00e0 leurs clients quelque chose de vraiment sp\u00e9cial. Avec cette canette en acier inoxydable, les souvenirs de Barcelone peuvent \u00eatre emport\u00e9s partout, assurant que la magie de la ville perdure dans le temps.<\/p>\n","protected":false},"excerpt":{"rendered":"<p>Canette en acier inoxydable de 500 ml avec une panoramique vibrante de Barcelone, con\u00e7ue pour capturer l&rsquo;essence de la ville. L&rsquo;habillage pr\u00e9sente une mosa\u00efque color\u00e9e incluant des ic\u00f4nes architecturales comme la Sagrada Familia et le Park G\u00fcell, illustr\u00e9es avec des d\u00e9tails artistiques en rouge, jaune et vert. C&rsquo;est un produit id\u00e9al pour les amoureux de la culture catalane, alliant fonctionnalit\u00e9 et attrait visuel \u00e9voquant la singularit\u00e9 de Barcelone.<\/p>\n","protected":false},"featured_media":12804,"template":"","meta":{"_acf_changed":false},"product_brand":[],"product_cat":[796],"product_tag":[],"class_list":{"0":"post-34855","1":"product","2":"type-product","3":"status-publish","4":"has-post-thumbnail","6":"product_cat-boites-en-metal","7":"pa_ciudad-barcelona","8":"pa_motivo-panoramas","9":"pa_pais-espana","11":"first","12":"instock","13":"shipping-taxable","14":"product-type-simple"},"acf":[],"_links":{"self":[{"href":"https:\/\/olemosaic.com\/fr\/wp-json\/wp\/v2\/product\/34855","targetHints":{"allow":["GET"]}}],"collection":[{"href":"https:\/\/olemosaic.com\/fr\/wp-json\/wp\/v2\/product"}],"about":[{"href":"https:\/\/olemosaic.com\/fr\/wp-json\/wp\/v2\/types\/product"}],"wp:featuredmedia":[{"embeddable":true,"href":"https:\/\/olemosaic.com\/fr\/wp-json\/wp\/v2\/media\/12804"}],"wp:attachment":[{"href":"https:\/\/olemosaic.com\/fr\/wp-json\/wp\/v2\/media?parent=34855"}],"wp:term":[{"taxonomy":"product_brand","embeddable":true,"href":"https:\/\/olemosaic.com\/fr\/wp-json\/wp\/v2\/product_brand?post=34855"},{"taxonomy":"product_cat","embeddable":true,"href":"https:\/\/olemosaic.com\/fr\/wp-json\/wp\/v2\/product_cat?post=34855"},{"taxonomy":"product_tag","embeddable":true,"href":"https:\/\/olemosaic.com\/fr\/wp-json\/wp\/v2\/product_tag?post=34855"}],"curies":[{"name":"wp","href":"https:\/\/api.w.org\/{rel}","templated":true}]}}