{"id":34828,"date":"2025-02-20T23:36:41","date_gmt":"2025-02-20T22:36:41","guid":{"rendered":"http:\/\/olemosaic.com\/producto\/taza-de-ceramica-panoramica-barcelona-beige-rojo\/"},"modified":"2025-07-25T18:45:39","modified_gmt":"2025-07-25T16:45:39","slug":"mug-en-ceramique-panoramique-barcelone-beige-rouge-fr","status":"publish","type":"product","link":"https:\/\/olemosaic.com\/fr\/produit\/mug-en-ceramique-panoramique-barcelone-beige-rouge-fr\/","title":{"rendered":"Mug en c\u00e9ramique. Panoramique. Barcelone. Beige \/ rouge."},"content":{"rendered":"<p>Nous vous pr\u00e9sentons ce charmant mug en c\u00e9ramique avec un design panoramique de Barcelone, le souvenir id\u00e9al pour ceux qui souhaitent emporter un petit morceau de cette ville vibrante. D\u00e9cor\u00e9 dans des tons beige et rouge, ce mug n&rsquo;est pas seulement un ustensile fonctionnel, mais une \u0153uvre d&rsquo;art qui capture l&rsquo;essence de la c\u00e9l\u00e8bre architecture barcelonaise. L&rsquo;illustration color\u00e9e englobe des \u00e9l\u00e9ments iconiques, tels que les mosa\u00efques du Park G\u00fcell et l&rsquo;impressionnante Sagrada Familia, montrant la fusion parfaite entre tradition et modernit\u00e9 qui caract\u00e9rise la ville.<\/p>\n<p>Chaque mug semble \u00eatre peint \u00e0 la main, ce qui garantit que chaque pi\u00e8ce est unique et refl\u00e8te le talent des artisans locaux. La cuill\u00e8re rouge qui l&rsquo;accompagne ajoute une touche amusante et pratique, en faisant le compl\u00e9ment parfait pour savourer votre caf\u00e9 ou th\u00e9. Ce produit est un excellent choix pour les touristes \u00e0 la recherche de souvenirs authentiques repr\u00e9sentant la riche culture de Barcelone.<\/p>\n<p>Chez Ol\u00e9 Mosaic, nous distribuons des souvenirs en c\u00e9ramique en gros, parfaits pour les boutiques de cadeaux touristiques souhaitant proposer des articles uniques et significatifs. Ce mug de Barcelone n&rsquo;est pas seulement un attrait visuel, mais aussi une connexion \u00e9motionnelle avec la ville, ce qui en fait un cadeau m\u00e9morable et repr\u00e9sentatif de l&rsquo;h\u00e9ritage culturel espagnol.<\/p>\n","protected":false},"excerpt":{"rendered":"<p>Mug en c\u00e9ramique avec design panoramique de Barcelone dans les tons beige et rouge, accompagn\u00e9 d&rsquo;une cuill\u00e8re. Cet article se distingue par son illustration color\u00e9e repr\u00e9sentant la c\u00e9l\u00e8bre architecture de la ville, incluant des mosa\u00efques et des \u00e9l\u00e9ments iconiques comme la Sagrada Familia. Peint avec un style artisanal, le mug apporte une touche artistique et culturelle \u00e0 tout caf\u00e9 ou th\u00e9, en faisant un souvenir id\u00e9al pour les amoureux de Barcelone.<\/p>\n","protected":false},"featured_media":9202,"template":"","meta":{"_acf_changed":false},"product_brand":[],"product_cat":[822],"product_tag":[585],"class_list":{"0":"post-34828","1":"product","2":"type-product","3":"status-publish","4":"has-post-thumbnail","6":"product_cat-mugs-fr","7":"product_tag-ceramique","8":"pa_ciudad-barcelona","9":"pa_motivo-panoramas","10":"pa_pais-espana","12":"first","13":"instock","14":"shipping-taxable","15":"product-type-simple"},"acf":[],"_links":{"self":[{"href":"https:\/\/olemosaic.com\/fr\/wp-json\/wp\/v2\/product\/34828","targetHints":{"allow":["GET"]}}],"collection":[{"href":"https:\/\/olemosaic.com\/fr\/wp-json\/wp\/v2\/product"}],"about":[{"href":"https:\/\/olemosaic.com\/fr\/wp-json\/wp\/v2\/types\/product"}],"wp:featuredmedia":[{"embeddable":true,"href":"https:\/\/olemosaic.com\/fr\/wp-json\/wp\/v2\/media\/9202"}],"wp:attachment":[{"href":"https:\/\/olemosaic.com\/fr\/wp-json\/wp\/v2\/media?parent=34828"}],"wp:term":[{"taxonomy":"product_brand","embeddable":true,"href":"https:\/\/olemosaic.com\/fr\/wp-json\/wp\/v2\/product_brand?post=34828"},{"taxonomy":"product_cat","embeddable":true,"href":"https:\/\/olemosaic.com\/fr\/wp-json\/wp\/v2\/product_cat?post=34828"},{"taxonomy":"product_tag","embeddable":true,"href":"https:\/\/olemosaic.com\/fr\/wp-json\/wp\/v2\/product_tag?post=34828"}],"curies":[{"name":"wp","href":"https:\/\/api.w.org\/{rel}","templated":true}]}}