{"id":34826,"date":"2025-02-20T23:36:40","date_gmt":"2025-02-20T22:36:40","guid":{"rendered":"http:\/\/olemosaic.com\/producto\/vaso-de-chupito-de-ceramica-lisboa-blanco\/"},"modified":"2025-07-25T19:21:06","modified_gmt":"2025-07-25T17:21:06","slug":"verre-a-shot-en-ceramique-lisbonne-blanc","status":"publish","type":"product","link":"https:\/\/olemosaic.com\/fr\/produit\/verre-a-shot-en-ceramique-lisbonne-blanc\/","title":{"rendered":"Verre \u00e0 shot en c\u00e9ramique. Lisbonne. Blanc."},"content":{"rendered":"<p>Nous vous pr\u00e9sentons le verre \u00e0 shot en c\u00e9ramique avec un design vibrant qui \u00e9voque la beaut\u00e9 de Lisbonne. Ce verre attrayant, avec une base blanche et un int\u00e9rieur d&rsquo;un orange joyeux, arbore des illustrations \u00e0 effet peint \u00e0 la main qui mettent en valeur les b\u00e2timents les plus embl\u00e9matiques de la ville, dans des tons captivants de rouge, jaune et bleu. Chaque verre montre \u00e9galement le c\u00e9l\u00e8bre tramway jaune, une ic\u00f4ne du transport lisbo\u00e8te, qui serpente \u00e0 travers les collines pav\u00e9es de la ville. Sur la face avant, le nom \u00ab\u00a0Lisboa\u00a0\u00bb est pr\u00e9sent\u00e9 avec des lettres \u00e9l\u00e9gantes, capturant parfaitement l&rsquo;essence et le charme de cette capitale portugaise embl\u00e9matique.<\/p>\n<p>Ce verre \u00e0 shot n&rsquo;est pas seulement id\u00e9al pour prendre un verre, il fonctionne aussi comme un souvenir authentique qui vous transporte dans la riche culture de Lisbonne. Parfait pour les touristes \u00e0 la recherche d&rsquo;un souvenir significatif de leur voyage, ce verre refl\u00e8te l&rsquo;esprit vibrant de la ville et son architecture unique. Chez Ol\u00e9 Mosaic, en tant que grossiste de souvenirs en c\u00e9ramique, nous garantissons la qualit\u00e9 et l&rsquo;authenticit\u00e9 de chaque produit, offrant \u00e0 vos clients une option impressionnante et repr\u00e9sentative de la beaut\u00e9 de Lisbonne. Sans aucun doute, ce verre \u00e0 shot est un excellent choix pour les boutiques de cadeaux touristiques souhaitant proposer des produits authentiques et de haute qualit\u00e9.<\/p>\n","protected":false},"excerpt":{"rendered":"<p>Verre \u00e0 shot en c\u00e9ramique avec un design vibrant repr\u00e9sentant les collines color\u00e9es de Lisbonne. Ce verre, avec une base blanche et un int\u00e9rieur orange, est orn\u00e9 d&rsquo;illustrations \u00e0 effet peint \u00e0 la main mettant en valeur les b\u00e2timents caract\u00e9ristiques dans des tons rouges, jaunes et bleus, ainsi que le c\u00e9l\u00e8bre tramway jaune de la ville. De plus, il arbore le nom \u00ab\u00a0Lisboa\u00a0\u00bb en lettres \u00e9l\u00e9gantes, capturant l&rsquo;essence et le charme de cette ville portugaise embl\u00e9matique. Parfait pour savourer un shot ou comme souvenir.<\/p>\n","protected":false},"featured_media":9909,"template":"","meta":{"_acf_changed":false},"product_brand":[],"product_cat":[814],"product_tag":[585],"class_list":{"0":"post-34826","1":"product","2":"type-product","3":"status-publish","4":"has-post-thumbnail","6":"product_cat-verres-a-shot","7":"product_tag-ceramique","8":"pa_ciudad-lisboa","9":"pa_pais-portugal","11":"first","12":"instock","13":"shipping-taxable","14":"product-type-simple"},"acf":[],"_links":{"self":[{"href":"https:\/\/olemosaic.com\/fr\/wp-json\/wp\/v2\/product\/34826","targetHints":{"allow":["GET"]}}],"collection":[{"href":"https:\/\/olemosaic.com\/fr\/wp-json\/wp\/v2\/product"}],"about":[{"href":"https:\/\/olemosaic.com\/fr\/wp-json\/wp\/v2\/types\/product"}],"wp:featuredmedia":[{"embeddable":true,"href":"https:\/\/olemosaic.com\/fr\/wp-json\/wp\/v2\/media\/9909"}],"wp:attachment":[{"href":"https:\/\/olemosaic.com\/fr\/wp-json\/wp\/v2\/media?parent=34826"}],"wp:term":[{"taxonomy":"product_brand","embeddable":true,"href":"https:\/\/olemosaic.com\/fr\/wp-json\/wp\/v2\/product_brand?post=34826"},{"taxonomy":"product_cat","embeddable":true,"href":"https:\/\/olemosaic.com\/fr\/wp-json\/wp\/v2\/product_cat?post=34826"},{"taxonomy":"product_tag","embeddable":true,"href":"https:\/\/olemosaic.com\/fr\/wp-json\/wp\/v2\/product_tag?post=34826"}],"curies":[{"name":"wp","href":"https:\/\/api.w.org\/{rel}","templated":true}]}}