{"id":34816,"date":"2025-02-20T23:36:40","date_gmt":"2025-02-20T22:36:40","guid":{"rendered":"http:\/\/olemosaic.com\/producto\/bol-de-coco-rojo-delfin-4\/"},"modified":"2025-07-25T20:07:39","modified_gmt":"2025-07-25T18:07:39","slug":"bol-en-noix-de-coco-rouge-dauphin","status":"publish","type":"product","link":"https:\/\/olemosaic.com\/fr\/produit\/bol-en-noix-de-coco-rouge-dauphin\/","title":{"rendered":"Bol en noix de coco rouge. Dauphin. D\u00e9coration en ovales rouges."},"content":{"rendered":"<p>Nous pr\u00e9sentons l&rsquo;exquis bol en noix de coco rouge avec un design de dauphin, une authentique pi\u00e8ce artisanale qui se distingue par sa singularit\u00e9 et sa beaut\u00e9. Fabriqu\u00e9 \u00e0 partir de coques de noix de coco recycl\u00e9es, ce bol poss\u00e8de une finition int\u00e9rieure lisse et brillante qui contraste \u00e9l\u00e9gamment avec le design ext\u00e9rieur vibrant. Au centre, un dauphin grav\u00e9 avec ma\u00eetrise capte l&rsquo;attention, symbolisant la connexion avec la vie marine qui caract\u00e9rise les r\u00e9gions c\u00f4ti\u00e8res de l&rsquo;Espagne. Entourant le dauphin, une d\u00e9coration d&rsquo;ovales dans les tons rouges apporte une touche chaleureuse et exotique, faisant de ce bol non seulement un objet fonctionnel, mais aussi un \u00e9l\u00e9ment d\u00e9coratif attrayant.<\/p>\n<p>Ce bol est plus qu&rsquo;un simple objet ; son design \u00e9voque l&rsquo;essence de la mer M\u00e9diterran\u00e9e et sa biodiversit\u00e9, devenant un souvenir id\u00e9al pour ceux qui cherchent \u00e0 ramener un petit morceau de culture et de nature chez eux. Ce souvenir n&rsquo;est pas seulement repr\u00e9sentatif de l&rsquo;art local, il favorise \u00e9galement la sensibilisation \u00e0 la durabilit\u00e9 en utilisant des mat\u00e9riaux recycl\u00e9s.<\/p>\n<p>Depuis Ol\u00e9 Mosaic, votre distributeur de souvenirs en gros, nous garantissons l&rsquo;authenticit\u00e9 et la qualit\u00e9 de chaque pi\u00e8ce. Ce bol en noix de coco rouge est une excellente option pour les boutiques de cadeaux touristiques cherchant \u00e0 proposer des produits uniques et culturels, qui r\u00e9sonneront sans aucun doute aupr\u00e8s des touristes admiratifs de la beaut\u00e9 naturelle et de l&rsquo;artisanat local.<\/p>\n","protected":false},"excerpt":{"rendered":"<p>Bol en noix de coco rouge avec design de dauphin, une pi\u00e8ce artisanale qui se distingue par sa beaut\u00e9 et son originalit\u00e9. Fabriqu\u00e9 \u00e0 partir de coque de noix de coco, le bol pr\u00e9sente une finition int\u00e9rieure lisse avec un \u00e9l\u00e9gant dauphin grav\u00e9 au centre, entour\u00e9 d&rsquo;une d\u00e9coration d&rsquo;ovales dans les tons rouges. Ce m\u00e9lange frappant de couleurs et de textures en fait un objet d\u00e9coratif attrayant qui \u00e9voque la vie marine, id\u00e9al pour donner une touche exotique \u00e0 n&rsquo;importe quel foyer.<\/p>\n","protected":false},"featured_media":11842,"template":"","meta":{"_acf_changed":false},"product_brand":[],"product_cat":[521],"product_tag":[530],"class_list":{"0":"post-34816","1":"product","2":"type-product","3":"status-publish","4":"has-post-thumbnail","6":"product_cat-bols","7":"product_tag-animaux","8":"pa_motivo-dauphins","10":"first","11":"instock","12":"shipping-taxable","13":"product-type-simple"},"acf":[],"_links":{"self":[{"href":"https:\/\/olemosaic.com\/fr\/wp-json\/wp\/v2\/product\/34816","targetHints":{"allow":["GET"]}}],"collection":[{"href":"https:\/\/olemosaic.com\/fr\/wp-json\/wp\/v2\/product"}],"about":[{"href":"https:\/\/olemosaic.com\/fr\/wp-json\/wp\/v2\/types\/product"}],"wp:featuredmedia":[{"embeddable":true,"href":"https:\/\/olemosaic.com\/fr\/wp-json\/wp\/v2\/media\/11842"}],"wp:attachment":[{"href":"https:\/\/olemosaic.com\/fr\/wp-json\/wp\/v2\/media?parent=34816"}],"wp:term":[{"taxonomy":"product_brand","embeddable":true,"href":"https:\/\/olemosaic.com\/fr\/wp-json\/wp\/v2\/product_brand?post=34816"},{"taxonomy":"product_cat","embeddable":true,"href":"https:\/\/olemosaic.com\/fr\/wp-json\/wp\/v2\/product_cat?post=34816"},{"taxonomy":"product_tag","embeddable":true,"href":"https:\/\/olemosaic.com\/fr\/wp-json\/wp\/v2\/product_tag?post=34816"}],"curies":[{"name":"wp","href":"https:\/\/api.w.org\/{rel}","templated":true}]}}