{"id":34814,"date":"2025-02-20T23:36:39","date_gmt":"2025-02-20T22:36:39","guid":{"rendered":"http:\/\/olemosaic.com\/producto\/cortador-de-ceramica-toros\/"},"modified":"2025-07-25T18:41:56","modified_gmt":"2025-07-25T16:41:56","slug":"coupe-pizza-en-ceramique-taureaux","status":"publish","type":"product","link":"https:\/\/olemosaic.com\/fr\/produit\/coupe-pizza-en-ceramique-taureaux\/","title":{"rendered":"Coupe-pizza en c\u00e9ramique. Taureaux."},"content":{"rendered":"<p>Nous vous pr\u00e9sentons le coupe-pizza en c\u00e9ramique d\u00e9cor\u00e9 d&rsquo;un design vibrant de taureaux, une pi\u00e8ce qui capture la riche culture espagnole dans chaque d\u00e9tail. Ce coupeur est un objet fonctionnel et artistique, id\u00e9al pour les amateurs de gastronomie \u00e0 la recherche d&rsquo;un produit alliant esth\u00e9tique et utilit\u00e9. Sur sa surface, on peut observer deux taureaux, l&rsquo;un rouge et l&rsquo;autre bleu, chacun con\u00e7u dans un style mosa\u00efque qui refl\u00e8te l&rsquo;essence du folklore espagnol. Les taureaux, symboles de la tradition ib\u00e9rique, sont entour\u00e9s de fleurs et d&rsquo;un fond baign\u00e9 par un soleil radieux, ajoutant une touche joyeuse et chaleureuse \u00e0 la composition g\u00e9n\u00e9rale.<\/p>\n<p>La c\u00e9ramique semble \u00eatre peinte \u00e0 la main, ce qui conf\u00e8re \u00e0 chaque coupeur sa propre personnalit\u00e9 et une touche artisanale qui souligne son authenticit\u00e9. Cet exquis souvenir n&rsquo;est pas seulement parfait comme ustensile de cuisine, mais il repr\u00e9sente \u00e9galement un excellent souvenir des traditions culinaires et culturales de l&rsquo;Espagne, id\u00e9al pour les touristes souhaitant emporter un morceau de l&rsquo;h\u00e9ritage espagnol.<\/p>\n<p>Chez Ol\u00e9 Mosaic, nous nous sp\u00e9cialisons dans la distribution de souvenirs en gros, offrant des produits authentiques comme ce coupe-pizza en c\u00e9ramique. C&rsquo;est une option exceptionnelle pour les boutiques de cadeaux touristiques \u00e0 la recherche d&rsquo;articles de qualit\u00e9 avec une profonde valeur culturelle. Chaque pi\u00e8ce est un hommage \u00e0 la tradition c\u00e9ramique espagnole, devenant un article indispensable pour ceux qui recherchent des souvenirs repr\u00e9sentatifs de leur voyage.<\/p>\n","protected":false},"excerpt":{"rendered":"<p>Coupe-pizza en c\u00e9ramique d\u00e9cor\u00e9 d&rsquo;un design vibrant de taureaux, repr\u00e9sentant la riche culture espagnole. Cet article pr\u00e9sente deux taureaux en rouge et bleu, avec un style mosa\u00efque qui capture l&rsquo;essence du folklore espagnol. Entour\u00e9 de fleurs et sur un fond illumin\u00e9 par un soleil radieux, chaque d\u00e9tail est de conception artisanale, peint \u00e0 la main, apportant une touche artistique unique. Id\u00e9al pour les amateurs de gastronomie et de tradition.<\/p>\n","protected":false},"featured_media":8987,"template":"","meta":{"_acf_changed":false},"product_brand":[],"product_cat":[832],"product_tag":[530,585],"class_list":{"0":"post-34814","1":"product","2":"type-product","3":"status-publish","4":"has-post-thumbnail","6":"product_cat-emporte-pieces","7":"product_tag-animaux","8":"product_tag-ceramique","9":"pa_motivo-taureaux","11":"first","12":"instock","13":"shipping-taxable","14":"product-type-simple"},"acf":[],"_links":{"self":[{"href":"https:\/\/olemosaic.com\/fr\/wp-json\/wp\/v2\/product\/34814","targetHints":{"allow":["GET"]}}],"collection":[{"href":"https:\/\/olemosaic.com\/fr\/wp-json\/wp\/v2\/product"}],"about":[{"href":"https:\/\/olemosaic.com\/fr\/wp-json\/wp\/v2\/types\/product"}],"wp:featuredmedia":[{"embeddable":true,"href":"https:\/\/olemosaic.com\/fr\/wp-json\/wp\/v2\/media\/8987"}],"wp:attachment":[{"href":"https:\/\/olemosaic.com\/fr\/wp-json\/wp\/v2\/media?parent=34814"}],"wp:term":[{"taxonomy":"product_brand","embeddable":true,"href":"https:\/\/olemosaic.com\/fr\/wp-json\/wp\/v2\/product_brand?post=34814"},{"taxonomy":"product_cat","embeddable":true,"href":"https:\/\/olemosaic.com\/fr\/wp-json\/wp\/v2\/product_cat?post=34814"},{"taxonomy":"product_tag","embeddable":true,"href":"https:\/\/olemosaic.com\/fr\/wp-json\/wp\/v2\/product_tag?post=34814"}],"curies":[{"name":"wp","href":"https:\/\/api.w.org\/{rel}","templated":true}]}}