{"id":34810,"date":"2025-02-20T23:36:39","date_gmt":"2025-02-20T22:36:39","guid":{"rendered":"http:\/\/olemosaic.com\/producto\/posavasos-de-ceramica-mariposa-mallorca-2\/"},"modified":"2025-07-25T20:19:51","modified_gmt":"2025-07-25T18:19:51","slug":"dessous-de-verre-en-ceramique-papillon-majorque-2","status":"publish","type":"product","link":"https:\/\/olemosaic.com\/fr\/produit\/dessous-de-verre-en-ceramique-papillon-majorque-2\/","title":{"rendered":"Dessous de verre en c\u00e9ramique. Papillon. \u00cele. Majorque."},"content":{"rendered":"<p>Dessous de verre en c\u00e9ramique d\u00e9cor\u00e9s de papillons vibrants, inspir\u00e9s par la beaut\u00e9 de Majorque, ils sont un v\u00e9ritable joyau de l&rsquo;art traditionnel des Bal\u00e9ares. Chaque dessous de verre est une pi\u00e8ce \u00e0 effet peint \u00e0 la main qui affiche un design joyeux et color\u00e9, mettant en avant des papillons dans des tons de rouge, bleu et jaune, \u00e9l\u00e9gamment dispos\u00e9s parmi des fleurs sur un fond de mosa\u00efque dans des tons gris. Cette repr\u00e9sentation refl\u00e8te la riche flore et faune m\u00e9diterran\u00e9ennes, \u00e9voquant la fra\u00eecheur et la joie de l&rsquo;environnement insulaire.<\/p>\n<p>La c\u00e9ramique, \u00e9l\u00e9ment embl\u00e9matique de la culture majorquine, se combine avec une illustration qui capte l&rsquo;essence de l&rsquo;\u00e9t\u00e9 sur l&rsquo;\u00eele, transformant chaque dessous de verre en un souvenir unique et significatif de Majorque. Son design vibrant est non seulement fonctionnel, mais ajoute \u00e9galement une touche d\u00e9corative \u00e0 n&rsquo;importe quelle table, parfait pour ceux qui appr\u00e9cient l&rsquo;esth\u00e9tique et l&rsquo;art local.<\/p>\n<p>Chez Ol\u00e9 Mosaic, en tant que distributeurs de souvenirs en c\u00e9ramique en gros, nous proposons des produits qui c\u00e9l\u00e8brent l&rsquo;authenticit\u00e9 culturelle et la tradition de Majorque. Ces dessous de verre sont une excellente option pour les boutiques de cadeaux touristiques, id\u00e9aux pour les touristes \u00e0 la recherche de souvenirs repr\u00e9sentatifs qui encapsulent l&rsquo;essence de leur voyage.<\/p>\n","protected":false},"excerpt":{"rendered":"<p>Dessous de verre en c\u00e9ramique d\u00e9cor\u00e9 de papillons vibrants, inspir\u00e9 par la beaut\u00e9 de Majorque. Ce produit pr\u00e9sente un design joyeux, avec des papillons dans des tons de rouge, bleu et jaune, entour\u00e9s de fleurs color\u00e9es sur un fond de mosa\u00efque dans des tons gris. La pi\u00e8ce, au design artisanal peint \u00e0 la main, se distingue par son style frais et color\u00e9, parfait pour ajouter une touche m\u00e9diterran\u00e9enne \u00e0 n&rsquo;importe quelle table. Id\u00e9al pour les amateurs d&rsquo;art et de culture majorquine.<\/p>\n","protected":false},"featured_media":8962,"template":"","meta":{"_acf_changed":false},"product_brand":[],"product_cat":[812],"product_tag":[530,585],"class_list":{"0":"post-34810","1":"product","2":"type-product","3":"status-publish","4":"has-post-thumbnail","6":"product_cat-sous-verres","7":"product_tag-animaux","8":"product_tag-ceramique","9":"pa_ciudad-mallorca","10":"pa_motivo-papillons","11":"pa_pais-espana","13":"first","14":"instock","15":"shipping-taxable","16":"product-type-simple"},"acf":[],"_links":{"self":[{"href":"https:\/\/olemosaic.com\/fr\/wp-json\/wp\/v2\/product\/34810","targetHints":{"allow":["GET"]}}],"collection":[{"href":"https:\/\/olemosaic.com\/fr\/wp-json\/wp\/v2\/product"}],"about":[{"href":"https:\/\/olemosaic.com\/fr\/wp-json\/wp\/v2\/types\/product"}],"wp:featuredmedia":[{"embeddable":true,"href":"https:\/\/olemosaic.com\/fr\/wp-json\/wp\/v2\/media\/8962"}],"wp:attachment":[{"href":"https:\/\/olemosaic.com\/fr\/wp-json\/wp\/v2\/media?parent=34810"}],"wp:term":[{"taxonomy":"product_brand","embeddable":true,"href":"https:\/\/olemosaic.com\/fr\/wp-json\/wp\/v2\/product_brand?post=34810"},{"taxonomy":"product_cat","embeddable":true,"href":"https:\/\/olemosaic.com\/fr\/wp-json\/wp\/v2\/product_cat?post=34810"},{"taxonomy":"product_tag","embeddable":true,"href":"https:\/\/olemosaic.com\/fr\/wp-json\/wp\/v2\/product_tag?post=34810"}],"curies":[{"name":"wp","href":"https:\/\/api.w.org\/{rel}","templated":true}]}}