{"id":34803,"date":"2025-02-20T23:36:38","date_gmt":"2025-02-20T22:36:38","guid":{"rendered":"http:\/\/olemosaic.com\/producto\/portavelas-de-ceramica-madrid-blanco\/"},"modified":"2025-07-25T18:38:19","modified_gmt":"2025-07-25T16:38:19","slug":"photophore-en-ceramique-madrid-blanc","status":"publish","type":"product","link":"https:\/\/olemosaic.com\/fr\/produit\/photophore-en-ceramique-madrid-blanc\/","title":{"rendered":"Photophore en c\u00e9ramique. Madrid. Blanc."},"content":{"rendered":"<p>Photophore en c\u00e9ramique au design carr\u00e9 de Madrid<\/p>\n<p>Ce photophore en c\u00e9ramique est un v\u00e9ritable bijou d\u00e9coratif qui capture l&rsquo;essence vibrante de Madrid. Avec son \u00e9l\u00e9gante forme carr\u00e9e et ses tonalit\u00e9s blanches, il est non seulement fonctionnel, mais aussi une d\u00e9claration de style qui apporte une touche unique \u00e0 n&rsquo;importe quel espace. Orn\u00e9 de dessins color\u00e9s repr\u00e9sentant des monuments embl\u00e9matiques de la ville, comme l&rsquo;iconique Porte d&rsquo;Alcal\u00e1 et la majestueuse Place de Cibeles, cet article se distingue par son illustration \u00e0 l&rsquo;effet peint \u00e0 la main, qui refl\u00e8te la richesse culturelle et architecturale de la capitale espagnole.<\/p>\n<p>Le mot \u00ab\u00a0Madrid\u00a0\u00bb est \u00e9crit dans un style frappant, s&rsquo;int\u00e9grant harmonieusement aux couleurs vibrantes des monuments qui l&rsquo;entourent. Les illustrations, riches en d\u00e9tails, transmettent le dynamisme de la ville et sont un rappel constant du patrimoine historique qu&rsquo;elle abrite. Ce photophore n&rsquo;est pas seulement un souvenir parfait de Madrid, mais aussi un \u00e9l\u00e9ment d\u00e9coratif qui connecte les visiteurs \u00e0 la culture locale et \u00e0 son esprit.<\/p>\n<p>Chez Ol\u00e9 Mosaic, nous nous sp\u00e9cialisons dans la distribution de souvenirs en gros, offrant des produits qui c\u00e9l\u00e8brent l&rsquo;authenticit\u00e9 et la beaut\u00e9 de l&rsquo;Espagne. Ce photophore de Madrid est une excellente option pour les boutiques de cadeaux touristiques \u00e0 la recherche d&rsquo;articles uniques et repr\u00e9sentatifs, combinant esth\u00e9tique et fonctionnalit\u00e9 dans une pi\u00e8ce qui ravira tous ceux qui souhaitent emporter un fragment de la capitale madril\u00e8ne.<\/p>\n","protected":false},"excerpt":{"rendered":"<p>Photophore en c\u00e9ramique au design carr\u00e9, orn\u00e9 de dessins color\u00e9s repr\u00e9sentatifs de Madrid. Cet \u00e9l\u00e9gant photophore, dans les tons blancs, se distingue par ses illustrations de monuments iconiques tels que la Porte d&rsquo;Alcal\u00e1 et l&#8217;embl\u00e9matique place de Cibeles, capturant l&rsquo;essence de la ville. Peint avec un style artisanal aux d\u00e9tails vibrants, il inclut le mot \u00ab\u00a0Madrid\u00a0\u00bb dans un style frappant, devenant une pi\u00e8ce d\u00e9corative et fonctionnelle, id\u00e9ale pour donner une touche madril\u00e8ne \u00e0 n&rsquo;importe quel espace.<\/p>\n","protected":false},"featured_media":9958,"template":"","meta":{"_acf_changed":false},"product_brand":[],"product_cat":[809],"product_tag":[585],"class_list":{"0":"post-34803","1":"product","2":"type-product","3":"status-publish","4":"has-post-thumbnail","6":"product_cat-photophores","7":"product_tag-ceramique","8":"pa_ciudad-madrid","9":"pa_pais-espana","11":"first","12":"instock","13":"shipping-taxable","14":"product-type-simple"},"acf":[],"_links":{"self":[{"href":"https:\/\/olemosaic.com\/fr\/wp-json\/wp\/v2\/product\/34803","targetHints":{"allow":["GET"]}}],"collection":[{"href":"https:\/\/olemosaic.com\/fr\/wp-json\/wp\/v2\/product"}],"about":[{"href":"https:\/\/olemosaic.com\/fr\/wp-json\/wp\/v2\/types\/product"}],"wp:featuredmedia":[{"embeddable":true,"href":"https:\/\/olemosaic.com\/fr\/wp-json\/wp\/v2\/media\/9958"}],"wp:attachment":[{"href":"https:\/\/olemosaic.com\/fr\/wp-json\/wp\/v2\/media?parent=34803"}],"wp:term":[{"taxonomy":"product_brand","embeddable":true,"href":"https:\/\/olemosaic.com\/fr\/wp-json\/wp\/v2\/product_brand?post=34803"},{"taxonomy":"product_cat","embeddable":true,"href":"https:\/\/olemosaic.com\/fr\/wp-json\/wp\/v2\/product_cat?post=34803"},{"taxonomy":"product_tag","embeddable":true,"href":"https:\/\/olemosaic.com\/fr\/wp-json\/wp\/v2\/product_tag?post=34803"}],"curies":[{"name":"wp","href":"https:\/\/api.w.org\/{rel}","templated":true}]}}