{"id":34801,"date":"2025-02-20T23:36:38","date_gmt":"2025-02-20T22:36:38","guid":{"rendered":"http:\/\/olemosaic.com\/producto\/plato-de-ceramica-de-11-cm-toro-beige\/"},"modified":"2025-07-25T19:16:19","modified_gmt":"2025-07-25T17:16:19","slug":"assiette-en-ceramique-de-11-cm-taureau-beige","status":"publish","type":"product","link":"https:\/\/olemosaic.com\/fr\/produit\/assiette-en-ceramique-de-11-cm-taureau-beige\/","title":{"rendered":"Assiette en c\u00e9ramique de 11 cm. Taureau. Beige."},"content":{"rendered":"<p>Assiette d\u00e9corative en c\u00e9ramique avec un design vibrant de taureau, une ic\u00f4ne culturelle de l&rsquo;Espagne. Cette magnifique assiette, de 11 cm de diam\u00e8tre, pr\u00e9sente un design color\u00e9 dans une mosa\u00efque captivante qui combine des tons rouges, verts et bleus, encadr\u00e9e par un contour orange et d\u00e9cor\u00e9e de fleurs d\u00e9licates qui lui apportent une touche \u00e9l\u00e9gante. Le taureau, symbole de la robustesse de la culture espagnole, se dresse au centre de l&rsquo;assiette, avec des traits d\u00e9finis qui soulignent sa majest\u00e9, un \u00e9l\u00e9ment qui r\u00e9sonne avec la tradition taurine et le folklore de diverses r\u00e9gions d&rsquo;Espagne.<\/p>\n<p>Chaque assiette est peinte \u00e0 la main, ce qui garantit que chaque pi\u00e8ce n&rsquo;est pas un simple objet, mais un authentique souvenir \u00e9voquant le riche h\u00e9ritage culturel de l&rsquo;Espagne. Le mot \u00ab\u00a0ESPA\u00d1A\u00a0\u00bb, inscrit sur un c\u00f4t\u00e9, souligne sa fonction de souvenir authentique. Sa forme l\u00e9g\u00e8rement incurv\u00e9e est non seulement visuellement attrayante, mais offre \u00e9galement une fonctionnalit\u00e9, id\u00e9ale aussi bien pour l&rsquo;exposition que pour servir des ap\u00e9ritifs, ce qui en fait un article d\u00e9coratif et utilitaire pr\u00e9cieux.<\/p>\n<p>Chez Ol\u00e9 Mosaic, nous sommes fiers d&rsquo;offrir des souvenirs authentiques de haute qualit\u00e9, comme cette assiette en c\u00e9ramique, parfaite pour les boutiques de cadeaux touristiques cherchant \u00e0 capturer l&rsquo;essence de l&rsquo;Espagne. Cette assiette est une excellente option pour les touristes qui souhaitent ramener chez eux un morceau de la culture espagnole et profiter d&rsquo;un souvenir durable et significatif.<\/p>\n","protected":false},"excerpt":{"rendered":"<p>Assiette en c\u00e9ramique de 11 cm avec un design vibrant d&rsquo;un taureau, symbole iconique de l&rsquo;Espagne. Cette assiette, marqu\u00e9e du mot \u00ab ESPA\u00d1A \u00bb, pr\u00e9sente une mosa\u00efque color\u00e9e dans des tons rouge, vert et bleu, rehauss\u00e9e par un contour orange et d\u00e9cor\u00e9e d&rsquo;\u00e9l\u00e9ments floraux. Sa forme l\u00e9g\u00e8rement incurv\u00e9e et les d\u00e9tails artistiques peints \u00e0 la main en font un souvenir attrayant qui capture l&rsquo;essence du folklore espagnol, parfait pour l&rsquo;exposition ou comme pi\u00e8ce d\u00e9corative.<\/p>\n","protected":false},"featured_media":7197,"template":"","meta":{"_acf_changed":false},"product_brand":[],"product_cat":[656],"product_tag":[530,585],"class_list":{"0":"post-34801","1":"product","2":"type-product","3":"status-publish","4":"has-post-thumbnail","6":"product_cat-assiettes-decoratives","7":"product_tag-animaux","8":"product_tag-ceramique","9":"pa_motivo-taureaux","11":"first","12":"instock","13":"shipping-taxable","14":"product-type-simple"},"acf":[],"_links":{"self":[{"href":"https:\/\/olemosaic.com\/fr\/wp-json\/wp\/v2\/product\/34801","targetHints":{"allow":["GET"]}}],"collection":[{"href":"https:\/\/olemosaic.com\/fr\/wp-json\/wp\/v2\/product"}],"about":[{"href":"https:\/\/olemosaic.com\/fr\/wp-json\/wp\/v2\/types\/product"}],"wp:featuredmedia":[{"embeddable":true,"href":"https:\/\/olemosaic.com\/fr\/wp-json\/wp\/v2\/media\/7197"}],"wp:attachment":[{"href":"https:\/\/olemosaic.com\/fr\/wp-json\/wp\/v2\/media?parent=34801"}],"wp:term":[{"taxonomy":"product_brand","embeddable":true,"href":"https:\/\/olemosaic.com\/fr\/wp-json\/wp\/v2\/product_brand?post=34801"},{"taxonomy":"product_cat","embeddable":true,"href":"https:\/\/olemosaic.com\/fr\/wp-json\/wp\/v2\/product_cat?post=34801"},{"taxonomy":"product_tag","embeddable":true,"href":"https:\/\/olemosaic.com\/fr\/wp-json\/wp\/v2\/product_tag?post=34801"}],"curies":[{"name":"wp","href":"https:\/\/api.w.org\/{rel}","templated":true}]}}