{"id":34799,"date":"2025-02-20T22:36:37","date_gmt":"2025-02-20T22:36:37","guid":{"rendered":"http:\/\/olemosaic.com\/producto\/plato-de-ceramica-de-15-cm-barcelona-blanco\/"},"modified":"2025-07-25T18:51:10","modified_gmt":"2025-07-25T16:51:10","slug":"assiette-en-ceramique-de-15-cm-barcelone-blanc","status":"publish","type":"product","link":"https:\/\/olemosaic.com\/fr\/produit\/assiette-en-ceramique-de-15-cm-barcelone-blanc\/","title":{"rendered":"Assiette en c\u00e9ramique de 15 cm. Barcelone. Blanc."},"content":{"rendered":"<p>Assiette en c\u00e9ramique d\u00e9cor\u00e9e des monuments embl\u00e9matiques de Barcelone. Cette attrayante assiette en c\u00e9ramique, de 15 cm de diam\u00e8tre, combine un fond blanc brillant qui rehausse les couleurs vibrantes de la Sagrada Familia et d&rsquo;autres \u00e9difices iconiques de la ville, repr\u00e9sent\u00e9s dans un style artistique \u00e9voquant la tradition de la mosa\u00efque catalane. L&rsquo;illustration capture l&rsquo;essence architecturale de la ville, avec son utilisation distinctive de la couleur et de la forme, en faisant un cadeau parfait. Au-dessus de cette sc\u00e8ne color\u00e9e, le nom \u00ab\u00a0Barcelone\u00a0\u00bb se d\u00e9tache avec des lettres au design artistique, ajoutant une touche de personnalit\u00e9 \u00e0 la pi\u00e8ce. Ce souvenir est id\u00e9al aussi bien pour d\u00e9corer que pour faire partie d&rsquo;une collection, servant de rappel de la riche histoire culturelle de Barcelone. Avec cette assiette, les touristes pourront emporter un morceau de la vie urbaine vibrante et de la cr\u00e9ativit\u00e9 qui caract\u00e9risent la capitale catalane. Chez Ol\u00e9 Mosaic, nous nous sp\u00e9cialisons dans la distribution de souvenirs en gros, garantissant que chaque produit, comme cette magnifique assiette en c\u00e9ramique, encapsule l&rsquo;authenticit\u00e9 et le charme de la culture espagnole. Cette assiette est une excellente option pour les boutiques de cadeaux touristiques cherchant \u00e0 offrir des souvenirs authentiques et repr\u00e9sentatifs de la ville.<\/p>\n","protected":false},"excerpt":{"rendered":"<p>Assiette en c\u00e9ramique de 15 cm d\u00e9cor\u00e9e d&rsquo;une illustration vibrante des monuments embl\u00e9matiques de Barcelone. La pi\u00e8ce, sur fond blanc, fait ressortir les couleurs \u00e9clatantes de la Sagrada Familia et d&rsquo;autres b\u00e2timents iconiques, dans un style artistique rappelant la mosa\u00efque. Avec le mot \u00ab\u00a0Barcelone\u00a0\u00bb en haut, cette assiette est un souvenir attrayant qui capture l&rsquo;essence culturelle et architecturale de la ville. Id\u00e9ale pour d\u00e9corer ou comme pi\u00e8ce de collection.<\/p>\n","protected":false},"featured_media":9506,"template":"","meta":{"_acf_changed":false},"product_brand":[],"product_cat":[656],"product_tag":[585],"class_list":{"0":"post-34799","1":"product","2":"type-product","3":"status-publish","4":"has-post-thumbnail","6":"product_cat-assiettes-decoratives","7":"product_tag-ceramique","8":"pa_ciudad-barcelona","9":"pa_pais-espana","11":"first","12":"instock","13":"shipping-taxable","14":"product-type-simple"},"acf":[],"_links":{"self":[{"href":"https:\/\/olemosaic.com\/fr\/wp-json\/wp\/v2\/product\/34799","targetHints":{"allow":["GET"]}}],"collection":[{"href":"https:\/\/olemosaic.com\/fr\/wp-json\/wp\/v2\/product"}],"about":[{"href":"https:\/\/olemosaic.com\/fr\/wp-json\/wp\/v2\/types\/product"}],"wp:featuredmedia":[{"embeddable":true,"href":"https:\/\/olemosaic.com\/fr\/wp-json\/wp\/v2\/media\/9506"}],"wp:attachment":[{"href":"https:\/\/olemosaic.com\/fr\/wp-json\/wp\/v2\/media?parent=34799"}],"wp:term":[{"taxonomy":"product_brand","embeddable":true,"href":"https:\/\/olemosaic.com\/fr\/wp-json\/wp\/v2\/product_brand?post=34799"},{"taxonomy":"product_cat","embeddable":true,"href":"https:\/\/olemosaic.com\/fr\/wp-json\/wp\/v2\/product_cat?post=34799"},{"taxonomy":"product_tag","embeddable":true,"href":"https:\/\/olemosaic.com\/fr\/wp-json\/wp\/v2\/product_tag?post=34799"}],"curies":[{"name":"wp","href":"https:\/\/api.w.org\/{rel}","templated":true}]}}