{"id":34783,"date":"2025-02-20T22:36:37","date_gmt":"2025-02-20T22:36:37","guid":{"rendered":"http:\/\/olemosaic.com\/producto\/plato-de-ceramica-de-10-cm-punt-de-trobada-barcelona-blanco\/"},"modified":"2025-07-25T19:23:18","modified_gmt":"2025-07-25T17:23:18","slug":"assiette-en-ceramique-de-10-cm-punt-de-trobada-barcelone-blanc","status":"publish","type":"product","link":"https:\/\/olemosaic.com\/fr\/produit\/assiette-en-ceramique-de-10-cm-punt-de-trobada-barcelone-blanc\/","title":{"rendered":"Assiette en c\u00e9ramique de 10 cm. Punt de trobada. Barcelone. Blanc."},"content":{"rendered":"<p>Assiette en c\u00e9ramique \u00ab\u00a0Punt de trobada\u00a0\u00bb de 10 cm d\u00e9cor\u00e9e, capturant l&rsquo;essence vibrante de Barcelone. Cette charmante assiette, avec ses tons blancs, bleus, rouges, jaunes et verts, pr\u00e9sente un design \u00e9voquant le style distinctif du modernisme catalan, caract\u00e9ris\u00e9 par ses formes abstraites et une esth\u00e9tique unique rappelant les \u0153uvres d&rsquo;artistes embl\u00e9matiques de la ville. La base blanche de l&rsquo;assiette fait ressortir les motifs complexes de mosa\u00efque qui d\u00e9corent sa surface, cr\u00e9ant un spectacle visuel attrayant tant pour les amateurs d&rsquo;art que pour les touristes \u00e0 la recherche d&rsquo;une repr\u00e9sentation authentique de la culture barcelonaise. L&rsquo;inscription \u00ab\u00a0Barcelona\u00a0\u00bb sur la partie inf\u00e9rieure r\u00e9affirme son identit\u00e9 en tant que souvenir repr\u00e9sentatif.<\/p>\n<p>Cette assiette en c\u00e9ramique n&rsquo;est pas seulement id\u00e9ale pour un usage d\u00e9coratif, mais elle peut \u00e9galement \u00eatre utilis\u00e9e comme petit support pour bijoux ou comme objet d&rsquo;exposition dans n&rsquo;importe quel foyer. C&rsquo;est le cadeau parfait pour ceux qui souhaitent emporter un petit morceau de l&rsquo;art et de la culture de Barcelone. Chez Ol\u00e9 Mosaic, nous sommes fiers de proposer des souvenirs authentiques qui c\u00e9l\u00e8brent la richesse culturelle de l&rsquo;Espagne, et cette assiette est une pi\u00e8ce remarquable qui ravira les acheteurs de souvenirs dans vos boutiques. En tant que distributeur de souvenirs en gros, nous garantissons la qualit\u00e9 et l&rsquo;authenticit\u00e9 de chaque produit, faisant de cette assiette une excellente option pour tout \u00e9tablissement d\u00e9di\u00e9 \u00e0 la vente de souvenirs touristiques.<\/p>\n","protected":false},"excerpt":{"rendered":"<p>Assiette en c\u00e9ramique de 10 cm d\u00e9cor\u00e9e avec le design \u00ab\u00a0Punt de trobada\u00a0\u00bb, repr\u00e9sentant l&rsquo;essence vibrante de Barcelone. Cette assiette, dans des tons blancs, bleus, rouges, jaunes et verts, pr\u00e9sente un style de mosa\u00efque avec des motifs abstraits \u00e9voquant les \u0153uvres du modernisme catalan. Avec le mot \u00ab\u00a0Barcelona\u00a0\u00bb imprim\u00e9 sur la partie inf\u00e9rieure, c&rsquo;est un souvenir id\u00e9al qui combine fonctionnalit\u00e9 et art, parfait pour collectionner ou offrir.<\/p>\n","protected":false},"featured_media":9144,"template":"","meta":{"_acf_changed":false},"product_brand":[],"product_cat":[656],"product_tag":[585],"class_list":{"0":"post-34783","1":"product","2":"type-product","3":"status-publish","4":"has-post-thumbnail","6":"product_cat-assiettes-decoratives","7":"product_tag-ceramique","8":"pa_ciudad-barcelona","9":"pa_motivo-punt-de-trobada","10":"pa_pais-espana","12":"first","13":"instock","14":"shipping-taxable","15":"product-type-simple"},"acf":[],"_links":{"self":[{"href":"https:\/\/olemosaic.com\/fr\/wp-json\/wp\/v2\/product\/34783","targetHints":{"allow":["GET"]}}],"collection":[{"href":"https:\/\/olemosaic.com\/fr\/wp-json\/wp\/v2\/product"}],"about":[{"href":"https:\/\/olemosaic.com\/fr\/wp-json\/wp\/v2\/types\/product"}],"wp:featuredmedia":[{"embeddable":true,"href":"https:\/\/olemosaic.com\/fr\/wp-json\/wp\/v2\/media\/9144"}],"wp:attachment":[{"href":"https:\/\/olemosaic.com\/fr\/wp-json\/wp\/v2\/media?parent=34783"}],"wp:term":[{"taxonomy":"product_brand","embeddable":true,"href":"https:\/\/olemosaic.com\/fr\/wp-json\/wp\/v2\/product_brand?post=34783"},{"taxonomy":"product_cat","embeddable":true,"href":"https:\/\/olemosaic.com\/fr\/wp-json\/wp\/v2\/product_cat?post=34783"},{"taxonomy":"product_tag","embeddable":true,"href":"https:\/\/olemosaic.com\/fr\/wp-json\/wp\/v2\/product_tag?post=34783"}],"curies":[{"name":"wp","href":"https:\/\/api.w.org\/{rel}","templated":true}]}}